{"id":17110,"date":"2019-03-09T09:03:14","date_gmt":"2019-03-09T09:03:14","guid":{"rendered":"https:\/\/raymedy.com\/uber-raymedy\/"},"modified":"2023-06-15T07:57:45","modified_gmt":"2023-06-15T07:57:45","slug":"uber-raymedy","status":"publish","type":"page","link":"https:\/\/raymedy.com\/de\/uber-raymedy\/","title":{"rendered":"\u00dcber Raymedy"},"content":{"rendered":"\t\t<div data-elementor-type=\"wp-page\" data-elementor-id=\"17110\" class=\"elementor elementor-17110 elementor-16818\" data-elementor-settings=\"{&quot;ha_cmc_init_switcher&quot;:&quot;no&quot;}\" data-elementor-post-type=\"page\">\n\t\t\t\t\t\t<section class=\"elementor-section elementor-top-section elementor-element elementor-element-e9286b0 elementor-section-boxed elementor-section-height-default elementor-section-height-default\" data-id=\"e9286b0\" data-element_type=\"section\" data-e-type=\"section\" data-settings=\"{&quot;_ha_eqh_enable&quot;:false}\">\n\t\t\t\t\t\t<div class=\"elementor-container elementor-column-gap-default\">\n\t\t\t\t\t<div class=\"elementor-column elementor-col-100 elementor-top-column elementor-element elementor-element-c894c19\" data-id=\"c894c19\" data-element_type=\"column\" data-e-type=\"column\">\n\t\t\t<div class=\"elementor-widget-wrap elementor-element-populated\">\n\t\t\t\t\t\t<div class=\"elementor-element elementor-element-6bee845 elementor-widget elementor-widget-heading\" data-id=\"6bee845\" data-element_type=\"widget\" data-e-type=\"widget\" data-widget_type=\"heading.default\">\n\t\t\t\t<div class=\"elementor-widget-container\">\n\t\t\t\t\t<h2 class=\"elementor-heading-title elementor-size-default\">Unsere Welt hat so viel zu bieten<\/h2>\t\t\t\t<\/div>\n\t\t\t\t<\/div>\n\t\t\t\t<div class=\"elementor-element elementor-element-cf1d94d elementor-widget elementor-widget-heading\" data-id=\"cf1d94d\" data-element_type=\"widget\" data-e-type=\"widget\" data-widget_type=\"heading.default\">\n\t\t\t\t<div class=\"elementor-widget-container\">\n\t\t\t\t\t<h3 class=\"elementor-heading-title elementor-size-default\">Deshalb betrachten wir Ihre Gesundheit mit einem offenen und umfassenden Blick. Sie sind nur etwas breiter gef\u00e4chert, als Sie es vom allgemeinen Gesundheitswesen gewohnt sind.<\/h3>\t\t\t\t<\/div>\n\t\t\t\t<\/div>\n\t\t\t\t<div class=\"elementor-element elementor-element-18c1898 elementor-widget elementor-widget-image\" data-id=\"18c1898\" data-element_type=\"widget\" data-e-type=\"widget\" data-widget_type=\"image.default\">\n\t\t\t\t<div class=\"elementor-widget-container\">\n\t\t\t\t\t\t\t\t\t\t\t\t\t\t\t<img decoding=\"async\" width=\"105\" height=\"118\" src=\"https:\/\/raymedy.com\/wp-content\/uploads\/2019\/02\/favicon-groot.png\" class=\"attachment-full size-full wp-image-18723\" alt=\"\" srcset=\"https:\/\/raymedy.com\/wp-content\/uploads\/2019\/02\/favicon-groot.png 105w, https:\/\/raymedy.com\/wp-content\/uploads\/2019\/02\/favicon-groot-62x70.png 62w\" sizes=\"(max-width: 105px) 100vw, 105px\" \/>\t\t\t\t\t\t\t\t\t\t\t\t\t\t\t<\/div>\n\t\t\t\t<\/div>\n\t\t\t\t\t<\/div>\n\t\t<\/div>\n\t\t\t\t\t<\/div>\n\t\t<\/section>\n\t\t\t\t<section class=\"elementor-section elementor-top-section elementor-element elementor-element-40b7caf elementor-section-boxed elementor-section-height-default elementor-section-height-default\" data-id=\"40b7caf\" data-element_type=\"section\" data-e-type=\"section\" data-settings=\"{&quot;background_background&quot;:&quot;classic&quot;,&quot;_ha_eqh_enable&quot;:false}\">\n\t\t\t\t\t\t<div class=\"elementor-container elementor-column-gap-default\">\n\t\t\t\t\t<div class=\"elementor-column elementor-col-50 elementor-top-column elementor-element elementor-element-5d12f40\" data-id=\"5d12f40\" data-element_type=\"column\" data-e-type=\"column\">\n\t\t\t<div class=\"elementor-widget-wrap elementor-element-populated\">\n\t\t\t\t\t\t<div class=\"elementor-element elementor-element-b7a5730 elementor-widget elementor-widget-image\" data-id=\"b7a5730\" data-element_type=\"widget\" data-e-type=\"widget\" data-widget_type=\"image.default\">\n\t\t\t\t<div class=\"elementor-widget-container\">\n\t\t\t\t\t\t\t\t\t\t\t\t\t\t\t<img decoding=\"async\" width=\"260\" height=\"173\" src=\"https:\/\/raymedy.com\/wp-content\/uploads\/2019\/03\/overraymedy-1.png\" class=\"attachment-full size-full wp-image-17400\" alt=\"\" srcset=\"https:\/\/raymedy.com\/wp-content\/uploads\/2019\/03\/overraymedy-1.png 260w, https:\/\/raymedy.com\/wp-content\/uploads\/2019\/03\/overraymedy-1-70x47.png 70w\" sizes=\"(max-width: 260px) 100vw, 260px\" \/>\t\t\t\t\t\t\t\t\t\t\t\t\t\t\t<\/div>\n\t\t\t\t<\/div>\n\t\t\t\t\t<\/div>\n\t\t<\/div>\n\t\t\t\t<div class=\"elementor-column elementor-col-50 elementor-top-column elementor-element elementor-element-5dca288\" data-id=\"5dca288\" data-element_type=\"column\" data-e-type=\"column\">\n\t\t\t<div class=\"elementor-widget-wrap elementor-element-populated\">\n\t\t\t\t\t\t<div class=\"elementor-element elementor-element-a1fef74 elementor-widget elementor-widget-heading\" data-id=\"a1fef74\" data-element_type=\"widget\" data-e-type=\"widget\" data-widget_type=\"heading.default\">\n\t\t\t\t<div class=\"elementor-widget-container\">\n\t\t\t\t\t<h3 class=\"elementor-heading-title elementor-size-default\">Einzigartige Kombination von Wissen<\/h3>\t\t\t\t<\/div>\n\t\t\t\t<\/div>\n\t\t\t\t<div class=\"elementor-element elementor-element-2d2c0fe elementor-widget elementor-widget-text-editor\" data-id=\"2d2c0fe\" data-element_type=\"widget\" data-e-type=\"widget\" data-widget_type=\"text-editor.default\">\n\t\t\t\t<div class=\"elementor-widget-container\">\n\t\t\t\t\t\t\t\t\t<p>Seit 1997 verbindet Raymedy die Erkenntnisse der \u00f6stlichen Energiemedizin mit westlichen wissenschaftlichen Erkenntnissen und modernen Messsystemen. Wir zeichnen jede Behandlung auf, analysieren unsere Daten und entwickeln so neue Behandlungen.<\/p>\n<p>Wir \u00fcberpr\u00fcfen unsere Messungen anhand des \u00f6stlichen Wissens \u00fcber die Energiebahnen (&#8222;Meridiane&#8220;) im K\u00f6rper und die Energie in den verschiedenen K\u00f6rpersystemen. Die Ergebnisse dieser Messungen bilden die Grundlage f\u00fcr die Behandlung mit unseren Ger\u00e4ten. Wir tun dies mit Magnetismus, Lichtfrequenzen und Mikrostrom.<\/p>\n\t\t\t\t\t\t\t\t<\/div>\n\t\t\t\t<\/div>\n\t\t\t\t\t<\/div>\n\t\t<\/div>\n\t\t\t\t\t<\/div>\n\t\t<\/section>\n\t\t\t\t<section class=\"elementor-section elementor-top-section elementor-element elementor-element-dad13d4 elementor-section-boxed elementor-section-height-default elementor-section-height-default\" data-id=\"dad13d4\" data-element_type=\"section\" data-e-type=\"section\" data-settings=\"{&quot;_ha_eqh_enable&quot;:false}\">\n\t\t\t\t\t\t<div class=\"elementor-container elementor-column-gap-default\">\n\t\t\t\t\t<div class=\"elementor-column elementor-col-100 elementor-top-column elementor-element elementor-element-386b292\" data-id=\"386b292\" data-element_type=\"column\" data-e-type=\"column\">\n\t\t\t<div class=\"elementor-widget-wrap elementor-element-populated\">\n\t\t\t\t\t\t<div class=\"elementor-element elementor-element-8e71611 elementor-widget elementor-widget-heading\" data-id=\"8e71611\" data-element_type=\"widget\" data-e-type=\"widget\" data-widget_type=\"heading.default\">\n\t\t\t\t<div class=\"elementor-widget-container\">\n\t\t\t\t\t<h3 class=\"elementor-heading-title elementor-size-default\">Die Urspr\u00fcnge der Raymedy-Therapie<\/h3>\t\t\t\t<\/div>\n\t\t\t\t<\/div>\n\t\t\t\t\t<\/div>\n\t\t<\/div>\n\t\t\t\t\t<\/div>\n\t\t<\/section>\n\t\t\t\t<section class=\"elementor-section elementor-top-section elementor-element elementor-element-fd60536 elementor-section-boxed elementor-section-height-default elementor-section-height-default\" data-id=\"fd60536\" data-element_type=\"section\" data-e-type=\"section\" data-settings=\"{&quot;_ha_eqh_enable&quot;:false}\">\n\t\t\t\t\t\t<div class=\"elementor-container elementor-column-gap-default\">\n\t\t\t\t\t<div class=\"elementor-column elementor-col-33 elementor-top-column elementor-element elementor-element-91106bf\" data-id=\"91106bf\" data-element_type=\"column\" data-e-type=\"column\">\n\t\t\t<div class=\"elementor-widget-wrap\">\n\t\t\t\t\t\t\t<\/div>\n\t\t<\/div>\n\t\t\t\t<div class=\"elementor-column elementor-col-33 elementor-top-column elementor-element elementor-element-c1e9d35\" data-id=\"c1e9d35\" data-element_type=\"column\" data-e-type=\"column\">\n\t\t\t<div class=\"elementor-widget-wrap elementor-element-populated\">\n\t\t\t\t\t\t<div class=\"elementor-element elementor-element-6eed1e7 elementor-widget__width-initial elementor-widget elementor-widget-text-editor\" data-id=\"6eed1e7\" data-element_type=\"widget\" data-e-type=\"widget\" data-widget_type=\"text-editor.default\">\n\t\t\t\t<div class=\"elementor-widget-container\">\n\t\t\t\t\t\t\t\t\t<div>\n<div>\n<div>\n<div>\n<div>\n<p>Den Innovationen von Raymedy ging eine pers\u00f6nliche Such- und Erfahrungsreise des Gr\u00fcnders, Mauk den Boer (1952-2021), voraus: &#8222;Schon in jungen Jahren habe ich mich f\u00fcr Gesundheit und Heilung interessiert. In einer Familie und einem Freundeskreis, in denen es \u00fcblich war, sich mit den Fragen des Lebens zu besch\u00e4ftigen, waren meiner Suche, meiner Ideenbildung, meinen Erkl\u00e4rungsversuchen und meiner Auseinandersetzung mit dem Sinn des Lebens keine Grenzen gesetzt. Natuurlijke, spontane processen wilde ik begrijpen en ik wilde snappen welke krachten het leven tot een prachtig geheel vormen, aandrijven en bij elkaar houden. Im Natur- und Umweltschutz konnte ich 20 Jahre lang meine Energie und meine Ideen \u00fcber die Bedeutung nat\u00fcrlicher Prozesse, die Erhaltung und Wiederherstellung von \u00d6kosystemen zum Ausdruck bringen, w\u00e4hrend ich als Hobby Experimente durchf\u00fchrte, um Pflanzen und B\u00e4ume mit Hilfe von Magnetfeldern und Strom widerstandsf\u00e4higer gegen Umweltschadstoffe zu machen. Omdat magnetisme een fundamentele natuurkracht is en de enige natuurkracht die we kunnen opwekken, veranderen, sturen en in het leven van alledag kunnen meten, vermoedde ik ongekende mogelijkheden. Mijn proeven met planten, bomen en water bevestigden dat vermoeden. Da sich damals (1985 &#8211; 1997) zu wenige Menschen daf\u00fcr interessierten, geschweige denn eine Familie damit ern\u00e4hren konnten, konzentrierte ich mich ab 1997 auf die Behandlung von Menschen und die Entwicklung der Raymedy-Methode. De groei en erkenning van Raymedy zijn de verwerkelijking van een droom: mensen zo te helpen dat ze gezonder, vitaler en bewuster worden.<\/p>\n<p><strong>Raymedy wurde gegr\u00fcndet, um die Vorteile und das enorme Potenzial der Anwendung von Licht, gepulsten Magnetfeldern und Elektrizit\u00e4t zur Stimulierung der nat\u00fcrlichen Heilungsf\u00e4higkeit f\u00fcr jedermann zug\u00e4nglich zu machen. Mit Raymedy regen wir die Selbstheilungs- und Selbstschutzkr\u00e4fte des K\u00f6rpers an, verringern die Notwendigkeit des Einsatzes von Medikamenten und bieten eine wirksame Therapie f\u00fcr Erkrankungen, bei denen die herk\u00f6mmliche Gesundheitsversorgung weniger wirksam ist.<\/strong><\/p>\n<\/div>\n<\/div>\n<\/div>\n<\/div>\n<\/div>\n\t\t\t\t\t\t\t\t<\/div>\n\t\t\t\t<\/div>\n\t\t\t\t\t<\/div>\n\t\t<\/div>\n\t\t\t\t<div class=\"elementor-column elementor-col-33 elementor-top-column elementor-element elementor-element-6858458\" data-id=\"6858458\" data-element_type=\"column\" data-e-type=\"column\">\n\t\t\t<div class=\"elementor-widget-wrap elementor-element-populated\">\n\t\t\t\t\t\t<div class=\"elementor-element elementor-element-3e786e4 elementor-widget elementor-widget-image\" data-id=\"3e786e4\" data-element_type=\"widget\" data-e-type=\"widget\" data-widget_type=\"image.default\">\n\t\t\t\t<div class=\"elementor-widget-container\">\n\t\t\t\t\t\t\t\t\t\t\t\t<figure class=\"wp-caption\">\n\t\t\t\t\t\t\t\t\t\t<img fetchpriority=\"high\" decoding=\"async\" width=\"490\" height=\"396\" src=\"https:\/\/raymedy.com\/wp-content\/uploads\/2023\/05\/Mauk-den-Boer.jpeg\" class=\"attachment-large size-large wp-image-20846\" alt=\"Mauk den Boer\" srcset=\"https:\/\/raymedy.com\/wp-content\/uploads\/2023\/05\/Mauk-den-Boer.jpeg 490w, https:\/\/raymedy.com\/wp-content\/uploads\/2023\/05\/Mauk-den-Boer-300x242.jpeg 300w\" sizes=\"(max-width: 490px) 100vw, 490px\" \/>\t\t\t\t\t\t\t\t\t\t\t<figcaption class=\"widget-image-caption wp-caption-text\">Raymedy-Gr\u00fcndungsvater Mauk den Boer  <\/figcaption>\n\t\t\t\t\t\t\t\t\t\t<\/figure>\n\t\t\t\t\t\t\t\t\t<\/div>\n\t\t\t\t<\/div>\n\t\t\t\t\t<\/div>\n\t\t<\/div>\n\t\t\t\t\t<\/div>\n\t\t<\/section>\n\t\t\t\t<section class=\"elementor-section elementor-top-section elementor-element elementor-element-85c8538 elementor-section-boxed elementor-section-height-default elementor-section-height-default\" data-id=\"85c8538\" data-element_type=\"section\" data-e-type=\"section\" data-settings=\"{&quot;_ha_eqh_enable&quot;:false}\">\n\t\t\t\t\t\t<div class=\"elementor-container elementor-column-gap-default\">\n\t\t\t\t\t<div class=\"elementor-column elementor-col-100 elementor-top-column elementor-element elementor-element-4ecaa3a\" data-id=\"4ecaa3a\" data-element_type=\"column\" data-e-type=\"column\">\n\t\t\t<div class=\"elementor-widget-wrap elementor-element-populated\">\n\t\t\t\t\t\t<div class=\"elementor-element elementor-element-5b9a3b8 elementor-widget elementor-widget-text-editor\" data-id=\"5b9a3b8\" data-element_type=\"widget\" data-e-type=\"widget\" data-widget_type=\"text-editor.default\">\n\t\t\t\t<div class=\"elementor-widget-container\">\n\t\t\t\t\t\t\t\t\t<h3 style=\"text-align: center;\">Raymedy Erkl\u00e4rvideo<\/h3>\n<p style=\"text-align: center;\">Das folgende Video erkl\u00e4rt, wie die Raymedy-Therapie entstanden ist und welches Wissen und welche Technologie dahinter steckt. Die Untertitel sind Englisch.  <br \/>Die Entwicklung von Raymedy seit 1997 in Zahlen und Fakten in chronologischer Reihenfolge finden Sie <a href=\"http:\/\/raymedy.sandervogels.com\/over-raymedy\/feiten-en-cijfers\/\">auf dieser<\/a> Seite.<\/p>\n\t\t\t\t\t\t\t\t<\/div>\n\t\t\t\t<\/div>\n\t\t\t\t<section class=\"elementor-section elementor-inner-section elementor-element elementor-element-2fdac49 elementor-section-boxed elementor-section-height-default elementor-section-height-default\" data-id=\"2fdac49\" data-element_type=\"section\" data-e-type=\"section\" data-settings=\"{&quot;_ha_eqh_enable&quot;:false}\">\n\t\t\t\t\t\t<div class=\"elementor-container elementor-column-gap-default\">\n\t\t\t\t\t<div class=\"elementor-column elementor-col-33 elementor-inner-column elementor-element elementor-element-3df40d8\" data-id=\"3df40d8\" data-element_type=\"column\" data-e-type=\"column\">\n\t\t\t<div class=\"elementor-widget-wrap\">\n\t\t\t\t\t\t\t<\/div>\n\t\t<\/div>\n\t\t\t\t<div class=\"elementor-column elementor-col-33 elementor-inner-column elementor-element elementor-element-e06e69e\" data-id=\"e06e69e\" data-element_type=\"column\" data-e-type=\"column\">\n\t\t\t<div class=\"elementor-widget-wrap elementor-element-populated\">\n\t\t\t\t\t\t<div class=\"elementor-element elementor-element-10a8159 elementor-widget elementor-widget-video\" data-id=\"10a8159\" data-element_type=\"widget\" data-e-type=\"widget\" data-settings=\"{&quot;youtube_url&quot;:&quot;https:\\\/\\\/www.youtube.com\\\/watch?v=QGCk6M5jxX8&quot;,&quot;video_type&quot;:&quot;youtube&quot;,&quot;controls&quot;:&quot;yes&quot;}\" data-widget_type=\"video.default\">\n\t\t\t\t<div class=\"elementor-widget-container\">\n\t\t\t\t\t\t\t<div class=\"elementor-wrapper elementor-open-inline\">\n\t\t\t<div class=\"elementor-video\"><\/div>\t\t<\/div>\n\t\t\t\t\t\t<\/div>\n\t\t\t\t<\/div>\n\t\t\t\t\t<\/div>\n\t\t<\/div>\n\t\t\t\t<div class=\"elementor-column elementor-col-33 elementor-inner-column elementor-element elementor-element-ee7229d\" data-id=\"ee7229d\" data-element_type=\"column\" data-e-type=\"column\">\n\t\t\t<div class=\"elementor-widget-wrap\">\n\t\t\t\t\t\t\t<\/div>\n\t\t<\/div>\n\t\t\t\t\t<\/div>\n\t\t<\/section>\n\t\t\t\t\t<\/div>\n\t\t<\/div>\n\t\t\t\t\t<\/div>\n\t\t<\/section>\n\t\t\t\t<section class=\"elementor-section elementor-top-section elementor-element elementor-element-320f1e2 elementor-section-boxed elementor-section-height-default elementor-section-height-default\" data-id=\"320f1e2\" data-element_type=\"section\" data-e-type=\"section\" data-settings=\"{&quot;_ha_eqh_enable&quot;:false}\">\n\t\t\t\t\t\t<div class=\"elementor-container elementor-column-gap-default\">\n\t\t\t\t\t<div class=\"elementor-column elementor-col-100 elementor-top-column elementor-element elementor-element-081c05f\" data-id=\"081c05f\" data-element_type=\"column\" data-e-type=\"column\">\n\t\t\t<div class=\"elementor-widget-wrap\">\n\t\t\t\t\t\t\t<\/div>\n\t\t<\/div>\n\t\t\t\t\t<\/div>\n\t\t<\/section>\n\t\t\t\t<\/div>\n\t\t","protected":false},"excerpt":{"rendered":"<p>Unsere Welt hat so viel zu bieten Deshalb betrachten wir Ihre Gesundheit mit einem offenen und umfassenden Blick. Sie sind nur etwas breiter gef\u00e4chert, als Sie es vom allgemeinen Gesundheitswesen gewohnt sind. Einzigartige Kombination von Wissen Seit 1997 verbindet Raymedy die Erkenntnisse der \u00f6stlichen Energiemedizin mit westlichen wissenschaftlichen Erkenntnissen und modernen Messsystemen. Wir zeichnen jede [&hellip;]<\/p>\n","protected":false},"author":10,"featured_media":17399,"parent":0,"menu_order":0,"comment_status":"closed","ping_status":"closed","template":"elementor_header_footer","meta":{"site-sidebar-layout":"no-sidebar","site-content-layout":"page-builder","ast-site-content-layout":"default","site-content-style":"default","site-sidebar-style":"default","ast-global-header-display":"","ast-banner-title-visibility":"","ast-main-header-display":"","ast-hfb-above-header-display":"","ast-hfb-below-header-display":"","ast-hfb-mobile-header-display":"","site-post-title":"disabled","ast-breadcrumbs-content":"","ast-featured-img":"disabled","footer-sml-layout":"","ast-disable-related-posts":"","theme-transparent-header-meta":"default","adv-header-id-meta":"","stick-header-meta":"default","header-above-stick-meta":"","header-main-stick-meta":"","header-below-stick-meta":"","astra-migrate-meta-layouts":"default","ast-page-background-enabled":"default","ast-page-background-meta":{"desktop":{"background-color":"","background-image":"","background-repeat":"repeat","background-position":"center center","background-size":"auto","background-attachment":"scroll","background-type":"","background-media":"","overlay-type":"","overlay-color":"","overlay-opacity":"","overlay-gradient":""},"tablet":{"background-color":"","background-image":"","background-repeat":"repeat","background-position":"center center","background-size":"auto","background-attachment":"scroll","background-type":"","background-media":"","overlay-type":"","overlay-color":"","overlay-opacity":"","overlay-gradient":""},"mobile":{"background-color":"","background-image":"","background-repeat":"repeat","background-position":"center center","background-size":"auto","background-attachment":"scroll","background-type":"","background-media":"","overlay-type":"","overlay-color":"","overlay-opacity":"","overlay-gradient":""}},"ast-content-background-meta":{"desktop":{"background-color":"var(--ast-global-color-5)","background-image":"","background-repeat":"repeat","background-position":"center center","background-size":"auto","background-attachment":"scroll","background-type":"","background-media":"","overlay-type":"","overlay-color":"","overlay-opacity":"","overlay-gradient":""},"tablet":{"background-color":"var(--ast-global-color-5)","background-image":"","background-repeat":"repeat","background-position":"center center","background-size":"auto","background-attachment":"scroll","background-type":"","background-media":"","overlay-type":"","overlay-color":"","overlay-opacity":"","overlay-gradient":""},"mobile":{"background-color":"var(--ast-global-color-5)","background-image":"","background-repeat":"repeat","background-position":"center center","background-size":"auto","background-attachment":"scroll","background-type":"","background-media":"","overlay-type":"","overlay-color":"","overlay-opacity":"","overlay-gradient":""}},"footnotes":""},"class_list":["post-17110","page","type-page","status-publish","has-post-thumbnail","hentry"],"_links":{"self":[{"href":"https:\/\/raymedy.com\/de\/wp-json\/wp\/v2\/pages\/17110","targetHints":{"allow":["GET"]}}],"collection":[{"href":"https:\/\/raymedy.com\/de\/wp-json\/wp\/v2\/pages"}],"about":[{"href":"https:\/\/raymedy.com\/de\/wp-json\/wp\/v2\/types\/page"}],"author":[{"embeddable":true,"href":"https:\/\/raymedy.com\/de\/wp-json\/wp\/v2\/users\/10"}],"replies":[{"embeddable":true,"href":"https:\/\/raymedy.com\/de\/wp-json\/wp\/v2\/comments?post=17110"}],"version-history":[{"count":18,"href":"https:\/\/raymedy.com\/de\/wp-json\/wp\/v2\/pages\/17110\/revisions"}],"predecessor-version":[{"id":20998,"href":"https:\/\/raymedy.com\/de\/wp-json\/wp\/v2\/pages\/17110\/revisions\/20998"}],"wp:featuredmedia":[{"embeddable":true,"href":"https:\/\/raymedy.com\/de\/wp-json\/wp\/v2\/media\/17399"}],"wp:attachment":[{"href":"https:\/\/raymedy.com\/de\/wp-json\/wp\/v2\/media?parent=17110"}],"curies":[{"name":"wp","href":"https:\/\/api.w.org\/{rel}","templated":true}]}}