{"id":17114,"date":"2020-03-18T18:22:14","date_gmt":"2020-03-18T18:22:14","guid":{"rendered":"https:\/\/raymedy.com\/?page_id=17114"},"modified":"2020-03-18T18:22:14","modified_gmt":"2020-03-18T18:22:14","slug":"datenschutzrichtlinie","status":"publish","type":"page","link":"https:\/\/raymedy.com\/de\/datenschutzrichtlinie\/","title":{"rendered":"Datenschutzrichtlinie"},"content":{"rendered":"\r\n<h2 class=\"wp-block-heading\">Wer wir sind<\/h2>\r\n\r\n\r\n\r\n<p>Ons website-adres is: https:\/\/raymedy.com\/de\/.<\/p>\r\n\r\n\r\n\r\n<h2 class=\"wp-block-heading\">Welche personenbezogenen Daten erfassen wir und warum werden sie erfasst?<\/h2>\r\n\r\n\r\n\r\n<h3 class=\"wp-block-heading\">Reaktionen<\/h3>\r\n\r\n\r\n\r\n<p>Wenn Besucher Kommentare auf der Website hinterlassen, erfassen wir die im Antwortformular angezeigten Informationen, die IP-Adresse des Besuchers und den Browser-Benutzeragenten, um Spam zu erkennen.<\/p>\r\n\r\n\r\n\r\n<p>Eine anonyme Zeichenfolge, die auf Ihrer E-Mail-Adresse basiert (dies wird auch als Hash bezeichnet), kann an den Gravatar-Dienst gesendet werden, wenn Sie diese verwenden. Die Seite mit den Datenschutzbestimmungen finden Sie hier: https:\/\/automattic.com\/privacy\/. Nachdem Ihre Antwort genehmigt wurde, ist Ihr Profilfoto im Kontext Ihrer Antwort \u00f6ffentlich sichtbar.<\/p>\r\n\r\n\r\n\r\n<h3 class=\"wp-block-heading\">Media<\/h3>\r\n\r\n\r\n\r\n<p>Wenn Sie ein registrierter Benutzer sind und Bilder auf die Website hochladen, m\u00fcssen Sie das Hochladen von Bildern mit EXIF-GPS-Standortinformationen vermeiden. Besucher der Website k\u00f6nnen die Bilder von der Website herunterladen und die Standortdaten anzeigen.<\/p>\r\n\r\n\r\n\r\n<h3 class=\"wp-block-heading\">Kontaktformulare<\/h3>\r\n\r\n\r\n\r\n<h3 class=\"wp-block-heading\">Cookies<\/h3>\r\n\r\n\r\n\r\n<p>Wenn Sie einen Kommentar auf unserer Website hinterlassen, k\u00f6nnen Sie angeben, ob Ihr Name, Ihre E-Mail-Adresse und Website in einem Cookie gespeichert werden. Wir tun dies zu Ihrer Bequemlichkeit, damit Sie diese Informationen nicht erneut eingeben m\u00fcssen, um eine neue Antwort zu erhalten. Diese Cookies sind ein Jahr g\u00fcltig.<\/p>\r\n\r\n\r\n\r\n<p>Wenn Sie \u00fcber ein Konto verf\u00fcgen und sich auf dieser Website anmelden, speichern wir ein tempor\u00e4res Cookie, um festzustellen, ob Ihr Browser Cookies akzeptiert. Dieses Cookie enth\u00e4lt keine pers\u00f6nlichen Informationen und wird gel\u00f6scht, sobald Sie Ihren Browser schlie\u00dfen.<\/p>\r\n\r\n\r\n\r\n<p>Sobald Sie sich anmelden, werden einige Cookies in Verbindung mit Ihren Anmeldeinformationen und Bildschirmanzeigeoptionen gespeichert. Login-Cookies sind 2 Tage g\u00fcltig und Cookies f\u00fcr Bildschirmanzeigeoptionen f\u00fcr 1 Jahr. Wenn Sie &#8222;Remember me&#8220; w\u00e4hlen, wird Ihr Login f\u00fcr 2 Wochen gespeichert. Sobald Sie sich von Ihrem Konto abmelden, werden Login-Cookies gel\u00f6scht.<\/p>\r\n\r\n\r\n\r\n<p>Wenn Sie eine Nachricht \u00e4ndern oder ver\u00f6ffentlichen, speichert Ihr Browser ein zus\u00e4tzliches Cookie. Dieses Cookie enth\u00e4lt keine pers\u00f6nlichen Daten und enth\u00e4lt nur die Post-ID des von Ihnen bearbeiteten Artikels. Dieser Cookie ist nach einem Tag abgelaufen.<\/p>\r\n\r\n\r\n\r\n<h3 class=\"wp-block-heading\">Eingebettete Inhalte von anderen Websites<\/h3>\r\n\r\n\r\n\r\n<p>Nachrichten auf dieser Website k\u00f6nnen eingebettete (eingebettete) Inhalte enthalten (z. B. Videos, Bilder, Nachrichten usw.). Eingebettete Inhalte von anderen Websites verhalten sich genauso, als ob der Besucher diese andere Website besucht h\u00e4tte.<\/p>\r\n\r\n\r\n\r\n<p>Diese Websites k\u00f6nnen Daten \u00fcber Sie sammeln, Cookies verwenden, das Tracking von Drittanbietern einbetten und Ihre Interaktion mit diesem eingebetteten Inhalt \u00fcberwachen, einschlie\u00dflich der Interaktion mit eingebettetem Inhalt, wenn Sie \u00fcber ein Konto verf\u00fcgen und auf dieser Website angemeldet sind.<\/p>\r\n\r\n\r\n\r\n<h3 class=\"wp-block-heading\">Analytics<\/h3>\r\n\r\n\r\n\r\n<h2 class=\"wp-block-heading\">Mit wem wir Ihre Daten teilen<\/h2>\r\n\r\n\r\n\r\n<h2 class=\"wp-block-heading\">Wie lange halten wir Ihre Daten?<\/h2>\r\n\r\n\r\n\r\n<p>Wenn Sie eine Antwort hinterlassen, werden diese Antwort und die Metadaten dieser Antwort f\u00fcr immer gespeichert. Auf diese Weise k\u00f6nnen wir Folgeaktionen automatisch erkennen und genehmigen, anstatt sie zu moderieren.<\/p>\r\n\r\n\r\n\r\n<p>F\u00fcr Benutzer, die auf unserer Website registriert sind (falls zutreffend), speichern wir auch pers\u00f6nliche Informationen in ihrem Benutzerprofil. Alle Benutzer k\u00f6nnen ihre pers\u00f6nlichen Daten jederzeit anzeigen, \u00e4ndern oder l\u00f6schen (der Benutzername kann nicht ge\u00e4ndert werden). Websiteadministratoren k\u00f6nnen diese Informationen auch anzeigen und \u00e4ndern.<\/p>\r\n\r\n\r\n\r\n<h2 class=\"wp-block-heading\">Welche Rechte haben Sie an Ihren Daten?<\/h2>\r\n\r\n\r\n\r\n<p>Wenn Sie ein Konto auf dieser Website haben oder Kommentare hinterlassen haben, k\u00f6nnen Sie eine Exportdatei mit Ihren pers\u00f6nlichen Informationen, die wir \u00fcber Sie haben, sowie alle Informationen anfordern, die Sie uns zur Verf\u00fcgung gestellt haben. Sie k\u00f6nnen auch verlangen, dass wir alle pers\u00f6nlichen Informationen, die wir von Ihnen haben, entfernen. Darin sind keine Daten enthalten, die wir aus administrativen, rechtlichen oder Sicherheitsgr\u00fcnden aufbewahren m\u00fcssen.<\/p>\r\n\r\n\r\n\r\n<h2 class=\"wp-block-heading\">Wohin senden wir Ihre Daten?<\/h2>\r\n\r\n\r\n\r\n<p>Die Antworten der Besucher k\u00f6nnen von einem automatisierten Spamerkennungsdienst geleitet werden.<\/p>\r\n\r\n\r\n\r\n<h2 class=\"wp-block-heading\">Ihre Kontaktinformationen<\/h2>\r\n\r\n\r\n\r\n<h2 class=\"wp-block-heading\">Zus\u00e4tzliche Informationen<\/h2>\r\n\r\n\r\n\r\n<h3 class=\"wp-block-heading\">Wie sch\u00fctzen wir Ihre Daten?<\/h3>\r\n\r\n\r\n\r\n<h3 class=\"wp-block-heading\">Welche Datenschutzverletzungsverfahren haben wir umgesetzt?<\/h3>\r\n\r\n\r\n\r\n<h3 class=\"wp-block-heading\">Von welchen Dritten erhalten wir Daten<\/h3>\r\n\r\n\r\n\r\n<h3 class=\"wp-block-heading\">Welche Art von automatisierten Entscheidungen treffen wir und wie profilieren wir Benutzerdaten?<\/h3>\r\n\r\n\r\n\r\n<h3 class=\"wp-block-heading\">Pflicht zur Offenlegung<\/h3>\r\n","protected":false},"excerpt":{"rendered":"<p>Wer wir sind Ons website-adres is: https:\/\/raymedy.com\/de\/. Welche personenbezogenen Daten erfassen wir und warum werden sie erfasst? Reaktionen Wenn Besucher Kommentare auf der Website hinterlassen, erfassen wir die im Antwortformular angezeigten Informationen, die IP-Adresse des Besuchers und den Browser-Benutzeragenten, um Spam zu erkennen. Eine anonyme Zeichenfolge, die auf Ihrer E-Mail-Adresse basiert (dies wird auch als [&hellip;]<\/p>\n","protected":false},"author":10,"featured_media":18091,"parent":0,"menu_order":999,"comment_status":"closed","ping_status":"closed","template":"elementor_header_footer","meta":{"site-sidebar-layout":"default","site-content-layout":"default","ast-site-content-layout":"default","site-content-style":"default","site-sidebar-style":"default","ast-global-header-display":"","ast-banner-title-visibility":"","ast-main-header-display":"","ast-hfb-above-header-display":"","ast-hfb-below-header-display":"","ast-hfb-mobile-header-display":"","site-post-title":"","ast-breadcrumbs-content":"","ast-featured-img":"","footer-sml-layout":"","ast-disable-related-posts":"","theme-transparent-header-meta":"default","adv-header-id-meta":"","stick-header-meta":"default","header-above-stick-meta":"","header-main-stick-meta":"","header-below-stick-meta":"","astra-migrate-meta-layouts":"default","ast-page-background-enabled":"default","ast-page-background-meta":{"desktop":{"background-color":"","background-image":"","background-repeat":"repeat","background-position":"center center","background-size":"auto","background-attachment":"scroll","background-type":"","background-media":"","overlay-type":"","overlay-color":"","overlay-opacity":"","overlay-gradient":""},"tablet":{"background-color":"","background-image":"","background-repeat":"repeat","background-position":"center center","background-size":"auto","background-attachment":"scroll","background-type":"","background-media":"","overlay-type":"","overlay-color":"","overlay-opacity":"","overlay-gradient":""},"mobile":{"background-color":"","background-image":"","background-repeat":"repeat","background-position":"center center","background-size":"auto","background-attachment":"scroll","background-type":"","background-media":"","overlay-type":"","overlay-color":"","overlay-opacity":"","overlay-gradient":""}},"ast-content-background-meta":{"desktop":{"background-color":"var(--ast-global-color-5)","background-image":"","background-repeat":"repeat","background-position":"center center","background-size":"auto","background-attachment":"scroll","background-type":"","background-media":"","overlay-type":"","overlay-color":"","overlay-opacity":"","overlay-gradient":""},"tablet":{"background-color":"var(--ast-global-color-5)","background-image":"","background-repeat":"repeat","background-position":"center center","background-size":"auto","background-attachment":"scroll","background-type":"","background-media":"","overlay-type":"","overlay-color":"","overlay-opacity":"","overlay-gradient":""},"mobile":{"background-color":"var(--ast-global-color-5)","background-image":"","background-repeat":"repeat","background-position":"center center","background-size":"auto","background-attachment":"scroll","background-type":"","background-media":"","overlay-type":"","overlay-color":"","overlay-opacity":"","overlay-gradient":""}},"footnotes":""},"class_list":["post-17114","page","type-page","status-publish","has-post-thumbnail","hentry"],"_links":{"self":[{"href":"https:\/\/raymedy.com\/de\/wp-json\/wp\/v2\/pages\/17114","targetHints":{"allow":["GET"]}}],"collection":[{"href":"https:\/\/raymedy.com\/de\/wp-json\/wp\/v2\/pages"}],"about":[{"href":"https:\/\/raymedy.com\/de\/wp-json\/wp\/v2\/types\/page"}],"author":[{"embeddable":true,"href":"https:\/\/raymedy.com\/de\/wp-json\/wp\/v2\/users\/10"}],"replies":[{"embeddable":true,"href":"https:\/\/raymedy.com\/de\/wp-json\/wp\/v2\/comments?post=17114"}],"version-history":[{"count":3,"href":"https:\/\/raymedy.com\/de\/wp-json\/wp\/v2\/pages\/17114\/revisions"}],"predecessor-version":[{"id":18240,"href":"https:\/\/raymedy.com\/de\/wp-json\/wp\/v2\/pages\/17114\/revisions\/18240"}],"wp:featuredmedia":[{"embeddable":true,"href":"https:\/\/raymedy.com\/de\/wp-json\/wp\/v2\/media\/18091"}],"wp:attachment":[{"href":"https:\/\/raymedy.com\/de\/wp-json\/wp\/v2\/media?parent=17114"}],"curies":[{"name":"wp","href":"https:\/\/api.w.org\/{rel}","templated":true}]}}