{"id":17290,"date":"2019-03-09T18:03:30","date_gmt":"2019-03-09T18:03:30","guid":{"rendered":"https:\/\/raymedy.com\/formen-der-zusammenarbeit\/"},"modified":"2023-06-15T07:57:47","modified_gmt":"2023-06-15T07:57:47","slug":"formen-der-zusammenarbeit","status":"publish","type":"page","link":"https:\/\/raymedy.com\/de\/therapeuten\/formen-der-zusammenarbeit\/","title":{"rendered":"Therapeut werden"},"content":{"rendered":"\t\t<div data-elementor-type=\"wp-page\" data-elementor-id=\"17290\" class=\"elementor elementor-17290 elementor-16883\" data-elementor-settings=\"{&quot;ha_cmc_init_switcher&quot;:&quot;no&quot;}\" data-elementor-post-type=\"page\">\n\t\t\t\t\t\t<section class=\"elementor-section elementor-top-section elementor-element elementor-element-3af4a103 elementor-section-boxed elementor-section-height-default elementor-section-height-default\" data-id=\"3af4a103\" data-element_type=\"section\" data-e-type=\"section\" data-settings=\"{&quot;_ha_eqh_enable&quot;:false}\">\n\t\t\t\t\t\t<div class=\"elementor-container elementor-column-gap-default\">\n\t\t\t\t\t<div class=\"elementor-column elementor-col-100 elementor-top-column elementor-element elementor-element-11665bb4\" data-id=\"11665bb4\" data-element_type=\"column\" data-e-type=\"column\">\n\t\t\t<div class=\"elementor-widget-wrap elementor-element-populated\">\n\t\t\t\t\t\t<div class=\"elementor-element elementor-element-6c21eae9 elementor-widget elementor-widget-heading\" data-id=\"6c21eae9\" data-element_type=\"widget\" data-e-type=\"widget\" data-widget_type=\"heading.default\">\n\t\t\t\t<div class=\"elementor-widget-container\">\n\t\t\t\t\t<h2 class=\"elementor-heading-title elementor-size-default\">mehr Ausgewogenheit?<\/h2>\t\t\t\t<\/div>\n\t\t\t\t<\/div>\n\t\t\t\t<div class=\"elementor-element elementor-element-6aa8fc3a elementor-widget elementor-widget-heading\" data-id=\"6aa8fc3a\" data-element_type=\"widget\" data-e-type=\"widget\" data-widget_type=\"heading.default\">\n\t\t\t\t<div class=\"elementor-widget-container\">\n\t\t\t\t\t<h3 class=\"elementor-heading-title elementor-size-default\">Raymedys Traum ist es, so vielen Menschen wie m\u00f6glich vollen Einblick in ihren K\u00f6rper zu geben. Das k\u00f6nnen wir nur mit guten Fachleuten erreichen. Glauben Sie auch, dass dies m\u00f6glich ist? Wenn ja, w\u00fcrden wir auch gerne mit Ihnen zusammenarbeiten.<\/h3>\t\t\t\t<\/div>\n\t\t\t\t<\/div>\n\t\t\t\t<div class=\"elementor-element elementor-element-366dc9cc elementor-widget elementor-widget-image\" data-id=\"366dc9cc\" data-element_type=\"widget\" data-e-type=\"widget\" data-widget_type=\"image.default\">\n\t\t\t\t<div class=\"elementor-widget-container\">\n\t\t\t\t\t\t\t\t\t\t\t\t\t\t\t<img decoding=\"async\" width=\"105\" height=\"118\" src=\"https:\/\/raymedy.com\/wp-content\/uploads\/2019\/02\/favicon-groot.png\" class=\"attachment-full size-full wp-image-18723\" alt=\"\" srcset=\"https:\/\/raymedy.com\/wp-content\/uploads\/2019\/02\/favicon-groot.png 105w, https:\/\/raymedy.com\/wp-content\/uploads\/2019\/02\/favicon-groot-62x70.png 62w\" sizes=\"(max-width: 105px) 100vw, 105px\" \/>\t\t\t\t\t\t\t\t\t\t\t\t\t\t\t<\/div>\n\t\t\t\t<\/div>\n\t\t\t\t\t<\/div>\n\t\t<\/div>\n\t\t\t\t\t<\/div>\n\t\t<\/section>\n\t\t\t\t<section class=\"elementor-section elementor-top-section elementor-element elementor-element-f1b7926 elementor-section-boxed elementor-section-height-default elementor-section-height-default\" data-id=\"f1b7926\" data-element_type=\"section\" data-e-type=\"section\" data-settings=\"{&quot;background_background&quot;:&quot;classic&quot;,&quot;_ha_eqh_enable&quot;:false}\">\n\t\t\t\t\t\t<div class=\"elementor-container elementor-column-gap-default\">\n\t\t\t\t\t<div class=\"elementor-column elementor-col-100 elementor-top-column elementor-element elementor-element-b56150f\" data-id=\"b56150f\" data-element_type=\"column\" data-e-type=\"column\">\n\t\t\t<div class=\"elementor-widget-wrap elementor-element-populated\">\n\t\t\t\t\t\t<div class=\"elementor-element elementor-element-1636e31 elementor-widget elementor-widget-heading\" data-id=\"1636e31\" data-element_type=\"widget\" data-e-type=\"widget\" data-widget_type=\"heading.default\">\n\t\t\t\t<div class=\"elementor-widget-container\">\n\t\t\t\t\t<h3 class=\"elementor-heading-title elementor-size-default\">Jeder Mensch ist einzigartig. Jeder Mensch ist anders.<\/h3>\t\t\t\t<\/div>\n\t\t\t\t<\/div>\n\t\t\t\t<div class=\"elementor-element elementor-element-e680a21 elementor-widget elementor-widget-text-editor\" data-id=\"e680a21\" data-element_type=\"widget\" data-e-type=\"widget\" data-widget_type=\"text-editor.default\">\n\t\t\t\t<div class=\"elementor-widget-container\">\n\t\t\t\t\t\t\t\t\t<p>Jeder Mensch ist anders. Mit einem anderen Problem, einer anderen Energie und einem anderen Bedarf. Mit Raymedy&#8217;s geben wir jedem eine einzigartige Energiebehandlung. Wir sorgen daf\u00fcr, dass jeder Mensch mit einem K\u00f6rper, der sein Gleichgewicht wiedergefunden hat, wieder optimal funktionieren kann.<br \/>Bei Raymedy setzen wir die k\u00f6rpereigene Intelligenz ein, um die Heilung zu f\u00f6rdern. Dazu m\u00fcssen wir zun\u00e4chst einen umfassenden Einblick in die Funktionsweise des K\u00f6rpers gewinnen. Durch intensives Messen der Meridiane erhalten wir Einblick in die Funktionsweise Ihrer Organe und Energie. Mit diesem Wissen stimmen unsere Ger\u00e4te die Raymedy-Licht- und Magnetfeldbehandlung auf den Kunden ab.<\/p>\n\t\t\t\t\t\t\t\t<\/div>\n\t\t\t\t<\/div>\n\t\t\t\t\t<\/div>\n\t\t<\/div>\n\t\t\t\t\t<\/div>\n\t\t<\/section>\n\t\t\t\t<section class=\"elementor-section elementor-top-section elementor-element elementor-element-343d2c54 elementor-section-boxed elementor-section-height-default elementor-section-height-default\" data-id=\"343d2c54\" data-element_type=\"section\" data-e-type=\"section\" data-settings=\"{&quot;_ha_eqh_enable&quot;:false}\">\n\t\t\t\t\t\t<div class=\"elementor-container elementor-column-gap-default\">\n\t\t\t\t\t<div class=\"elementor-column elementor-col-100 elementor-top-column elementor-element elementor-element-4be3f33c\" data-id=\"4be3f33c\" data-element_type=\"column\" data-e-type=\"column\">\n\t\t\t<div class=\"elementor-widget-wrap elementor-element-populated\">\n\t\t\t\t\t\t<section class=\"elementor-section elementor-inner-section elementor-element elementor-element-cc1d8bf elementor-section-boxed elementor-section-height-default elementor-section-height-default\" data-id=\"cc1d8bf\" data-element_type=\"section\" data-e-type=\"section\" data-settings=\"{&quot;_ha_eqh_enable&quot;:&quot;yes&quot;,&quot;_ha_eqh_widget&quot;:[&quot;heading&quot;,&quot;text-editor&quot;,&quot;button&quot;],&quot;_ha_eqh_to&quot;:&quot;widget&quot;,&quot;_ha_eqh_disable_on_tablet&quot;:&quot;no&quot;,&quot;_ha_eqh_disable_on_mobile&quot;:&quot;yes&quot;}\">\n\t\t\t\t\t\t<div class=\"elementor-container elementor-column-gap-default\">\n\t\t\t\t\t<div class=\"elementor-column elementor-col-100 elementor-inner-column elementor-element elementor-element-0f86438\" data-id=\"0f86438\" data-element_type=\"column\" data-e-type=\"column\" data-settings=\"{&quot;background_background&quot;:&quot;classic&quot;}\">\n\t\t\t<div class=\"elementor-widget-wrap elementor-element-populated\">\n\t\t\t\t\t\t<div class=\"elementor-element elementor-element-9806c4e elementor-widget elementor-widget-heading\" data-id=\"9806c4e\" data-element_type=\"widget\" data-e-type=\"widget\" data-widget_type=\"heading.default\">\n\t\t\t\t<div class=\"elementor-widget-container\">\n\t\t\t\t\t<h3 class=\"elementor-heading-title elementor-size-default\">Beitritt als Therapeut oder Coach zum Raymedy-Netzwerk<\/h3>\t\t\t\t<\/div>\n\t\t\t\t<\/div>\n\t\t\t\t<div class=\"elementor-element elementor-element-c10bf6f elementor-widget elementor-widget-text-editor\" data-id=\"c10bf6f\" data-element_type=\"widget\" data-e-type=\"widget\" data-widget_type=\"text-editor.default\">\n\t\t\t\t<div class=\"elementor-widget-container\">\n\t\t\t\t\t\t\t\t\t<ul>\n<li>Senden Sie uns eine Nachricht \u00fcber unser Kontaktformular und wir werden uns bei Ihnen melden.<\/li>\n<li>Erforderlich ist mindestens ein HBO-Zertifikat \u00fcber medizinische Grundkenntnisse, aber vorzugsweise haben Sie eine medizinische Ausbildung nach HBO oder auf akademischem Niveau (Krankenpflege, Physiotherapie, Medizin) abgeschlossen.<\/li>\n<li>Erfahrung als Therapeut ist von Vorteil<\/li>\n<li>Sie absolvieren bei uns eine Grundausbildung zum Raymedy-Therapeuten und werden darin gecoacht<\/li>\n<li>Sie schlie\u00dfen mit uns einen Leasingvertrag f\u00fcr das Ger\u00e4t ab<\/li>\n<li>Sie zahlen monatlich f\u00fcr die Softwarelizenz und den Basisvertrag f\u00fcr Service und Support<\/li>\n<\/ul>\n<h3 style=\"text-align: center;\"><span style=\"font-size: 2rem; color: #00ccff;\">Was k\u00f6nnen wir f\u00fcr Sie tun?<\/span><\/h3>\n<ul>\n<li>Durch unsere PR und unser Marketing wird Raymedy bekannter, und auch Ihre Praxis wird mehr Kunden bekommen<\/li>\n<li>Wir stellen Ihnen Marketingmaterialien zur Verf\u00fcgung, die Sie auf Ihrer eigenen Website verwenden oder an Ihre Kunden senden k\u00f6nnen.<\/li>\n<li>Wir organisieren Fortbildungsveranstaltungen und Peer-Review-Treffen<\/li>\n<li>Wir bieten eine umfassende Wissensdatenbank mit Informationen \u00fcber Krankheiten und Behandlungen<\/li>\n<li>Wir arbeiten mit Therapeuten zusammen und bauen die Raymedy-Gemeinschaft aktiv auf<\/li>\n<\/ul>\n\t\t\t\t\t\t\t\t<\/div>\n\t\t\t\t<\/div>\n\t\t\t\t<div class=\"elementor-element elementor-element-9d995f5 elementor-align-center elementor-widget elementor-widget-button\" data-id=\"9d995f5\" data-element_type=\"widget\" data-e-type=\"widget\" data-widget_type=\"button.default\">\n\t\t\t\t<div class=\"elementor-widget-container\">\n\t\t\t\t\t\t\t\t\t<div class=\"elementor-button-wrapper\">\n\t\t\t\t\t<a class=\"elementor-button elementor-button-link elementor-size-sm\" href=\"https:\/\/raymedy.com\/de\/kontaktieren-sie-uns\/\">\n\t\t\t\t\t\t<span class=\"elementor-button-content-wrapper\">\n\t\t\t\t\t\t\t\t\t<span class=\"elementor-button-text\">  ICH M\u00d6CHTE MEHR WISSEN<\/span>\n\t\t\t\t\t<\/span>\n\t\t\t\t\t<\/a>\n\t\t\t\t<\/div>\n\t\t\t\t\t\t\t\t<\/div>\n\t\t\t\t<\/div>\n\t\t\t\t\t<\/div>\n\t\t<\/div>\n\t\t\t\t\t<\/div>\n\t\t<\/section>\n\t\t\t\t\t<\/div>\n\t\t<\/div>\n\t\t\t\t\t<\/div>\n\t\t<\/section>\n\t\t\t\t<\/div>\n\t\t","protected":false},"excerpt":{"rendered":"<p>mehr Ausgewogenheit? Raymedys Traum ist es, so vielen Menschen wie m\u00f6glich vollen Einblick in ihren K\u00f6rper zu geben. Das k\u00f6nnen wir nur mit guten Fachleuten erreichen. Glauben Sie auch, dass dies m\u00f6glich ist? Wenn ja, w\u00fcrden wir auch gerne mit Ihnen zusammenarbeiten. Jeder Mensch ist einzigartig. Jeder Mensch ist anders. Jeder Mensch ist anders. Mit [&hellip;]<\/p>\n","protected":false},"author":10,"featured_media":17419,"parent":18319,"menu_order":1,"comment_status":"closed","ping_status":"closed","template":"elementor_header_footer","meta":{"site-sidebar-layout":"no-sidebar","site-content-layout":"page-builder","ast-site-content-layout":"default","site-content-style":"default","site-sidebar-style":"default","ast-global-header-display":"","ast-banner-title-visibility":"","ast-main-header-display":"","ast-hfb-above-header-display":"","ast-hfb-below-header-display":"","ast-hfb-mobile-header-display":"","site-post-title":"disabled","ast-breadcrumbs-content":"","ast-featured-img":"disabled","footer-sml-layout":"","ast-disable-related-posts":"","theme-transparent-header-meta":"default","adv-header-id-meta":"","stick-header-meta":"default","header-above-stick-meta":"","header-main-stick-meta":"","header-below-stick-meta":"","astra-migrate-meta-layouts":"default","ast-page-background-enabled":"default","ast-page-background-meta":{"desktop":{"background-color":"","background-image":"","background-repeat":"repeat","background-position":"center center","background-size":"auto","background-attachment":"scroll","background-type":"","background-media":"","overlay-type":"","overlay-color":"","overlay-opacity":"","overlay-gradient":""},"tablet":{"background-color":"","background-image":"","background-repeat":"repeat","background-position":"center center","background-size":"auto","background-attachment":"scroll","background-type":"","background-media":"","overlay-type":"","overlay-color":"","overlay-opacity":"","overlay-gradient":""},"mobile":{"background-color":"","background-image":"","background-repeat":"repeat","background-position":"center center","background-size":"auto","background-attachment":"scroll","background-type":"","background-media":"","overlay-type":"","overlay-color":"","overlay-opacity":"","overlay-gradient":""}},"ast-content-background-meta":{"desktop":{"background-color":"var(--ast-global-color-5)","background-image":"","background-repeat":"repeat","background-position":"center center","background-size":"auto","background-attachment":"scroll","background-type":"","background-media":"","overlay-type":"","overlay-color":"","overlay-opacity":"","overlay-gradient":""},"tablet":{"background-color":"var(--ast-global-color-5)","background-image":"","background-repeat":"repeat","background-position":"center center","background-size":"auto","background-attachment":"scroll","background-type":"","background-media":"","overlay-type":"","overlay-color":"","overlay-opacity":"","overlay-gradient":""},"mobile":{"background-color":"var(--ast-global-color-5)","background-image":"","background-repeat":"repeat","background-position":"center center","background-size":"auto","background-attachment":"scroll","background-type":"","background-media":"","overlay-type":"","overlay-color":"","overlay-opacity":"","overlay-gradient":""}},"footnotes":""},"class_list":["post-17290","page","type-page","status-publish","has-post-thumbnail","hentry"],"_links":{"self":[{"href":"https:\/\/raymedy.com\/de\/wp-json\/wp\/v2\/pages\/17290","targetHints":{"allow":["GET"]}}],"collection":[{"href":"https:\/\/raymedy.com\/de\/wp-json\/wp\/v2\/pages"}],"about":[{"href":"https:\/\/raymedy.com\/de\/wp-json\/wp\/v2\/types\/page"}],"author":[{"embeddable":true,"href":"https:\/\/raymedy.com\/de\/wp-json\/wp\/v2\/users\/10"}],"replies":[{"embeddable":true,"href":"https:\/\/raymedy.com\/de\/wp-json\/wp\/v2\/comments?post=17290"}],"version-history":[{"count":43,"href":"https:\/\/raymedy.com\/de\/wp-json\/wp\/v2\/pages\/17290\/revisions"}],"predecessor-version":[{"id":21034,"href":"https:\/\/raymedy.com\/de\/wp-json\/wp\/v2\/pages\/17290\/revisions\/21034"}],"up":[{"embeddable":true,"href":"https:\/\/raymedy.com\/de\/wp-json\/wp\/v2\/pages\/18319"}],"wp:featuredmedia":[{"embeddable":true,"href":"https:\/\/raymedy.com\/de\/wp-json\/wp\/v2\/media\/17419"}],"wp:attachment":[{"href":"https:\/\/raymedy.com\/de\/wp-json\/wp\/v2\/media?parent=17290"}],"curies":[{"name":"wp","href":"https:\/\/api.w.org\/{rel}","templated":true}]}}