{"id":18260,"date":"2019-10-29T00:29:07","date_gmt":"2019-10-29T00:29:07","guid":{"rendered":"https:\/\/raymedy.com\/?page_id=18260"},"modified":"2023-05-10T16:12:09","modified_gmt":"2023-05-10T16:12:09","slug":"wie-funktioniert-raymedy","status":"publish","type":"page","link":"https:\/\/raymedy.com\/de\/unsere-methode\/wie-funktioniert-raymedy\/","title":{"rendered":"Wie funktioniert Raymedy?"},"content":{"rendered":"\t\t<div data-elementor-type=\"wp-page\" data-elementor-id=\"18260\" class=\"elementor elementor-18260 elementor-17739\" data-elementor-settings=\"{&quot;ha_cmc_init_switcher&quot;:&quot;no&quot;}\" data-elementor-post-type=\"page\">\n\t\t\t\t\t\t<section class=\"elementor-section elementor-top-section elementor-element elementor-element-76be2d3 elementor-section-boxed elementor-section-height-default elementor-section-height-default\" data-id=\"76be2d3\" data-element_type=\"section\" data-e-type=\"section\" data-settings=\"{&quot;_ha_eqh_enable&quot;:false}\">\n\t\t\t\t\t\t<div class=\"elementor-container elementor-column-gap-default\">\n\t\t\t\t\t<div class=\"elementor-column elementor-col-100 elementor-top-column elementor-element elementor-element-1cb67a0\" data-id=\"1cb67a0\" data-element_type=\"column\" data-e-type=\"column\">\n\t\t\t<div class=\"elementor-widget-wrap elementor-element-populated\">\n\t\t\t\t\t\t<div class=\"elementor-element elementor-element-8b3ba89 elementor-widget elementor-widget-heading\" data-id=\"8b3ba89\" data-element_type=\"widget\" data-e-type=\"widget\" data-widget_type=\"heading.default\">\n\t\t\t\t<div class=\"elementor-widget-container\">\n\t\t\t\t\t<h2 class=\"elementor-heading-title elementor-size-default\">der einfach nur hilft!<\/h2>\t\t\t\t<\/div>\n\t\t\t\t<\/div>\n\t\t\t\t\t<\/div>\n\t\t<\/div>\n\t\t\t\t\t<\/div>\n\t\t<\/section>\n\t\t\t\t<section class=\"elementor-section elementor-top-section elementor-element elementor-element-5758117 elementor-reverse-mobile elementor-section-boxed elementor-section-height-default elementor-section-height-default\" data-id=\"5758117\" data-element_type=\"section\" data-e-type=\"section\" data-settings=\"{&quot;background_background&quot;:&quot;classic&quot;,&quot;_ha_eqh_enable&quot;:false}\">\n\t\t\t\t\t\t<div class=\"elementor-container elementor-column-gap-default\">\n\t\t\t\t\t<div class=\"elementor-column elementor-col-50 elementor-top-column elementor-element elementor-element-0d91a25\" data-id=\"0d91a25\" data-element_type=\"column\" data-e-type=\"column\">\n\t\t\t<div class=\"elementor-widget-wrap elementor-element-populated\">\n\t\t\t\t\t\t<div class=\"elementor-element elementor-element-fa1751d elementor-widget elementor-widget-heading\" data-id=\"fa1751d\" data-element_type=\"widget\" data-e-type=\"widget\" data-widget_type=\"heading.default\">\n\t\t\t\t<div class=\"elementor-widget-container\">\n\t\t\t\t\t<h3 class=\"elementor-heading-title elementor-size-default\">Einzigartige Kombination von Ost und West<\/h3>\t\t\t\t<\/div>\n\t\t\t\t<\/div>\n\t\t\t\t<div class=\"elementor-element elementor-element-0821dde elementor-widget elementor-widget-text-editor\" data-id=\"0821dde\" data-element_type=\"widget\" data-e-type=\"widget\" data-widget_type=\"text-editor.default\">\n\t\t\t\t<div class=\"elementor-widget-container\">\n\t\t\t\t\t\t\t\t\t<div><span style=\"font-style: inherit; font-weight: inherit;\">Raymedy ist eine einzigartige Therapieform, deren Urspr\u00fcnge in der Biophysik, der Elektroakupunktur und dem Weltraumforschungsprogramm zur Fern\u00fcberwachung und Verbesserung der Gesundheit der Kosmonauten liegen. Raymedy hat daraus ein praktisches Behandlungsger\u00e4t entwickelt, mit dem in den letzten 20 Jahren weltweit \u00fcber eine halbe Million Menschen behandelt wurden.<\/span><\/div>\n<p>Die Therapie basiert auf dem Wissen um die Energiebahnen im K\u00f6rper, die auch die Akupunktur nutzt, um deren Einfluss auf die Gesundheit und um die Wiederherstellung der Gesundheit durch diese Energiebahnen. Raymedy nutzt moderne Mess- und Behandlungsger\u00e4te und eine einzigartige, selbst entwickelte Software, um energetische Ungleichgewichte zu erkennen und zu behandeln. Raymedy behandelt diese Ungleichgewichte mit Licht, pulsierenden elektromagnetischen Feldern und Mikrostr\u00f6men.<\/p>\n\t\t\t\t\t\t\t\t<\/div>\n\t\t\t\t<\/div>\n\t\t\t\t\t<\/div>\n\t\t<\/div>\n\t\t\t\t<div class=\"elementor-column elementor-col-50 elementor-top-column elementor-element elementor-element-1660e07\" data-id=\"1660e07\" data-element_type=\"column\" data-e-type=\"column\">\n\t\t\t<div class=\"elementor-widget-wrap elementor-element-populated\">\n\t\t\t\t\t\t<div class=\"elementor-element elementor-element-169e2e9 elementor-widget elementor-widget-image\" data-id=\"169e2e9\" data-element_type=\"widget\" data-e-type=\"widget\" data-widget_type=\"image.default\">\n\t\t\t\t<div class=\"elementor-widget-container\">\n\t\t\t\t\t\t\t\t\t\t\t\t\t\t\t<img fetchpriority=\"high\" decoding=\"async\" width=\"1140\" height=\"878\" src=\"https:\/\/raymedy.com\/wp-content\/uploads\/2020\/01\/energiebanen.jpg\" class=\"attachment-full size-full wp-image-17983\" alt=\"energiebanen\" srcset=\"https:\/\/raymedy.com\/wp-content\/uploads\/2020\/01\/energiebanen.jpg 1140w, https:\/\/raymedy.com\/wp-content\/uploads\/2020\/01\/energiebanen-300x231.jpg 300w, https:\/\/raymedy.com\/wp-content\/uploads\/2020\/01\/energiebanen-768x591.jpg 768w, https:\/\/raymedy.com\/wp-content\/uploads\/2020\/01\/energiebanen-1024x789.jpg 1024w, https:\/\/raymedy.com\/wp-content\/uploads\/2020\/01\/energiebanen-70x54.jpg 70w, https:\/\/raymedy.com\/wp-content\/uploads\/2020\/01\/energiebanen-620x478.jpg 620w, https:\/\/raymedy.com\/wp-content\/uploads\/2020\/01\/energiebanen-600x462.jpg 600w\" sizes=\"(max-width: 1140px) 100vw, 1140px\" \/>\t\t\t\t\t\t\t\t\t\t\t\t\t\t\t<\/div>\n\t\t\t\t<\/div>\n\t\t\t\t\t<\/div>\n\t\t<\/div>\n\t\t\t\t\t<\/div>\n\t\t<\/section>\n\t\t\t\t<section class=\"elementor-section elementor-top-section elementor-element elementor-element-4d8b6d8 elementor-section-boxed elementor-section-height-default elementor-section-height-default\" data-id=\"4d8b6d8\" data-element_type=\"section\" data-e-type=\"section\" data-settings=\"{&quot;_ha_eqh_enable&quot;:false}\">\n\t\t\t\t\t\t<div class=\"elementor-container elementor-column-gap-default\">\n\t\t\t\t\t<div class=\"elementor-column elementor-col-50 elementor-top-column elementor-element elementor-element-0f2a08a\" data-id=\"0f2a08a\" data-element_type=\"column\" data-e-type=\"column\">\n\t\t\t<div class=\"elementor-widget-wrap elementor-element-populated\">\n\t\t\t\t\t\t<div class=\"elementor-element elementor-element-9170a01 elementor-widget elementor-widget-image\" data-id=\"9170a01\" data-element_type=\"widget\" data-e-type=\"widget\" data-widget_type=\"image.default\">\n\t\t\t\t<div class=\"elementor-widget-container\">\n\t\t\t\t\t\t\t\t\t\t\t\t\t\t\t<img decoding=\"async\" width=\"800\" height=\"451\" src=\"https:\/\/raymedy.com\/wp-content\/uploads\/2020\/01\/ReadMe-en-PowerMe-klein.jpg\" class=\"attachment-full size-full wp-image-18042\" alt=\"ReadMe und PowerMe\" srcset=\"https:\/\/raymedy.com\/wp-content\/uploads\/2020\/01\/ReadMe-en-PowerMe-klein.jpg 800w, https:\/\/raymedy.com\/wp-content\/uploads\/2020\/01\/ReadMe-en-PowerMe-klein-300x169.jpg 300w, https:\/\/raymedy.com\/wp-content\/uploads\/2020\/01\/ReadMe-en-PowerMe-klein-768x433.jpg 768w, https:\/\/raymedy.com\/wp-content\/uploads\/2020\/01\/ReadMe-en-PowerMe-klein-70x39.jpg 70w, https:\/\/raymedy.com\/wp-content\/uploads\/2020\/01\/ReadMe-en-PowerMe-klein-620x350.jpg 620w, https:\/\/raymedy.com\/wp-content\/uploads\/2020\/01\/ReadMe-en-PowerMe-klein-600x338.jpg 600w\" sizes=\"(max-width: 800px) 100vw, 800px\" \/>\t\t\t\t\t\t\t\t\t\t\t\t\t\t\t<\/div>\n\t\t\t\t<\/div>\n\t\t\t\t\t<\/div>\n\t\t<\/div>\n\t\t\t\t<div class=\"elementor-column elementor-col-50 elementor-top-column elementor-element elementor-element-f252c80\" data-id=\"f252c80\" data-element_type=\"column\" data-e-type=\"column\">\n\t\t\t<div class=\"elementor-widget-wrap elementor-element-populated\">\n\t\t\t\t\t\t<div class=\"elementor-element elementor-element-304d1ac elementor-widget elementor-widget-heading\" data-id=\"304d1ac\" data-element_type=\"widget\" data-e-type=\"widget\" data-widget_type=\"heading.default\">\n\t\t\t\t<div class=\"elementor-widget-container\">\n\t\t\t\t\t<h2 class=\"elementor-heading-title elementor-size-default\">Harmonie in Ihrem K\u00f6rper<\/h2>\t\t\t\t<\/div>\n\t\t\t\t<\/div>\n\t\t\t\t<div class=\"elementor-element elementor-element-eb9fb76 elementor-widget elementor-widget-text-editor\" data-id=\"eb9fb76\" data-element_type=\"widget\" data-e-type=\"widget\" data-widget_type=\"text-editor.default\">\n\t\t\t\t<div class=\"elementor-widget-container\">\n\t\t\t\t\t\t\t\t\t<p>Die Raymedy-Therapie bringt Ihren K\u00f6rper wieder in ein Gleichgewicht, das dem urspr\u00fcnglichen, gesunden Zustand Ihres K\u00f6rpers so weit wie m\u00f6glich nahe kommt. Das Ziel ist es, die Organe und K\u00f6rperfunktionen wieder in Einklang zu bringen. Viele Beschwerden und Zust\u00e4nde k\u00f6nnen in wenigen Behandlungen verbessert werden, einige Probleme wie Jetlag nach nur einer Behandlung.<\/p>\n<p>Mit den neuen ReadMe- und PowerMe-Ger\u00e4ten k\u00f6nnen Sie sich einfach zu Hause verw\u00f6hnen.  <a href=\"https:\/\/raymedy.com\/onze-methode\/aanpak\/\">Lesen Sie hier, wie das funktioniert.<\/a><\/p><\/p>\n\t\t\t\t\t\t\t\t<\/div>\n\t\t\t\t<\/div>\n\t\t\t\t\t<\/div>\n\t\t<\/div>\n\t\t\t\t\t<\/div>\n\t\t<\/section>\n\t\t\t\t<\/div>\n\t\t","protected":false},"excerpt":{"rendered":"<p>der einfach nur hilft! Einzigartige Kombination von Ost und West Raymedy ist eine einzigartige Therapieform, deren Urspr\u00fcnge in der Biophysik, der Elektroakupunktur und dem Weltraumforschungsprogramm zur Fern\u00fcberwachung und Verbesserung der Gesundheit der Kosmonauten liegen. Raymedy hat daraus ein praktisches Behandlungsger\u00e4t entwickelt, mit dem in den letzten 20 Jahren weltweit \u00fcber eine halbe Million Menschen behandelt [&hellip;]<\/p>\n","protected":false},"author":10,"featured_media":17968,"parent":17102,"menu_order":0,"comment_status":"closed","ping_status":"closed","template":"elementor_header_footer","meta":{"site-sidebar-layout":"no-sidebar","site-content-layout":"page-builder","ast-site-content-layout":"default","site-content-style":"default","site-sidebar-style":"default","ast-global-header-display":"","ast-banner-title-visibility":"","ast-main-header-display":"","ast-hfb-above-header-display":"","ast-hfb-below-header-display":"","ast-hfb-mobile-header-display":"","site-post-title":"disabled","ast-breadcrumbs-content":"","ast-featured-img":"disabled","footer-sml-layout":"","ast-disable-related-posts":"","theme-transparent-header-meta":"default","adv-header-id-meta":"","stick-header-meta":"default","header-above-stick-meta":"","header-main-stick-meta":"","header-below-stick-meta":"","astra-migrate-meta-layouts":"default","ast-page-background-enabled":"default","ast-page-background-meta":{"desktop":{"background-color":"","background-image":"","background-repeat":"repeat","background-position":"center center","background-size":"auto","background-attachment":"scroll","background-type":"","background-media":"","overlay-type":"","overlay-color":"","overlay-opacity":"","overlay-gradient":""},"tablet":{"background-color":"","background-image":"","background-repeat":"repeat","background-position":"center center","background-size":"auto","background-attachment":"scroll","background-type":"","background-media":"","overlay-type":"","overlay-color":"","overlay-opacity":"","overlay-gradient":""},"mobile":{"background-color":"","background-image":"","background-repeat":"repeat","background-position":"center center","background-size":"auto","background-attachment":"scroll","background-type":"","background-media":"","overlay-type":"","overlay-color":"","overlay-opacity":"","overlay-gradient":""}},"ast-content-background-meta":{"desktop":{"background-color":"var(--ast-global-color-5)","background-image":"","background-repeat":"repeat","background-position":"center center","background-size":"auto","background-attachment":"scroll","background-type":"","background-media":"","overlay-type":"","overlay-color":"","overlay-opacity":"","overlay-gradient":""},"tablet":{"background-color":"var(--ast-global-color-5)","background-image":"","background-repeat":"repeat","background-position":"center center","background-size":"auto","background-attachment":"scroll","background-type":"","background-media":"","overlay-type":"","overlay-color":"","overlay-opacity":"","overlay-gradient":""},"mobile":{"background-color":"var(--ast-global-color-5)","background-image":"","background-repeat":"repeat","background-position":"center center","background-size":"auto","background-attachment":"scroll","background-type":"","background-media":"","overlay-type":"","overlay-color":"","overlay-opacity":"","overlay-gradient":""}},"footnotes":""},"class_list":["post-18260","page","type-page","status-publish","has-post-thumbnail","hentry"],"_links":{"self":[{"href":"https:\/\/raymedy.com\/de\/wp-json\/wp\/v2\/pages\/18260","targetHints":{"allow":["GET"]}}],"collection":[{"href":"https:\/\/raymedy.com\/de\/wp-json\/wp\/v2\/pages"}],"about":[{"href":"https:\/\/raymedy.com\/de\/wp-json\/wp\/v2\/types\/page"}],"author":[{"embeddable":true,"href":"https:\/\/raymedy.com\/de\/wp-json\/wp\/v2\/users\/10"}],"replies":[{"embeddable":true,"href":"https:\/\/raymedy.com\/de\/wp-json\/wp\/v2\/comments?post=18260"}],"version-history":[{"count":20,"href":"https:\/\/raymedy.com\/de\/wp-json\/wp\/v2\/pages\/18260\/revisions"}],"predecessor-version":[{"id":20465,"href":"https:\/\/raymedy.com\/de\/wp-json\/wp\/v2\/pages\/18260\/revisions\/20465"}],"up":[{"embeddable":true,"href":"https:\/\/raymedy.com\/de\/wp-json\/wp\/v2\/pages\/17102"}],"wp:featuredmedia":[{"embeddable":true,"href":"https:\/\/raymedy.com\/de\/wp-json\/wp\/v2\/media\/17968"}],"wp:attachment":[{"href":"https:\/\/raymedy.com\/de\/wp-json\/wp\/v2\/media?parent=18260"}],"curies":[{"name":"wp","href":"https:\/\/api.w.org\/{rel}","templated":true}]}}