{"id":18267,"date":"2019-10-29T00:29:53","date_gmt":"2019-10-29T00:29:53","guid":{"rendered":"https:\/\/raymedy.com\/unsere-methode\/unser-vorgehen\/"},"modified":"2023-06-15T07:57:47","modified_gmt":"2023-06-15T07:57:47","slug":"unser-vorgehen","status":"publish","type":"page","link":"https:\/\/raymedy.com\/de\/unsere-methode\/unser-vorgehen\/","title":{"rendered":"Unser Ansatz"},"content":{"rendered":"\t\t<div data-elementor-type=\"wp-page\" data-elementor-id=\"18267\" class=\"elementor elementor-18267 elementor-17741\" data-elementor-settings=\"{&quot;ha_cmc_init_switcher&quot;:&quot;no&quot;}\" data-elementor-post-type=\"page\">\n\t\t\t\t\t\t<section class=\"elementor-section elementor-top-section elementor-element elementor-element-85bae22 elementor-section-boxed elementor-section-height-default elementor-section-height-default\" data-id=\"85bae22\" data-element_type=\"section\" data-e-type=\"section\" data-settings=\"{&quot;background_background&quot;:&quot;classic&quot;,&quot;_ha_eqh_enable&quot;:false}\">\n\t\t\t\t\t\t<div class=\"elementor-container elementor-column-gap-default\">\n\t\t\t\t\t<div class=\"elementor-column elementor-col-100 elementor-top-column elementor-element elementor-element-e7300fc\" data-id=\"e7300fc\" data-element_type=\"column\" data-e-type=\"column\">\n\t\t\t<div class=\"elementor-widget-wrap elementor-element-populated\">\n\t\t\t\t\t\t<div class=\"elementor-element elementor-element-c21a043 elementor-widget elementor-widget-heading\" data-id=\"c21a043\" data-element_type=\"widget\" data-e-type=\"widget\" data-widget_type=\"heading.default\">\n\t\t\t\t<div class=\"elementor-widget-container\">\n\t\t\t\t\t<h2 class=\"elementor-heading-title elementor-size-default\">bessere Gesundheit<\/h2>\t\t\t\t<\/div>\n\t\t\t\t<\/div>\n\t\t\t\t<div class=\"elementor-element elementor-element-e22fe65 elementor-widget elementor-widget-heading\" data-id=\"e22fe65\" data-element_type=\"widget\" data-e-type=\"widget\" data-widget_type=\"heading.default\">\n\t\t\t\t<div class=\"elementor-widget-container\">\n\t\t\t\t\t<h3 class=\"elementor-heading-title elementor-size-default\">Raymedy-Therapeut hinzuziehen<\/h3>\t\t\t\t<\/div>\n\t\t\t\t<\/div>\n\t\t\t\t<div class=\"elementor-element elementor-element-f14d0ef elementor-widget elementor-widget-text-editor\" data-id=\"f14d0ef\" data-element_type=\"widget\" data-e-type=\"widget\" data-widget_type=\"text-editor.default\">\n\t\t\t\t<div class=\"elementor-widget-container\">\n\t\t\t\t\t\t\t\t\t<p>Raymedy verf\u00fcgt \u00fcber ein eigenes Netz von Therapeuten. Diese Therapeuten haben eine Ausbildung bei Raymedy absolviert und sind mit der Durchf\u00fchrung von Messungen und Behandlungen vertraut. Zu diesem Zweck steht ihnen unsere professionelle Raymedy-Ausr\u00fcstung zur Verf\u00fcgung.<\/p>\n<p>Sie k\u00f6nnen einen Raymedy-Therapeuten in Ihrer N\u00e4he finden, indem Sie unsere praktische Suchfunktion auf der Seite <a href=\"http:\/\/raymedy.sandervogels.com\/therapeuten-2\/zoek-een-therapeut\/\">Therapeut finden<\/a> nutzen.<\/p>\n\t\t\t\t\t\t\t\t<\/div>\n\t\t\t\t<\/div>\n\t\t\t\t<section class=\"elementor-section elementor-inner-section elementor-element elementor-element-fc6733c elementor-section-boxed elementor-section-height-default elementor-section-height-default\" data-id=\"fc6733c\" data-element_type=\"section\" data-e-type=\"section\" data-settings=\"{&quot;_ha_eqh_enable&quot;:false}\">\n\t\t\t\t\t\t<div class=\"elementor-container elementor-column-gap-default\">\n\t\t\t\t\t<div class=\"elementor-column elementor-col-50 elementor-inner-column elementor-element elementor-element-a0800fa\" data-id=\"a0800fa\" data-element_type=\"column\" data-e-type=\"column\">\n\t\t\t<div class=\"elementor-widget-wrap elementor-element-populated\">\n\t\t\t\t\t\t<div class=\"elementor-element elementor-element-c73a818 elementor-widget elementor-widget-heading\" data-id=\"c73a818\" data-element_type=\"widget\" data-e-type=\"widget\" data-widget_type=\"heading.default\">\n\t\t\t\t<div class=\"elementor-widget-container\">\n\t\t\t\t\t<h3 class=\"elementor-heading-title elementor-size-default\">Verw\u00f6hnen Sie sich mit ReadMe und PowerMe<\/h3>\t\t\t\t<\/div>\n\t\t\t\t<\/div>\n\t\t\t\t<div class=\"elementor-element elementor-element-dbcd79e elementor-widget elementor-widget-text-editor\" data-id=\"dbcd79e\" data-element_type=\"widget\" data-e-type=\"widget\" data-widget_type=\"text-editor.default\">\n\t\t\t\t<div class=\"elementor-widget-container\">\n\t\t\t\t\t\t\t\t\t<p>Wenn Sie sich etwas g\u00f6nnen wollen, m\u00fcssen Sie zun\u00e4chst das ReadMe und das PowerMe kaufen.<\/p>\n<p><span style=\"color: #00ccff;\">DERZEIT LEIDER AUSVERKAUFT<\/span><\/p>\n<ol>\n<li>Nach dem Kauf erhalten Sie das ReadMe-Armband mit ReadMe-Messstift, die PowerMe-Behandlungseinheit und einen Link zu unserer Read&amp;PowerMe-Smartphone-App f\u00fcr das iPhone. (Android ist in Produktion)<\/li>\n<li>Sie starten die Raymedy-App und beantworten einige Fragen zu Ihrem geistigen Zustand und Ihrer k\u00f6rperlichen Gesundheit.<\/li>\n<li>Mit dem ReadMe messen Sie eine Reihe von Energiepunkten an Ihren Fingern und Zehen, die Energiebilanz Ihres K\u00f6rpers. Es werden zwei Messungen durchgef\u00fchrt:<\/li>\n<\/ol>\n<h4>Impedanzmessung<\/h4>\n<p>Diese Widerstandsmessung misst, wo Ihre Meridiane nicht richtig flie\u00dfen. Wir messen an den Anfangs- und Endpunkten dieser Meridiane, weil es dann einfacher ist zu sehen, wo die Beschwerden liegen. Die 24 Messungen sind schmerzlos und pr\u00e4zise.<\/p>\n<ol start=\"5\">\n<li>Der ReadMe-Stift \u00fcbertr\u00e4gt die Ergebnisse drahtlos an die ReadMe-App. Anhand der Messdaten analysiert es die Energiebilanz in den verschiedenen Meridianen. Sobald alles zugewiesen ist, erstellt die ReadMe-App einen Behandlungsplan mit dem PowerMe und richtet es drahtlos ein. Diese Behandlung zielt darauf ab, das Energiegleichgewicht in Ihren Meridianen wiederherzustellen und dadurch Ihre Symptome zu beseitigen oder zu reduzieren.<\/li>\n<li>Die ReadMe-App gibt Ihnen genaue Anweisungen, wo und wie lange Sie das PowerMe halten m\u00fcssen. Auf diese Weise k\u00f6nnen Sie Ihre Energiepunkte ganz einfach selbst behandeln und mit der richtigen Energie versorgen.<\/li>\n<li>Nach der ersten Behandlung bemerken Sie in der Regel eine sofortige Reaktion, da das Energiegleichgewicht sofort wiederhergestellt wird. Diese Behandlung f\u00fchren Sie dann regelm\u00e4\u00dfig durch, bis Ihre Beschwerden ausreichend oder vollst\u00e4ndig abgeklungen sind. Mit jeder Messung k\u00f6nnen Sie feststellen, wie weit die Genesung fortgeschritten ist.<\/li>\n<\/ol>\n<p><span style=\"font-style: inherit; font-weight: inherit;\">Die Behandlung hat Ihr Gleichgewicht in Ihrem K\u00f6rper wiederhergestellt und Sie haben ein besseres Verst\u00e4ndnis f\u00fcr Ihre eigene Energiehaltung gewonnen, aber jetzt liegt es an Ihnen, im Gleichgewicht zu bleiben. Die App gibt verschiedene Gesundheitsempfehlungen weiter und stellt Zusammenh\u00e4nge zwischen Ihrem Verhalten und den Auswirkungen auf Ihre Meridiane her. Sie k\u00f6nnen auch einen Therapeuten \u00fcber die App beauftragen. Sie k\u00f6nnen die Messergebnisse direkt \u00fcber die App senden, und der Therapeut wird Sie kontaktieren, um sie zu besprechen. Wenn er oder sie es f\u00fcr ratsam h\u00e4lt, werden Sie zu einem pers\u00f6nlichen Gespr\u00e4ch in die Praxis eingeladen.<\/span><\/p>\n\t\t\t\t\t\t\t\t<\/div>\n\t\t\t\t<\/div>\n\t\t\t\t\t<\/div>\n\t\t<\/div>\n\t\t\t\t<div class=\"elementor-column elementor-col-50 elementor-inner-column elementor-element elementor-element-01f22ad\" data-id=\"01f22ad\" data-element_type=\"column\" data-e-type=\"column\">\n\t\t\t<div class=\"elementor-widget-wrap elementor-element-populated\">\n\t\t\t\t\t\t<div class=\"elementor-element elementor-element-fa32c3b elementor-widget elementor-widget-image\" data-id=\"fa32c3b\" data-element_type=\"widget\" data-e-type=\"widget\" data-widget_type=\"image.default\">\n\t\t\t\t<div class=\"elementor-widget-container\">\n\t\t\t\t\t\t\t\t\t\t\t\t\t\t\t<img fetchpriority=\"high\" decoding=\"async\" width=\"806\" height=\"803\" src=\"https:\/\/raymedy.com\/wp-content\/uploads\/2020\/01\/ReadMe-PowerMe.jpg\" class=\"attachment-full size-full wp-image-17995\" alt=\"Raymedy ReadMe - PowerMe\" srcset=\"https:\/\/raymedy.com\/wp-content\/uploads\/2020\/01\/ReadMe-PowerMe.jpg 806w, https:\/\/raymedy.com\/wp-content\/uploads\/2020\/01\/ReadMe-PowerMe-150x150.jpg 150w, https:\/\/raymedy.com\/wp-content\/uploads\/2020\/01\/ReadMe-PowerMe-300x300.jpg 300w, https:\/\/raymedy.com\/wp-content\/uploads\/2020\/01\/ReadMe-PowerMe-768x765.jpg 768w, https:\/\/raymedy.com\/wp-content\/uploads\/2020\/01\/ReadMe-PowerMe-100x100.jpg 100w, https:\/\/raymedy.com\/wp-content\/uploads\/2020\/01\/ReadMe-PowerMe-70x70.jpg 70w, https:\/\/raymedy.com\/wp-content\/uploads\/2020\/01\/ReadMe-PowerMe-278x278.jpg 278w, https:\/\/raymedy.com\/wp-content\/uploads\/2020\/01\/ReadMe-PowerMe-620x618.jpg 620w, https:\/\/raymedy.com\/wp-content\/uploads\/2020\/01\/ReadMe-PowerMe-600x598.jpg 600w, https:\/\/raymedy.com\/wp-content\/uploads\/2020\/01\/ReadMe-PowerMe-65x65.jpg 65w\" sizes=\"(max-width: 806px) 100vw, 806px\" \/>\t\t\t\t\t\t\t\t\t\t\t\t\t\t\t<\/div>\n\t\t\t\t<\/div>\n\t\t\t\t<div class=\"elementor-element elementor-element-43e723f elementor-widget elementor-widget-image\" data-id=\"43e723f\" data-element_type=\"widget\" data-e-type=\"widget\" data-widget_type=\"image.default\">\n\t\t\t\t<div class=\"elementor-widget-container\">\n\t\t\t\t\t\t\t\t\t\t\t\t\t\t\t<img decoding=\"async\" width=\"806\" height=\"804\" src=\"https:\/\/raymedy.com\/wp-content\/uploads\/2020\/01\/App.jpg\" class=\"attachment-full size-full wp-image-17998\" alt=\"Raymedy app\" srcset=\"https:\/\/raymedy.com\/wp-content\/uploads\/2020\/01\/App.jpg 806w, https:\/\/raymedy.com\/wp-content\/uploads\/2020\/01\/App-150x150.jpg 150w, https:\/\/raymedy.com\/wp-content\/uploads\/2020\/01\/App-300x300.jpg 300w, https:\/\/raymedy.com\/wp-content\/uploads\/2020\/01\/App-768x766.jpg 768w, https:\/\/raymedy.com\/wp-content\/uploads\/2020\/01\/App-100x100.jpg 100w, https:\/\/raymedy.com\/wp-content\/uploads\/2020\/01\/App-70x70.jpg 70w, https:\/\/raymedy.com\/wp-content\/uploads\/2020\/01\/App-556x556.jpg 556w, https:\/\/raymedy.com\/wp-content\/uploads\/2020\/01\/App-278x278.jpg 278w, https:\/\/raymedy.com\/wp-content\/uploads\/2020\/01\/App-620x618.jpg 620w, https:\/\/raymedy.com\/wp-content\/uploads\/2020\/01\/App-600x599.jpg 600w, https:\/\/raymedy.com\/wp-content\/uploads\/2020\/01\/App-65x65.jpg 65w\" sizes=\"(max-width: 806px) 100vw, 806px\" \/>\t\t\t\t\t\t\t\t\t\t\t\t\t\t\t<\/div>\n\t\t\t\t<\/div>\n\t\t\t\t<div class=\"elementor-element elementor-element-058380a elementor-widget elementor-widget-image\" data-id=\"058380a\" data-element_type=\"widget\" data-e-type=\"widget\" data-widget_type=\"image.default\">\n\t\t\t\t<div class=\"elementor-widget-container\">\n\t\t\t\t\t\t\t\t\t\t\t\t\t\t\t<img decoding=\"async\" width=\"806\" height=\"806\" src=\"https:\/\/raymedy.com\/wp-content\/uploads\/2020\/01\/ReadMe-meting.jpg\" class=\"attachment-full size-full wp-image-18001\" alt=\"Raymedy ReadMe\" srcset=\"https:\/\/raymedy.com\/wp-content\/uploads\/2020\/01\/ReadMe-meting.jpg 806w, https:\/\/raymedy.com\/wp-content\/uploads\/2020\/01\/ReadMe-meting-150x150.jpg 150w, https:\/\/raymedy.com\/wp-content\/uploads\/2020\/01\/ReadMe-meting-300x300.jpg 300w, https:\/\/raymedy.com\/wp-content\/uploads\/2020\/01\/ReadMe-meting-768x768.jpg 768w, https:\/\/raymedy.com\/wp-content\/uploads\/2020\/01\/ReadMe-meting-100x100.jpg 100w, https:\/\/raymedy.com\/wp-content\/uploads\/2020\/01\/ReadMe-meting-70x70.jpg 70w, https:\/\/raymedy.com\/wp-content\/uploads\/2020\/01\/ReadMe-meting-556x556.jpg 556w, https:\/\/raymedy.com\/wp-content\/uploads\/2020\/01\/ReadMe-meting-278x278.jpg 278w, https:\/\/raymedy.com\/wp-content\/uploads\/2020\/01\/ReadMe-meting-620x620.jpg 620w, https:\/\/raymedy.com\/wp-content\/uploads\/2020\/01\/ReadMe-meting-600x600.jpg 600w, https:\/\/raymedy.com\/wp-content\/uploads\/2020\/01\/ReadMe-meting-65x65.jpg 65w\" sizes=\"(max-width: 806px) 100vw, 806px\" \/>\t\t\t\t\t\t\t\t\t\t\t\t\t\t\t<\/div>\n\t\t\t\t<\/div>\n\t\t\t\t<div class=\"elementor-element elementor-element-8ede3b6 elementor-widget elementor-widget-image\" data-id=\"8ede3b6\" data-element_type=\"widget\" data-e-type=\"widget\" data-widget_type=\"image.default\">\n\t\t\t\t<div class=\"elementor-widget-container\">\n\t\t\t\t\t\t\t\t\t\t\t\t\t\t\t<img loading=\"lazy\" decoding=\"async\" width=\"806\" height=\"803\" src=\"https:\/\/raymedy.com\/wp-content\/uploads\/2020\/01\/PowerMe-healing.jpg\" class=\"attachment-full size-full wp-image-18004\" alt=\"Raymedy\" srcset=\"https:\/\/raymedy.com\/wp-content\/uploads\/2020\/01\/PowerMe-healing.jpg 806w, https:\/\/raymedy.com\/wp-content\/uploads\/2020\/01\/PowerMe-healing-150x150.jpg 150w, https:\/\/raymedy.com\/wp-content\/uploads\/2020\/01\/PowerMe-healing-300x300.jpg 300w, https:\/\/raymedy.com\/wp-content\/uploads\/2020\/01\/PowerMe-healing-768x765.jpg 768w, https:\/\/raymedy.com\/wp-content\/uploads\/2020\/01\/PowerMe-healing-100x100.jpg 100w, https:\/\/raymedy.com\/wp-content\/uploads\/2020\/01\/PowerMe-healing-70x70.jpg 70w, https:\/\/raymedy.com\/wp-content\/uploads\/2020\/01\/PowerMe-healing-278x278.jpg 278w, https:\/\/raymedy.com\/wp-content\/uploads\/2020\/01\/PowerMe-healing-620x618.jpg 620w, https:\/\/raymedy.com\/wp-content\/uploads\/2020\/01\/PowerMe-healing-600x598.jpg 600w, https:\/\/raymedy.com\/wp-content\/uploads\/2020\/01\/PowerMe-healing-65x65.jpg 65w\" sizes=\"(max-width: 806px) 100vw, 806px\" \/>\t\t\t\t\t\t\t\t\t\t\t\t\t\t\t<\/div>\n\t\t\t\t<\/div>\n\t\t\t\t\t<\/div>\n\t\t<\/div>\n\t\t\t\t\t<\/div>\n\t\t<\/section>\n\t\t\t\t\t<\/div>\n\t\t<\/div>\n\t\t\t\t\t<\/div>\n\t\t<\/section>\n\t\t\t\t<section class=\"elementor-section elementor-top-section elementor-element elementor-element-c49bcd9 elementor-section-boxed elementor-section-height-default elementor-section-height-default\" data-id=\"c49bcd9\" data-element_type=\"section\" data-e-type=\"section\" data-settings=\"{&quot;_ha_eqh_enable&quot;:false}\">\n\t\t\t\t\t\t<div class=\"elementor-container elementor-column-gap-default\">\n\t\t\t\t\t<div class=\"elementor-column elementor-col-16 elementor-top-column elementor-element elementor-element-c22f256\" data-id=\"c22f256\" data-element_type=\"column\" data-e-type=\"column\">\n\t\t\t<div class=\"elementor-widget-wrap\">\n\t\t\t\t\t\t\t<\/div>\n\t\t<\/div>\n\t\t\t\t<div class=\"elementor-column elementor-col-66 elementor-top-column elementor-element elementor-element-5f75fbe\" data-id=\"5f75fbe\" data-element_type=\"column\" data-e-type=\"column\">\n\t\t\t<div class=\"elementor-widget-wrap elementor-element-populated\">\n\t\t\t\t\t\t<div class=\"elementor-element elementor-element-016247f elementor-widget elementor-widget-video\" data-id=\"016247f\" data-element_type=\"widget\" data-e-type=\"widget\" data-settings=\"{&quot;youtube_url&quot;:&quot;https:\\\/\\\/www.youtube.com\\\/watch?v=Uzc2P-bfH_0&quot;,&quot;video_type&quot;:&quot;youtube&quot;,&quot;controls&quot;:&quot;yes&quot;}\" data-widget_type=\"video.default\">\n\t\t\t\t<div class=\"elementor-widget-container\">\n\t\t\t\t\t\t\t<div class=\"elementor-wrapper elementor-open-inline\">\n\t\t\t<div class=\"elementor-video\"><\/div>\t\t<\/div>\n\t\t\t\t\t\t<\/div>\n\t\t\t\t<\/div>\n\t\t\t\t\t<\/div>\n\t\t<\/div>\n\t\t\t\t<div class=\"elementor-column elementor-col-16 elementor-top-column elementor-element elementor-element-aade2a8\" data-id=\"aade2a8\" data-element_type=\"column\" data-e-type=\"column\">\n\t\t\t<div class=\"elementor-widget-wrap\">\n\t\t\t\t\t\t\t<\/div>\n\t\t<\/div>\n\t\t\t\t\t<\/div>\n\t\t<\/section>\n\t\t\t\t<\/div>\n\t\t","protected":false},"excerpt":{"rendered":"<p>bessere Gesundheit Raymedy-Therapeut hinzuziehen Raymedy verf\u00fcgt \u00fcber ein eigenes Netz von Therapeuten. Diese Therapeuten haben eine Ausbildung bei Raymedy absolviert und sind mit der Durchf\u00fchrung von Messungen und Behandlungen vertraut. Zu diesem Zweck steht ihnen unsere professionelle Raymedy-Ausr\u00fcstung zur Verf\u00fcgung. Sie k\u00f6nnen einen Raymedy-Therapeuten in Ihrer N\u00e4he finden, indem Sie unsere praktische Suchfunktion auf der [&hellip;]<\/p>\n","protected":false},"author":10,"featured_media":17988,"parent":17102,"menu_order":1,"comment_status":"closed","ping_status":"closed","template":"elementor_header_footer","meta":{"site-sidebar-layout":"no-sidebar","site-content-layout":"page-builder","ast-site-content-layout":"default","site-content-style":"default","site-sidebar-style":"default","ast-global-header-display":"","ast-banner-title-visibility":"","ast-main-header-display":"","ast-hfb-above-header-display":"","ast-hfb-below-header-display":"","ast-hfb-mobile-header-display":"","site-post-title":"disabled","ast-breadcrumbs-content":"","ast-featured-img":"disabled","footer-sml-layout":"","ast-disable-related-posts":"","theme-transparent-header-meta":"default","adv-header-id-meta":"","stick-header-meta":"default","header-above-stick-meta":"","header-main-stick-meta":"","header-below-stick-meta":"","astra-migrate-meta-layouts":"default","ast-page-background-enabled":"default","ast-page-background-meta":{"desktop":{"background-color":"","background-image":"","background-repeat":"repeat","background-position":"center center","background-size":"auto","background-attachment":"scroll","background-type":"","background-media":"","overlay-type":"","overlay-color":"","overlay-opacity":"","overlay-gradient":""},"tablet":{"background-color":"","background-image":"","background-repeat":"repeat","background-position":"center center","background-size":"auto","background-attachment":"scroll","background-type":"","background-media":"","overlay-type":"","overlay-color":"","overlay-opacity":"","overlay-gradient":""},"mobile":{"background-color":"","background-image":"","background-repeat":"repeat","background-position":"center center","background-size":"auto","background-attachment":"scroll","background-type":"","background-media":"","overlay-type":"","overlay-color":"","overlay-opacity":"","overlay-gradient":""}},"ast-content-background-meta":{"desktop":{"background-color":"var(--ast-global-color-5)","background-image":"","background-repeat":"repeat","background-position":"center center","background-size":"auto","background-attachment":"scroll","background-type":"","background-media":"","overlay-type":"","overlay-color":"","overlay-opacity":"","overlay-gradient":""},"tablet":{"background-color":"var(--ast-global-color-5)","background-image":"","background-repeat":"repeat","background-position":"center center","background-size":"auto","background-attachment":"scroll","background-type":"","background-media":"","overlay-type":"","overlay-color":"","overlay-opacity":"","overlay-gradient":""},"mobile":{"background-color":"var(--ast-global-color-5)","background-image":"","background-repeat":"repeat","background-position":"center center","background-size":"auto","background-attachment":"scroll","background-type":"","background-media":"","overlay-type":"","overlay-color":"","overlay-opacity":"","overlay-gradient":""}},"footnotes":""},"class_list":["post-18267","page","type-page","status-publish","has-post-thumbnail","hentry"],"_links":{"self":[{"href":"https:\/\/raymedy.com\/de\/wp-json\/wp\/v2\/pages\/18267","targetHints":{"allow":["GET"]}}],"collection":[{"href":"https:\/\/raymedy.com\/de\/wp-json\/wp\/v2\/pages"}],"about":[{"href":"https:\/\/raymedy.com\/de\/wp-json\/wp\/v2\/types\/page"}],"author":[{"embeddable":true,"href":"https:\/\/raymedy.com\/de\/wp-json\/wp\/v2\/users\/10"}],"replies":[{"embeddable":true,"href":"https:\/\/raymedy.com\/de\/wp-json\/wp\/v2\/comments?post=18267"}],"version-history":[{"count":16,"href":"https:\/\/raymedy.com\/de\/wp-json\/wp\/v2\/pages\/18267\/revisions"}],"predecessor-version":[{"id":21032,"href":"https:\/\/raymedy.com\/de\/wp-json\/wp\/v2\/pages\/18267\/revisions\/21032"}],"up":[{"embeddable":true,"href":"https:\/\/raymedy.com\/de\/wp-json\/wp\/v2\/pages\/17102"}],"wp:featuredmedia":[{"embeddable":true,"href":"https:\/\/raymedy.com\/de\/wp-json\/wp\/v2\/media\/17988"}],"wp:attachment":[{"href":"https:\/\/raymedy.com\/de\/wp-json\/wp\/v2\/media?parent=18267"}],"curies":[{"name":"wp","href":"https:\/\/api.w.org\/{rel}","templated":true}]}}