{"id":18273,"date":"2019-10-29T00:32:39","date_gmt":"2019-10-29T00:32:39","guid":{"rendered":"https:\/\/raymedy.com\/unsere-methode\/unterstuetzung\/"},"modified":"2023-06-15T07:57:40","modified_gmt":"2023-06-15T07:57:40","slug":"unterstuetzung","status":"publish","type":"page","link":"https:\/\/raymedy.com\/de\/unsere-methode\/unterstuetzung\/","title":{"rendered":"Unterst\u00fctzung"},"content":{"rendered":"\t\t<div data-elementor-type=\"wp-page\" data-elementor-id=\"18273\" class=\"elementor elementor-18273 elementor-17745\" data-elementor-settings=\"{&quot;ha_cmc_init_switcher&quot;:&quot;no&quot;}\" data-elementor-post-type=\"page\">\n\t\t\t\t\t\t<section class=\"elementor-section elementor-top-section elementor-element elementor-element-53d6bbe elementor-section-boxed elementor-section-height-default elementor-section-height-default\" data-id=\"53d6bbe\" data-element_type=\"section\" data-e-type=\"section\" data-settings=\"{&quot;_ha_eqh_enable&quot;:false}\">\n\t\t\t\t\t\t<div class=\"elementor-container elementor-column-gap-default\">\n\t\t\t\t\t<div class=\"elementor-column elementor-col-100 elementor-top-column elementor-element elementor-element-fc1e0ab\" data-id=\"fc1e0ab\" data-element_type=\"column\" data-e-type=\"column\">\n\t\t\t<div class=\"elementor-widget-wrap elementor-element-populated\">\n\t\t\t\t\t\t<div class=\"elementor-element elementor-element-6966fa5 elementor-widget elementor-widget-heading\" data-id=\"6966fa5\" data-element_type=\"widget\" data-e-type=\"widget\" data-widget_type=\"heading.default\">\n\t\t\t\t<div class=\"elementor-widget-container\">\n\t\t\t\t\t<h2 class=\"elementor-heading-title elementor-size-default\">Sie sind nicht allein<\/h2>\t\t\t\t<\/div>\n\t\t\t\t<\/div>\n\t\t\t\t<div class=\"elementor-element elementor-element-3835996 elementor-widget elementor-widget-heading\" data-id=\"3835996\" data-element_type=\"widget\" data-e-type=\"widget\" data-widget_type=\"heading.default\">\n\t\t\t\t<div class=\"elementor-widget-container\">\n\t\t\t\t\t<h3 class=\"elementor-heading-title elementor-size-default\">Unterst\u00fctzung durch einen Therapeuten<\/h3>\t\t\t\t<\/div>\n\t\t\t\t<\/div>\n\t\t\t\t<div class=\"elementor-element elementor-element-3a5f252 elementor-widget elementor-widget-text-editor\" data-id=\"3a5f252\" data-element_type=\"widget\" data-e-type=\"widget\" data-widget_type=\"text-editor.default\">\n\t\t\t\t<div class=\"elementor-widget-container\">\n\t\t\t\t\t\t\t\t\t<div><span style=\"font-style: inherit; font-weight: inherit;\">Sie erhalten ein <\/span> Handbuch <span style=\"font-style: inherit; font-weight: inherit;\">mit dem ReadMe &amp; PowerMe <\/span> <span style=\"font-style: inherit; font-weight: inherit;\">  Wie das Ger\u00e4t funktioniert. Es gibt auch ein Anleitungsvideo, das Sie ebenfalls <a href=\"http:\/\/raymedy.sandervogels.com\/onze-methode\/aanpak\/\">auf dieser Website<\/a> finden k\u00f6nnen.<\/span><br \/>Unser System ist so aufgebaut, dass Sie sich jederzeit an einen Raymedy-Therapeuten wenden k\u00f6nnen, um sich beraten oder behandeln zu lassen.<span style=\"font-style: inherit; font-weight: inherit;\"><br \/><\/span><span style=\"font-style: inherit; font-weight: inherit;\">Die ReadMe-Werte k\u00f6nnen von der App aus an Ihren eigenen Raymedy-Therapeuten geschickt werden, um ihn zu beraten.  <\/span><span style=\"font-style: inherit; font-weight: inherit;\">Dieser schaut sich die Ergebnisse an und kann sie mit Ihnen besprechen. Der Therapeut kann dann einen speziellen Behandlungsplan f\u00fcr Sie erstellen und ihn an die App senden. Aber in vielen F\u00e4llen wird er Sie trotzdem sehen wollen und selbst eine weitere Messung vornehmen. Bei einer solchen Konsultation kann er im Gespr\u00e4ch auch mehr Einblick in Ihren Gesundheitszustand gewinnen, so dass er die Messung besser interpretieren und den Behandlungsplan entsprechend anpassen kann.<\/span><br \/><span style=\"font-style: inherit; font-weight: inherit;\"><br \/><\/span><\/div>\n<p>Haben Sie jetzt noch irgendwelche Fragen? Senden Sie es an <a href=\"mailto:info@raymedy.com\">info@raymedy.com<\/a> oder direkt an einen <a href=\"http:\/\/raymedy.sandervogels.com\/therapeuten-2\/zoek-een-therapeut\/\">Raymedy-Therapeuten<\/a>.<\/p><\/p>\n\t\t\t\t\t\t\t\t<\/div>\n\t\t\t\t<\/div>\n\t\t\t\t\t<\/div>\n\t\t<\/div>\n\t\t\t\t\t<\/div>\n\t\t<\/section>\n\t\t\t\t<\/div>\n\t\t","protected":false},"excerpt":{"rendered":"<p>Sie sind nicht allein Unterst\u00fctzung durch einen Therapeuten Sie erhalten ein Handbuch mit dem ReadMe &amp; PowerMe Wie das Ger\u00e4t funktioniert. Es gibt auch ein Anleitungsvideo, das Sie ebenfalls auf dieser Website finden k\u00f6nnen.Unser System ist so aufgebaut, dass Sie sich jederzeit an einen Raymedy-Therapeuten wenden k\u00f6nnen, um sich beraten oder behandeln zu lassen.Die ReadMe-Werte [&hellip;]<\/p>\n","protected":false},"author":10,"featured_media":0,"parent":17102,"menu_order":3,"comment_status":"closed","ping_status":"closed","template":"elementor_header_footer","meta":{"site-sidebar-layout":"no-sidebar","site-content-layout":"page-builder","ast-site-content-layout":"default","site-content-style":"default","site-sidebar-style":"default","ast-global-header-display":"","ast-banner-title-visibility":"","ast-main-header-display":"","ast-hfb-above-header-display":"","ast-hfb-below-header-display":"","ast-hfb-mobile-header-display":"","site-post-title":"disabled","ast-breadcrumbs-content":"","ast-featured-img":"disabled","footer-sml-layout":"","ast-disable-related-posts":"","theme-transparent-header-meta":"default","adv-header-id-meta":"","stick-header-meta":"default","header-above-stick-meta":"","header-main-stick-meta":"","header-below-stick-meta":"","astra-migrate-meta-layouts":"default","ast-page-background-enabled":"default","ast-page-background-meta":{"desktop":{"background-color":"","background-image":"","background-repeat":"repeat","background-position":"center center","background-size":"auto","background-attachment":"scroll","background-type":"","background-media":"","overlay-type":"","overlay-color":"","overlay-opacity":"","overlay-gradient":""},"tablet":{"background-color":"","background-image":"","background-repeat":"repeat","background-position":"center center","background-size":"auto","background-attachment":"scroll","background-type":"","background-media":"","overlay-type":"","overlay-color":"","overlay-opacity":"","overlay-gradient":""},"mobile":{"background-color":"","background-image":"","background-repeat":"repeat","background-position":"center center","background-size":"auto","background-attachment":"scroll","background-type":"","background-media":"","overlay-type":"","overlay-color":"","overlay-opacity":"","overlay-gradient":""}},"ast-content-background-meta":{"desktop":{"background-color":"var(--ast-global-color-5)","background-image":"","background-repeat":"repeat","background-position":"center center","background-size":"auto","background-attachment":"scroll","background-type":"","background-media":"","overlay-type":"","overlay-color":"","overlay-opacity":"","overlay-gradient":""},"tablet":{"background-color":"var(--ast-global-color-5)","background-image":"","background-repeat":"repeat","background-position":"center center","background-size":"auto","background-attachment":"scroll","background-type":"","background-media":"","overlay-type":"","overlay-color":"","overlay-opacity":"","overlay-gradient":""},"mobile":{"background-color":"var(--ast-global-color-5)","background-image":"","background-repeat":"repeat","background-position":"center center","background-size":"auto","background-attachment":"scroll","background-type":"","background-media":"","overlay-type":"","overlay-color":"","overlay-opacity":"","overlay-gradient":""}},"footnotes":""},"class_list":["post-18273","page","type-page","status-publish","hentry"],"_links":{"self":[{"href":"https:\/\/raymedy.com\/de\/wp-json\/wp\/v2\/pages\/18273","targetHints":{"allow":["GET"]}}],"collection":[{"href":"https:\/\/raymedy.com\/de\/wp-json\/wp\/v2\/pages"}],"about":[{"href":"https:\/\/raymedy.com\/de\/wp-json\/wp\/v2\/types\/page"}],"author":[{"embeddable":true,"href":"https:\/\/raymedy.com\/de\/wp-json\/wp\/v2\/users\/10"}],"replies":[{"embeddable":true,"href":"https:\/\/raymedy.com\/de\/wp-json\/wp\/v2\/comments?post=18273"}],"version-history":[{"count":36,"href":"https:\/\/raymedy.com\/de\/wp-json\/wp\/v2\/pages\/18273\/revisions"}],"predecessor-version":[{"id":20984,"href":"https:\/\/raymedy.com\/de\/wp-json\/wp\/v2\/pages\/18273\/revisions\/20984"}],"up":[{"embeddable":true,"href":"https:\/\/raymedy.com\/de\/wp-json\/wp\/v2\/pages\/17102"}],"wp:attachment":[{"href":"https:\/\/raymedy.com\/de\/wp-json\/wp\/v2\/media?parent=18273"}],"curies":[{"name":"wp","href":"https:\/\/api.w.org\/{rel}","templated":true}]}}