{"id":18283,"date":"2019-10-29T00:57:36","date_gmt":"2019-10-29T00:57:36","guid":{"rendered":"https:\/\/raymedy.com\/beschwerden\/jetlag\/"},"modified":"2023-05-11T16:10:12","modified_gmt":"2023-05-11T16:10:12","slug":"jetlag","status":"publish","type":"page","link":"https:\/\/raymedy.com\/de\/beschwerden\/jetlag\/","title":{"rendered":"Jetlag"},"content":{"rendered":"\t\t<div data-elementor-type=\"wp-page\" data-elementor-id=\"18283\" class=\"elementor elementor-18283 elementor-17749\" data-elementor-settings=\"{&quot;ha_cmc_init_switcher&quot;:&quot;no&quot;}\" data-elementor-post-type=\"page\">\n\t\t\t\t\t\t<section class=\"elementor-section elementor-top-section elementor-element elementor-element-2d844497 elementor-section-boxed elementor-section-height-default elementor-section-height-default\" data-id=\"2d844497\" data-element_type=\"section\" data-e-type=\"section\" data-settings=\"{&quot;_ha_eqh_enable&quot;:false}\">\n\t\t\t\t\t\t<div class=\"elementor-container elementor-column-gap-default\">\n\t\t\t\t\t<div class=\"elementor-column elementor-col-100 elementor-top-column elementor-element elementor-element-53a28e0f\" data-id=\"53a28e0f\" data-element_type=\"column\" data-e-type=\"column\">\n\t\t\t<div class=\"elementor-widget-wrap elementor-element-populated\">\n\t\t\t\t\t\t<div class=\"elementor-element elementor-element-150e6855 elementor-widget elementor-widget-heading\" data-id=\"150e6855\" data-element_type=\"widget\" data-e-type=\"widget\" data-widget_type=\"heading.default\">\n\t\t\t\t<div class=\"elementor-widget-container\">\n\t\t\t\t\t<h2 class=\"elementor-heading-title elementor-size-default\">in einer Behandlung abgegeben<\/h2>\t\t\t\t<\/div>\n\t\t\t\t<\/div>\n\t\t\t\t<div class=\"elementor-element elementor-element-15f03c02 elementor-widget elementor-widget-heading\" data-id=\"15f03c02\" data-element_type=\"widget\" data-e-type=\"widget\" data-widget_type=\"heading.default\">\n\t\t\t\t<div class=\"elementor-widget-container\">\n\t\t\t\t\t<h3 class=\"elementor-heading-title elementor-size-default\">Ein ver\u00e4nderter Biorhythmus aufgrund von Jetlag oder Schichtarbeit f\u00fchrt zu schlechtem Schlaf, nicht optimalem Funktionieren und Desorientierung. Mit unserem Jetlag-Protokoll kann die gest\u00f6rte innere Uhr korrigiert werden, um sie wieder mit der Sonnenzeit am Ankunftsort oder zur Schlafenszeit in Einklang zu bringen.  <br><b>Raymedy hilft sofort.<\/b><\/h3>\t\t\t\t<\/div>\n\t\t\t\t<\/div>\n\t\t\t\t\t<\/div>\n\t\t<\/div>\n\t\t\t\t\t<\/div>\n\t\t<\/section>\n\t\t\t\t<section class=\"elementor-section elementor-top-section elementor-element elementor-element-7bfc2d9 elementor-section-boxed elementor-section-height-default elementor-section-height-default\" data-id=\"7bfc2d9\" data-element_type=\"section\" data-e-type=\"section\" data-settings=\"{&quot;background_background&quot;:&quot;classic&quot;,&quot;_ha_eqh_enable&quot;:false}\">\n\t\t\t\t\t\t<div class=\"elementor-container elementor-column-gap-default\">\n\t\t\t\t\t<div class=\"elementor-column elementor-col-50 elementor-top-column elementor-element elementor-element-eaa5314\" data-id=\"eaa5314\" data-element_type=\"column\" data-e-type=\"column\">\n\t\t\t<div class=\"elementor-widget-wrap elementor-element-populated\">\n\t\t\t\t\t\t<div class=\"elementor-element elementor-element-b45612e elementor-widget elementor-widget-image\" data-id=\"b45612e\" data-element_type=\"widget\" data-e-type=\"widget\" data-widget_type=\"image.default\">\n\t\t\t\t<div class=\"elementor-widget-container\">\n\t\t\t\t\t\t\t\t\t\t\t\t\t\t\t<img fetchpriority=\"high\" decoding=\"async\" width=\"500\" height=\"333\" src=\"https:\/\/raymedy.com\/wp-content\/uploads\/2019\/03\/raymedy-gezondheid-hulp-aandoening-klacht-sportblessure-500x333-1.png\" class=\"attachment-full size-full wp-image-17494\" alt=\"\" srcset=\"https:\/\/raymedy.com\/wp-content\/uploads\/2019\/03\/raymedy-gezondheid-hulp-aandoening-klacht-sportblessure-500x333-1.png 500w, https:\/\/raymedy.com\/wp-content\/uploads\/2019\/03\/raymedy-gezondheid-hulp-aandoening-klacht-sportblessure-500x333-1-300x200.png 300w, https:\/\/raymedy.com\/wp-content\/uploads\/2019\/03\/raymedy-gezondheid-hulp-aandoening-klacht-sportblessure-500x333-1-70x47.png 70w, https:\/\/raymedy.com\/wp-content\/uploads\/2019\/03\/raymedy-gezondheid-hulp-aandoening-klacht-sportblessure-500x333-1-350x233.png 350w\" sizes=\"(max-width: 500px) 100vw, 500px\" \/>\t\t\t\t\t\t\t\t\t\t\t\t\t\t\t<\/div>\n\t\t\t\t<\/div>\n\t\t\t\t\t<\/div>\n\t\t<\/div>\n\t\t\t\t<div class=\"elementor-column elementor-col-50 elementor-top-column elementor-element elementor-element-11a788c\" data-id=\"11a788c\" data-element_type=\"column\" data-e-type=\"column\">\n\t\t\t<div class=\"elementor-widget-wrap elementor-element-populated\">\n\t\t\t\t\t\t<div class=\"elementor-element elementor-element-d434098 elementor-widget elementor-widget-heading\" data-id=\"d434098\" data-element_type=\"widget\" data-e-type=\"widget\" data-widget_type=\"heading.default\">\n\t\t\t\t<div class=\"elementor-widget-container\">\n\t\t\t\t\t<h3 class=\"elementor-heading-title elementor-size-default\">Raymedy kann es aber reparieren<\/h3>\t\t\t\t<\/div>\n\t\t\t\t<\/div>\n\t\t\t\t<div class=\"elementor-element elementor-element-47af1f1 elementor-widget elementor-widget-text-editor\" data-id=\"47af1f1\" data-element_type=\"widget\" data-e-type=\"widget\" data-widget_type=\"text-editor.default\">\n\t\t\t\t<div class=\"elementor-widget-container\">\n\t\t\t\t\t\t\t\t\t<p>Jetlag ist ein energetisches Ungleichgewicht, das Sie mit Raymedy einfach und schnell beheben k\u00f6nnen. Im normalen Gesundheitswesen gibt es keine Therapie daf\u00fcr, aber Raymedy hat ein spezielles Protokoll daf\u00fcr entwickelt. Es hilft bei jeder St\u00f6rung der inneren Uhr, also nicht nur nach Flugreisen, sondern auch nach einer Periode unregelm\u00e4\u00dfiger Schichtarbeit.<\/p>\n\t\t\t\t\t\t\t\t<\/div>\n\t\t\t\t<\/div>\n\t\t\t\t\t<\/div>\n\t\t<\/div>\n\t\t\t\t\t<\/div>\n\t\t<\/section>\n\t\t\t\t<section class=\"elementor-section elementor-top-section elementor-element elementor-element-2d2baf6 elementor-section-boxed elementor-section-height-default elementor-section-height-default\" data-id=\"2d2baf6\" data-element_type=\"section\" data-e-type=\"section\" data-settings=\"{&quot;_ha_eqh_enable&quot;:false}\">\n\t\t\t\t\t\t<div class=\"elementor-container elementor-column-gap-default\">\n\t\t\t\t\t<div class=\"elementor-column elementor-col-50 elementor-top-column elementor-element elementor-element-5c283aa\" data-id=\"5c283aa\" data-element_type=\"column\" data-e-type=\"column\">\n\t\t\t<div class=\"elementor-widget-wrap elementor-element-populated\">\n\t\t\t\t\t\t<div class=\"elementor-element elementor-element-fd58e78 elementor-widget elementor-widget-heading\" data-id=\"fd58e78\" data-element_type=\"widget\" data-e-type=\"widget\" data-widget_type=\"heading.default\">\n\t\t\t\t<div class=\"elementor-widget-container\">\n\t\t\t\t\t<h3 class=\"elementor-heading-title elementor-size-default\">Beheben Sie Ihren eigenen Jetlag in 10 Minuten<\/h3>\t\t\t\t<\/div>\n\t\t\t\t<\/div>\n\t\t\t\t<div class=\"elementor-element elementor-element-875b912 elementor-widget elementor-widget-text-editor\" data-id=\"875b912\" data-element_type=\"widget\" data-e-type=\"widget\" data-widget_type=\"text-editor.default\">\n\t\t\t\t<div class=\"elementor-widget-container\">\n\t\t\t\t\t\t\t\t\t<p>Mit dem ReadMe und dem PowerMe sind Sie im Handumdrehen wieder voll fit. W\u00e4hlen Sie aus den Protokollen das Protokoll f\u00fcr die Ankunftszeit oder den Zeitpunkt, zu dem Sie sich behandeln wollen, z. B. vor dem Schlafengehen nach der Nachtschicht oder nach dem Aufwachen in der Nacht. Nach etwa 10 Minuten Behandlung ist der Jetlag verschwunden.<\/p>\n\t\t\t\t\t\t\t\t<\/div>\n\t\t\t\t<\/div>\n\t\t\t\t\t<\/div>\n\t\t<\/div>\n\t\t\t\t<div class=\"elementor-column elementor-col-50 elementor-top-column elementor-element elementor-element-51232a5\" data-id=\"51232a5\" data-element_type=\"column\" data-e-type=\"column\">\n\t\t\t<div class=\"elementor-widget-wrap elementor-element-populated\">\n\t\t\t\t\t\t<div class=\"elementor-element elementor-element-aba0ad9 elementor-widget elementor-widget-image\" data-id=\"aba0ad9\" data-element_type=\"widget\" data-e-type=\"widget\" data-widget_type=\"image.default\">\n\t\t\t\t<div class=\"elementor-widget-container\">\n\t\t\t\t\t\t\t\t\t\t\t\t\t\t\t<img decoding=\"async\" width=\"806\" height=\"803\" src=\"https:\/\/raymedy.com\/wp-content\/uploads\/2020\/01\/PowerMe-healing.jpg\" class=\"attachment-full size-full wp-image-18004\" alt=\"Raymedy\" srcset=\"https:\/\/raymedy.com\/wp-content\/uploads\/2020\/01\/PowerMe-healing.jpg 806w, https:\/\/raymedy.com\/wp-content\/uploads\/2020\/01\/PowerMe-healing-150x150.jpg 150w, https:\/\/raymedy.com\/wp-content\/uploads\/2020\/01\/PowerMe-healing-300x300.jpg 300w, https:\/\/raymedy.com\/wp-content\/uploads\/2020\/01\/PowerMe-healing-768x765.jpg 768w, https:\/\/raymedy.com\/wp-content\/uploads\/2020\/01\/PowerMe-healing-100x100.jpg 100w, https:\/\/raymedy.com\/wp-content\/uploads\/2020\/01\/PowerMe-healing-70x70.jpg 70w, https:\/\/raymedy.com\/wp-content\/uploads\/2020\/01\/PowerMe-healing-278x278.jpg 278w, https:\/\/raymedy.com\/wp-content\/uploads\/2020\/01\/PowerMe-healing-620x618.jpg 620w, https:\/\/raymedy.com\/wp-content\/uploads\/2020\/01\/PowerMe-healing-600x598.jpg 600w, https:\/\/raymedy.com\/wp-content\/uploads\/2020\/01\/PowerMe-healing-65x65.jpg 65w\" sizes=\"(max-width: 806px) 100vw, 806px\" \/>\t\t\t\t\t\t\t\t\t\t\t\t\t\t\t<\/div>\n\t\t\t\t<\/div>\n\t\t\t\t\t<\/div>\n\t\t<\/div>\n\t\t\t\t\t<\/div>\n\t\t<\/section>\n\t\t\t\t<section class=\"elementor-section elementor-top-section elementor-element elementor-element-876d756 elementor-section-boxed elementor-section-height-default elementor-section-height-default\" data-id=\"876d756\" data-element_type=\"section\" data-e-type=\"section\" data-settings=\"{&quot;background_background&quot;:&quot;classic&quot;,&quot;_ha_eqh_enable&quot;:false}\">\n\t\t\t\t\t\t<div class=\"elementor-container elementor-column-gap-default\">\n\t\t\t\t\t<div class=\"elementor-column elementor-col-50 elementor-top-column elementor-element elementor-element-b109d0b\" data-id=\"b109d0b\" data-element_type=\"column\" data-e-type=\"column\">\n\t\t\t<div class=\"elementor-widget-wrap elementor-element-populated\">\n\t\t\t\t\t\t<div class=\"elementor-element elementor-element-9386deb elementor-widget elementor-widget-image\" data-id=\"9386deb\" data-element_type=\"widget\" data-e-type=\"widget\" data-widget_type=\"image.default\">\n\t\t\t\t<div class=\"elementor-widget-container\">\n\t\t\t\t\t\t\t\t\t\t\t\t\t\t\t<img decoding=\"async\" width=\"3350\" height=\"1890\" src=\"https:\/\/raymedy.com\/wp-content\/uploads\/2020\/01\/ReadMe-en-PowerMe.png\" class=\"attachment-full size-full wp-image-18101\" alt=\"ReadMe en PowerMe\" srcset=\"https:\/\/raymedy.com\/wp-content\/uploads\/2020\/01\/ReadMe-en-PowerMe.png 3350w, https:\/\/raymedy.com\/wp-content\/uploads\/2020\/01\/ReadMe-en-PowerMe-300x169.png 300w, https:\/\/raymedy.com\/wp-content\/uploads\/2020\/01\/ReadMe-en-PowerMe-768x433.png 768w, https:\/\/raymedy.com\/wp-content\/uploads\/2020\/01\/ReadMe-en-PowerMe-1024x578.png 1024w, https:\/\/raymedy.com\/wp-content\/uploads\/2020\/01\/ReadMe-en-PowerMe-70x39.png 70w, https:\/\/raymedy.com\/wp-content\/uploads\/2020\/01\/ReadMe-en-PowerMe-620x350.png 620w, https:\/\/raymedy.com\/wp-content\/uploads\/2020\/01\/ReadMe-en-PowerMe-600x339.png 600w\" sizes=\"(max-width: 3350px) 100vw, 3350px\" \/>\t\t\t\t\t\t\t\t\t\t\t\t\t\t\t<\/div>\n\t\t\t\t<\/div>\n\t\t\t\t\t<\/div>\n\t\t<\/div>\n\t\t\t\t<div class=\"elementor-column elementor-col-50 elementor-top-column elementor-element elementor-element-42e64e3\" data-id=\"42e64e3\" data-element_type=\"column\" data-e-type=\"column\">\n\t\t\t<div class=\"elementor-widget-wrap elementor-element-populated\">\n\t\t\t\t\t\t<div class=\"elementor-element elementor-element-cf01fb8 elementor-widget elementor-widget-heading\" data-id=\"cf01fb8\" data-element_type=\"widget\" data-e-type=\"widget\" data-widget_type=\"heading.default\">\n\t\t\t\t<div class=\"elementor-widget-container\">\n\t\t\t\t\t<h3 class=\"elementor-heading-title elementor-size-default\">Nie wieder Jetlag<\/h3>\t\t\t\t<\/div>\n\t\t\t\t<\/div>\n\t\t\t\t<div class=\"elementor-element elementor-element-6b939a5 elementor-widget elementor-widget-text-editor\" data-id=\"6b939a5\" data-element_type=\"widget\" data-e-type=\"widget\" data-widget_type=\"text-editor.default\">\n\t\t\t\t<div class=\"elementor-widget-container\">\n\t\t\t\t\t\t\t\t\t<p>Mit dem im letzten Jahr eingef\u00fchrten ReadMe und PowerMe k\u00f6nnen Sie sich selbst helfen, den Jetlag loszuwerden. Aber das ist noch nicht alles. Mit diesem Ger\u00e4t k\u00f6nnen Sie auch eine breite Palette anderer Beschwerden wie Verletzungen, Migr\u00e4ne und Prostatabeschwerden behandeln.<\/p>\n\t\t\t\t\t\t\t\t<\/div>\n\t\t\t\t<\/div>\n\t\t\t\t<div class=\"elementor-element elementor-element-3e39737 elementor-widget elementor-widget-button\" data-id=\"3e39737\" data-element_type=\"widget\" data-e-type=\"widget\" data-widget_type=\"button.default\">\n\t\t\t\t<div class=\"elementor-widget-container\">\n\t\t\t\t\t\t\t\t\t<div class=\"elementor-button-wrapper\">\n\t\t\t\t\t<a class=\"elementor-button elementor-button-link elementor-size-sm\" href=\"https:\/\/raymedy.com\/readme-pen\/\">\n\t\t\t\t\t\t<span class=\"elementor-button-content-wrapper\">\n\t\t\t\t\t\t\t\t\t<span class=\"elementor-button-text\">Weitere Informationen<\/span>\n\t\t\t\t\t<\/span>\n\t\t\t\t\t<\/a>\n\t\t\t\t<\/div>\n\t\t\t\t\t\t\t\t<\/div>\n\t\t\t\t<\/div>\n\t\t\t\t\t<\/div>\n\t\t<\/div>\n\t\t\t\t\t<\/div>\n\t\t<\/section>\n\t\t\t\t<section class=\"elementor-section elementor-top-section elementor-element elementor-element-371f1483 elementor-section-boxed elementor-section-height-default elementor-section-height-default\" data-id=\"371f1483\" data-element_type=\"section\" data-e-type=\"section\" data-settings=\"{&quot;background_background&quot;:&quot;classic&quot;,&quot;_ha_eqh_enable&quot;:false}\">\n\t\t\t\t\t\t<div class=\"elementor-container elementor-column-gap-default\">\n\t\t\t\t\t<div class=\"elementor-column elementor-col-100 elementor-top-column elementor-element elementor-element-b7a3443\" data-id=\"b7a3443\" data-element_type=\"column\" data-e-type=\"column\">\n\t\t\t<div class=\"elementor-widget-wrap elementor-element-populated\">\n\t\t\t\t\t\t<div class=\"elementor-element elementor-element-9a77968 elementor-widget elementor-widget-heading\" data-id=\"9a77968\" data-element_type=\"widget\" data-e-type=\"widget\" data-widget_type=\"heading.default\">\n\t\t\t\t<div class=\"elementor-widget-container\">\n\t\t\t\t\t<h3 class=\"elementor-heading-title elementor-size-default\">Mehr zum Thema Jetlag<\/h3>\t\t\t\t<\/div>\n\t\t\t\t<\/div>\n\t\t\t\t<div class=\"elementor-element elementor-element-599a0d2 elementor-widget elementor-widget-text-editor\" data-id=\"599a0d2\" data-element_type=\"widget\" data-e-type=\"widget\" data-widget_type=\"text-editor.default\">\n\t\t\t\t<div class=\"elementor-widget-container\">\n\t\t\t\t\t\t\t\t\t<p>Unser Biorhythmus ist wichtig f\u00fcr unsere Gesundheit. Eine mit der Zeit synchronisierte biologische Uhr ist f\u00fcr den Schlaf sehr wichtig. Neuere Forschungen haben gezeigt, dass ein nat\u00fcrlicher Biorhythmus f\u00fcr viele weitere Funktionen unseres K\u00f6rpers wichtig ist. Kein Vorgang in unserem K\u00f6rper entgeht dem Biorhythmus.<\/p>\n<p>Unregelm\u00e4\u00dfige Schichten, Jetlag, unregelm\u00e4\u00dfiges Leben &#8211; all das wirkt sich direkt auf unsere Gesundheit aus. Oft l\u00e4sst sich eine St\u00f6rung nicht vermeiden: Schlie\u00dflich bleibt man ja nicht liegen, wenn das Baby gef\u00fcttert werden muss. Wir alle wissen, wie l\u00e4hmend das sein kann. Wenn Sie in Nachtschichten arbeiten oder h\u00e4ufig zu weit entfernten Zielen fliegen, ist dies ebenfalls eine Belastung f\u00fcr die Belastbarkeit und auf lange Sicht eine Beeintr\u00e4chtigung. Eine Reihe von Symptomen wird mit dem Jetlag in Verbindung gebracht, z. B. eine Schw\u00e4chung des Immunsystems, Stimmungsschwankungen, Stoffwechselprobleme, Desorientierung. Es wird gesch\u00e4tzt, dass etwa die H\u00e4lfte der Bev\u00f6lkerung in Gro\u00dfst\u00e4dten einen Tag-Nacht-Rhythmus hat, der nicht mit ihrem Tagesablauf \u00fcbereinstimmt. Darunter kann man erheblich leiden. Man nennt dies &#8222;sozialen Jetlag&#8220; ( Philips, M.L, 2009: Circadian rhythms: of owls, larks and alarmclocks. Nature, 458, 142-144).<\/p>\n<p>Wir kennen die Organuhr und die Tatsache, dass innerhalb eines 24-Stunden-Zeitraums jeder Meridian seine eigene Energiespitze hat. Ein uns bekanntes Ph\u00e4nomen ist, dass eine Person oft zur Zeit eines Meridians mit einem Energiedefizit oder einer offensichtlichen Asymmetrie aufwacht. Unser Gehirn, genauer gesagt der Nucleus suprachiasmaticus, beherbergt die zentrale Uhr unseres K\u00f6rpers. Sie wird jeden Tag durch das Tageslicht eingeebnet. Au\u00dferdem haben alle Zellen und Organe ihre eigene innere Uhr, die von einer Reihe von Genen, den so genannten Uhrengenen, gesteuert wird. Diese Uhrengene wiederum geben anderen Genen den Rhythmus vor. Wir wissen heute, dass zwischen 10 und 20 % aller unserer Gene in einem Organ in einem t\u00e4glichen Rhythmus an- und abgeschaltet werden. Man k\u00f6nnte sagen, dass jeder Prozess in unserem K\u00f6rper durch den Tagesrhythmus beeinflusst wird. Wenn das eine offene T\u00fcr ist, dann sicherlich eine offene T\u00fcr, hinter der eine Raymedy-L\u00f6sung liegt.<\/p>\n\t\t\t\t\t\t\t\t<\/div>\n\t\t\t\t<\/div>\n\t\t\t\t\t<\/div>\n\t\t<\/div>\n\t\t\t\t\t<\/div>\n\t\t<\/section>\n\t\t\t\t<section class=\"elementor-section elementor-top-section elementor-element elementor-element-7d686b2 elementor-section-boxed elementor-section-height-default elementor-section-height-default\" data-id=\"7d686b2\" data-element_type=\"section\" data-e-type=\"section\" data-settings=\"{&quot;_ha_eqh_enable&quot;:false}\">\n\t\t\t\t\t\t<div class=\"elementor-container elementor-column-gap-default\">\n\t\t\t\t\t<div class=\"elementor-column elementor-col-50 elementor-top-column elementor-element elementor-element-841d84c\" data-id=\"841d84c\" data-element_type=\"column\" data-e-type=\"column\">\n\t\t\t<div class=\"elementor-widget-wrap elementor-element-populated\">\n\t\t\t\t\t\t<div class=\"elementor-element elementor-element-9f4d10c elementor-widget elementor-widget-heading\" data-id=\"9f4d10c\" data-element_type=\"widget\" data-e-type=\"widget\" data-widget_type=\"heading.default\">\n\t\t\t\t<div class=\"elementor-widget-container\">\n\t\t\t\t\t<h4 class=\"elementor-heading-title elementor-size-default\">Behandlung durch Therapeuten<\/h4>\t\t\t\t<\/div>\n\t\t\t\t<\/div>\n\t\t\t\t<div class=\"elementor-element elementor-element-86ceba7 elementor-widget elementor-widget-text-editor\" data-id=\"86ceba7\" data-element_type=\"widget\" data-e-type=\"widget\" data-widget_type=\"text-editor.default\">\n\t\t\t\t<div class=\"elementor-widget-container\">\n\t\t\t\t\t\t\t\t\t<p>Bei schweren Verletzungen oder chronischen Beschwerden oder St\u00f6rungen empfehlen wir einen Besuch bei einem Raymedy-Therapeuten. Der Therapeut bestimmt effektiven Behandlungsfrequenzen mit einem thermografischen Scan.<\/p>\n\t\t\t\t\t\t\t\t<\/div>\n\t\t\t\t<\/div>\n\t\t\t\t<div class=\"elementor-element elementor-element-8682f2b elementor-align-center elementor-widget elementor-widget-button\" data-id=\"8682f2b\" data-element_type=\"widget\" data-e-type=\"widget\" data-widget_type=\"button.default\">\n\t\t\t\t<div class=\"elementor-widget-container\">\n\t\t\t\t\t\t\t\t\t<div class=\"elementor-button-wrapper\">\n\t\t\t\t\t<a class=\"elementor-button elementor-button-link elementor-size-sm\" href=\"https:\/\/raymedy.com\/therapeuten\/zoek-een-therapeut\/\">\n\t\t\t\t\t\t<span class=\"elementor-button-content-wrapper\">\n\t\t\t\t\t\t\t\t\t<span class=\"elementor-button-text\">Finden Sie einen Therapeuten<\/span>\n\t\t\t\t\t<\/span>\n\t\t\t\t\t<\/a>\n\t\t\t\t<\/div>\n\t\t\t\t\t\t\t\t<\/div>\n\t\t\t\t<\/div>\n\t\t\t\t\t<\/div>\n\t\t<\/div>\n\t\t\t\t<div class=\"elementor-column elementor-col-50 elementor-top-column elementor-element elementor-element-f4d5e63\" data-id=\"f4d5e63\" data-element_type=\"column\" data-e-type=\"column\">\n\t\t\t<div class=\"elementor-widget-wrap elementor-element-populated\">\n\t\t\t\t\t\t<div class=\"elementor-element elementor-element-28de628 elementor-widget elementor-widget-heading\" data-id=\"28de628\" data-element_type=\"widget\" data-e-type=\"widget\" data-widget_type=\"heading.default\">\n\t\t\t\t<div class=\"elementor-widget-container\">\n\t\t\t\t\t<h4 class=\"elementor-heading-title elementor-size-default\">Fangen Sie selbst an?<\/h4>\t\t\t\t<\/div>\n\t\t\t\t<\/div>\n\t\t\t\t<div class=\"elementor-element elementor-element-c94cfa4 elementor-widget elementor-widget-text-editor\" data-id=\"c94cfa4\" data-element_type=\"widget\" data-e-type=\"widget\" data-widget_type=\"text-editor.default\">\n\t\t\t\t<div class=\"elementor-widget-container\">\n\t\t\t\t\t\t\t\t\t<p>Verletzungen, Beschwerden oder Erkrankungen k\u00f6nnen mit dem PowerMe selbst behandelt werden. Ihr Therapeut erstellt einen Behandlungsplan, den Sie zu Hause durchf\u00fchren. Die App bietet eine Schritt-f\u00fcr-Schritt-Anleitung.<\/p>\n\t\t\t\t\t\t\t\t<\/div>\n\t\t\t\t<\/div>\n\t\t\t\t<div class=\"elementor-element elementor-element-dee7045 elementor-align-center elementor-widget elementor-widget-button\" data-id=\"dee7045\" data-element_type=\"widget\" data-e-type=\"widget\" data-widget_type=\"button.default\">\n\t\t\t\t<div class=\"elementor-widget-container\">\n\t\t\t\t\t\t\t\t\t<div class=\"elementor-button-wrapper\">\n\t\t\t\t\t<a class=\"elementor-button elementor-button-link elementor-size-sm\" href=\"https:\/\/raymedy.com\/de\/produkte\/powerme-gerat\/\">\n\t\t\t\t\t\t<span class=\"elementor-button-content-wrapper\">\n\t\t\t\t\t\t\t\t\t<span class=\"elementor-button-text\">Mehr \u00fcber die Behandlung zu Hause<\/span>\n\t\t\t\t\t<\/span>\n\t\t\t\t\t<\/a>\n\t\t\t\t<\/div>\n\t\t\t\t\t\t\t\t<\/div>\n\t\t\t\t<\/div>\n\t\t\t\t\t<\/div>\n\t\t<\/div>\n\t\t\t\t\t<\/div>\n\t\t<\/section>\n\t\t\t\t<\/div>\n\t\t","protected":false},"excerpt":{"rendered":"<p>in einer Behandlung abgegeben Ein ver\u00e4nderter Biorhythmus aufgrund von Jetlag oder Schichtarbeit f\u00fchrt zu schlechtem Schlaf, nicht optimalem Funktionieren und Desorientierung. Mit unserem Jetlag-Protokoll kann die gest\u00f6rte innere Uhr korrigiert werden, um sie wieder mit der Sonnenzeit am Ankunftsort oder zur Schlafenszeit in Einklang zu bringen. Raymedy hilft sofort. Raymedy kann es aber reparieren Jetlag [&hellip;]<\/p>\n","protected":false},"author":10,"featured_media":18096,"parent":17053,"menu_order":5,"comment_status":"closed","ping_status":"closed","template":"elementor_header_footer","meta":{"site-sidebar-layout":"no-sidebar","site-content-layout":"page-builder","ast-site-content-layout":"default","site-content-style":"default","site-sidebar-style":"default","ast-global-header-display":"","ast-banner-title-visibility":"","ast-main-header-display":"","ast-hfb-above-header-display":"","ast-hfb-below-header-display":"","ast-hfb-mobile-header-display":"","site-post-title":"disabled","ast-breadcrumbs-content":"","ast-featured-img":"disabled","footer-sml-layout":"","ast-disable-related-posts":"","theme-transparent-header-meta":"default","adv-header-id-meta":"","stick-header-meta":"default","header-above-stick-meta":"","header-main-stick-meta":"","header-below-stick-meta":"","astra-migrate-meta-layouts":"default","ast-page-background-enabled":"default","ast-page-background-meta":{"desktop":{"background-color":"","background-image":"","background-repeat":"repeat","background-position":"center center","background-size":"auto","background-attachment":"scroll","background-type":"","background-media":"","overlay-type":"","overlay-color":"","overlay-opacity":"","overlay-gradient":""},"tablet":{"background-color":"","background-image":"","background-repeat":"repeat","background-position":"center center","background-size":"auto","background-attachment":"scroll","background-type":"","background-media":"","overlay-type":"","overlay-color":"","overlay-opacity":"","overlay-gradient":""},"mobile":{"background-color":"","background-image":"","background-repeat":"repeat","background-position":"center center","background-size":"auto","background-attachment":"scroll","background-type":"","background-media":"","overlay-type":"","overlay-color":"","overlay-opacity":"","overlay-gradient":""}},"ast-content-background-meta":{"desktop":{"background-color":"var(--ast-global-color-5)","background-image":"","background-repeat":"repeat","background-position":"center center","background-size":"auto","background-attachment":"scroll","background-type":"","background-media":"","overlay-type":"","overlay-color":"","overlay-opacity":"","overlay-gradient":""},"tablet":{"background-color":"var(--ast-global-color-5)","background-image":"","background-repeat":"repeat","background-position":"center center","background-size":"auto","background-attachment":"scroll","background-type":"","background-media":"","overlay-type":"","overlay-color":"","overlay-opacity":"","overlay-gradient":""},"mobile":{"background-color":"var(--ast-global-color-5)","background-image":"","background-repeat":"repeat","background-position":"center center","background-size":"auto","background-attachment":"scroll","background-type":"","background-media":"","overlay-type":"","overlay-color":"","overlay-opacity":"","overlay-gradient":""}},"footnotes":""},"class_list":["post-18283","page","type-page","status-publish","has-post-thumbnail","hentry"],"_links":{"self":[{"href":"https:\/\/raymedy.com\/de\/wp-json\/wp\/v2\/pages\/18283","targetHints":{"allow":["GET"]}}],"collection":[{"href":"https:\/\/raymedy.com\/de\/wp-json\/wp\/v2\/pages"}],"about":[{"href":"https:\/\/raymedy.com\/de\/wp-json\/wp\/v2\/types\/page"}],"author":[{"embeddable":true,"href":"https:\/\/raymedy.com\/de\/wp-json\/wp\/v2\/users\/10"}],"replies":[{"embeddable":true,"href":"https:\/\/raymedy.com\/de\/wp-json\/wp\/v2\/comments?post=18283"}],"version-history":[{"count":12,"href":"https:\/\/raymedy.com\/de\/wp-json\/wp\/v2\/pages\/18283\/revisions"}],"predecessor-version":[{"id":20600,"href":"https:\/\/raymedy.com\/de\/wp-json\/wp\/v2\/pages\/18283\/revisions\/20600"}],"up":[{"embeddable":true,"href":"https:\/\/raymedy.com\/de\/wp-json\/wp\/v2\/pages\/17053"}],"wp:featuredmedia":[{"embeddable":true,"href":"https:\/\/raymedy.com\/de\/wp-json\/wp\/v2\/media\/18096"}],"wp:attachment":[{"href":"https:\/\/raymedy.com\/de\/wp-json\/wp\/v2\/media?parent=18283"}],"curies":[{"name":"wp","href":"https:\/\/api.w.org\/{rel}","templated":true}]}}