{"id":18291,"date":"2019-10-29T00:59:18","date_gmt":"2019-10-29T00:59:18","guid":{"rendered":"https:\/\/raymedy.com\/beschwerden\/sonstige\/"},"modified":"2023-06-15T07:57:40","modified_gmt":"2023-06-15T07:57:40","slug":"sonstige","status":"publish","type":"page","link":"https:\/\/raymedy.com\/de\/beschwerden\/sonstige\/","title":{"rendered":"Andere"},"content":{"rendered":"\t\t<div data-elementor-type=\"wp-page\" data-elementor-id=\"18291\" class=\"elementor elementor-18291 elementor-17751\" data-elementor-settings=\"{&quot;ha_cmc_init_switcher&quot;:&quot;no&quot;}\" data-elementor-post-type=\"page\">\n\t\t\t\t\t\t<section class=\"elementor-section elementor-top-section elementor-element elementor-element-269a09e4 elementor-section-boxed elementor-section-height-default elementor-section-height-default\" data-id=\"269a09e4\" data-element_type=\"section\" data-e-type=\"section\" data-settings=\"{&quot;_ha_eqh_enable&quot;:false}\">\n\t\t\t\t\t\t<div class=\"elementor-container elementor-column-gap-default\">\n\t\t\t\t\t<div class=\"elementor-column elementor-col-100 elementor-top-column elementor-element elementor-element-54cfa302\" data-id=\"54cfa302\" data-element_type=\"column\" data-e-type=\"column\">\n\t\t\t<div class=\"elementor-widget-wrap elementor-element-populated\">\n\t\t\t\t\t\t<div class=\"elementor-element elementor-element-b8b2a08 elementor-widget elementor-widget-heading\" data-id=\"b8b2a08\" data-element_type=\"widget\" data-e-type=\"widget\" data-widget_type=\"heading.default\">\n\t\t\t\t<div class=\"elementor-widget-container\">\n\t\t\t\t\t<h2 class=\"elementor-heading-title elementor-size-default\">viele Krankheiten <\/h2>\t\t\t\t<\/div>\n\t\t\t\t<\/div>\n\t\t\t\t<div class=\"elementor-element elementor-element-495619f elementor-widget elementor-widget-text-editor\" data-id=\"495619f\" data-element_type=\"widget\" data-e-type=\"widget\" data-widget_type=\"text-editor.default\">\n\t\t\t\t<div class=\"elementor-widget-container\">\n\t\t\t\t\t\t\t\t\t<p>H\u00fcftbeschwerden, Fersensporn, Heuschnupfen, Infektionen, Kinder und Beschwerden, Narben, Borreliose, Magen-Darm-Beschwerden, Meniskusprobleme, Migr\u00e4ne, Nackenbeschwerden, Neuropathie, Nierenbeschwerden, Unruhe, \u00dcbergangsbeschwerden, Fettleibigkeit, \u00dcberm\u00fcdung, Parasiten, Sehnenverletzungen, Schmerzbeschwerden, Posttraumatische Dystrophie, Prostatabeschwerden, Schuppenflechte, PTBS, Q-Fieber, Rheuma, Syndrom der unruhigen Beine, Rosacea, R\u00fcckenprobleme, Schilddr\u00fcsenprobleme, sexueller Missbrauch, Trauma, Schlafprobleme, Geschmack und Geruch, Stimmprobleme, Sportverletzungen, Raucherentw\u00f6hnung, Virusinfektion, Wundheilung, Pfeiffersches Dr\u00fcsenfieber, Schleudertrauma&#8230;&#8230;.<\/p>\n<h4><span style=\"color: #ff9900;\"><strong>Raymedy kann Ihnen helfen!<\/strong><\/span><\/h4>\n\t\t\t\t\t\t\t\t<\/div>\n\t\t\t\t<\/div>\n\t\t\t\t\t<\/div>\n\t\t<\/div>\n\t\t\t\t\t<\/div>\n\t\t<\/section>\n\t\t\t\t<section class=\"elementor-section elementor-top-section elementor-element elementor-element-2baaeca5 elementor-section-boxed elementor-section-height-default elementor-section-height-default\" data-id=\"2baaeca5\" data-element_type=\"section\" data-e-type=\"section\" data-settings=\"{&quot;background_background&quot;:&quot;classic&quot;,&quot;_ha_eqh_enable&quot;:false}\">\n\t\t\t\t\t\t<div class=\"elementor-container elementor-column-gap-default\">\n\t\t\t\t\t<div class=\"elementor-column elementor-col-50 elementor-top-column elementor-element elementor-element-503ea177\" data-id=\"503ea177\" data-element_type=\"column\" data-e-type=\"column\">\n\t\t\t<div class=\"elementor-widget-wrap elementor-element-populated\">\n\t\t\t\t\t\t<div class=\"elementor-element elementor-element-444e8eb6 elementor-widget elementor-widget-image\" data-id=\"444e8eb6\" data-element_type=\"widget\" data-e-type=\"widget\" data-widget_type=\"image.default\">\n\t\t\t\t<div class=\"elementor-widget-container\">\n\t\t\t\t\t\t\t\t\t\t\t\t\t\t\t<img fetchpriority=\"high\" decoding=\"async\" width=\"500\" height=\"333\" src=\"https:\/\/raymedy.com\/wp-content\/uploads\/2019\/03\/raymedy-gezondheid-hulp-aandoening-klacht-sportblessure-500x333-1.png\" class=\"attachment-full size-full wp-image-17494\" alt=\"\" srcset=\"https:\/\/raymedy.com\/wp-content\/uploads\/2019\/03\/raymedy-gezondheid-hulp-aandoening-klacht-sportblessure-500x333-1.png 500w, https:\/\/raymedy.com\/wp-content\/uploads\/2019\/03\/raymedy-gezondheid-hulp-aandoening-klacht-sportblessure-500x333-1-300x200.png 300w, https:\/\/raymedy.com\/wp-content\/uploads\/2019\/03\/raymedy-gezondheid-hulp-aandoening-klacht-sportblessure-500x333-1-70x47.png 70w, https:\/\/raymedy.com\/wp-content\/uploads\/2019\/03\/raymedy-gezondheid-hulp-aandoening-klacht-sportblessure-500x333-1-350x233.png 350w\" sizes=\"(max-width: 500px) 100vw, 500px\" \/>\t\t\t\t\t\t\t\t\t\t\t\t\t\t\t<\/div>\n\t\t\t\t<\/div>\n\t\t\t\t\t<\/div>\n\t\t<\/div>\n\t\t\t\t<div class=\"elementor-column elementor-col-50 elementor-top-column elementor-element elementor-element-3bac8276\" data-id=\"3bac8276\" data-element_type=\"column\" data-e-type=\"column\">\n\t\t\t<div class=\"elementor-widget-wrap elementor-element-populated\">\n\t\t\t\t\t\t<div class=\"elementor-element elementor-element-b0471a0 elementor-widget elementor-widget-heading\" data-id=\"b0471a0\" data-element_type=\"widget\" data-e-type=\"widget\" data-widget_type=\"heading.default\">\n\t\t\t\t<div class=\"elementor-widget-container\">\n\t\t\t\t\t<h3 class=\"elementor-heading-title elementor-size-default\">Raymedy verfolgt einen anderen Ansatz<\/h3>\t\t\t\t<\/div>\n\t\t\t\t<\/div>\n\t\t\t\t<div class=\"elementor-element elementor-element-7fec4bfb elementor-widget elementor-widget-text-editor\" data-id=\"7fec4bfb\" data-element_type=\"widget\" data-e-type=\"widget\" data-widget_type=\"text-editor.default\">\n\t\t\t\t<div class=\"elementor-widget-container\">\n\t\t\t\t\t\t\t\t\t<p>Das normale Gesundheitswesen behandelt die meisten Erkrankungen mit Medikamenten, Schmerztherapie, Physiotherapie und Ruhe. Bei vielen Erkrankungen bringt dies keine Linderung, und das Leiden wird nicht behoben, und oft wird nicht einmal die Ursache der Symptome gefunden.<span style=\"font-style: inherit; font-weight: inherit;\">  Raymedy schaut zu. Wir verbinden alte \u00f6stliche Erkenntnisse \u00fcber den K\u00f6rper mit der modernen westlichen Wissenschaft. So k\u00f6nnen wir in 4 Schritten arbeiten, um Ihre Krankheit zu erkennen und zu heilen:<\/span><\/p>\n\t\t\t\t\t\t\t\t<\/div>\n\t\t\t\t<\/div>\n\t\t\t\t\t<\/div>\n\t\t<\/div>\n\t\t\t\t\t<\/div>\n\t\t<\/section>\n\t\t\t\t<section class=\"elementor-section elementor-top-section elementor-element elementor-element-15ce122b elementor-section-boxed elementor-section-height-default elementor-section-height-default\" data-id=\"15ce122b\" data-element_type=\"section\" data-e-type=\"section\" data-settings=\"{&quot;_ha_eqh_enable&quot;:false}\">\n\t\t\t\t\t\t<div class=\"elementor-container elementor-column-gap-default\">\n\t\t\t\t\t<div class=\"elementor-column elementor-col-100 elementor-top-column elementor-element elementor-element-5edfc085\" data-id=\"5edfc085\" data-element_type=\"column\" data-e-type=\"column\">\n\t\t\t<div class=\"elementor-widget-wrap elementor-element-populated\">\n\t\t\t\t\t\t<div class=\"elementor-element elementor-element-1031f45c elementor-widget elementor-widget-heading\" data-id=\"1031f45c\" data-element_type=\"widget\" data-e-type=\"widget\" data-widget_type=\"heading.default\">\n\t\t\t\t<div class=\"elementor-widget-container\">\n\t\t\t\t\t<h2 class=\"elementor-heading-title elementor-size-default\"><h3 class=\"elementor-heading-title elementor-size-default elementor-inline-editing pen\" data-elementor-setting-key=\"title\" data-pen-placeholder=\"Hier typen...\" style=\"font-style: normal;color: var( --e-global-color-5a530e0 );line-height: 1;text-align: center\">Vier Schritte zur erfolgreichen Behandlung<\/h3><\/h2>\t\t\t\t<\/div>\n\t\t\t\t<\/div>\n\t\t\t\t\t<\/div>\n\t\t<\/div>\n\t\t\t\t\t<\/div>\n\t\t<\/section>\n\t\t\t\t<section class=\"elementor-section elementor-top-section elementor-element elementor-element-3167fba1 elementor-section-boxed elementor-section-height-default elementor-section-height-default\" data-id=\"3167fba1\" data-element_type=\"section\" data-e-type=\"section\" data-settings=\"{&quot;background_background&quot;:&quot;classic&quot;,&quot;_ha_eqh_enable&quot;:false}\">\n\t\t\t\t\t\t<div class=\"elementor-container elementor-column-gap-default\">\n\t\t\t\t\t<div class=\"elementor-column elementor-col-20 elementor-top-column elementor-element elementor-element-5f3b21cb\" data-id=\"5f3b21cb\" data-element_type=\"column\" data-e-type=\"column\">\n\t\t\t<div class=\"elementor-widget-wrap elementor-element-populated\">\n\t\t\t\t\t\t<div class=\"elementor-element elementor-element-32b52f46 elementor-position-top elementor-widget elementor-widget-image-box\" data-id=\"32b52f46\" data-element_type=\"widget\" data-e-type=\"widget\" data-widget_type=\"image-box.default\">\n\t\t\t\t<div class=\"elementor-widget-container\">\n\t\t\t\t\t<div class=\"elementor-image-box-wrapper\"><figure class=\"elementor-image-box-img\"><img decoding=\"async\" width=\"260\" height=\"260\" src=\"https:\/\/raymedy.com\/wp-content\/uploads\/2019\/03\/1-intake.png\" class=\"attachment-full size-full wp-image-17486\" alt=\"\" srcset=\"https:\/\/raymedy.com\/wp-content\/uploads\/2019\/03\/1-intake.png 260w, https:\/\/raymedy.com\/wp-content\/uploads\/2019\/03\/1-intake-150x150.png 150w, https:\/\/raymedy.com\/wp-content\/uploads\/2019\/03\/1-intake-100x100.png 100w, https:\/\/raymedy.com\/wp-content\/uploads\/2019\/03\/1-intake-70x70.png 70w, https:\/\/raymedy.com\/wp-content\/uploads\/2019\/03\/1-intake-65x65.png 65w\" sizes=\"(max-width: 260px) 100vw, 260px\" \/><\/figure><div class=\"elementor-image-box-content\"><h4 class=\"elementor-image-box-title\">Einlass<\/h4><p class=\"elementor-image-box-description\">Sie w\u00e4hlen einen Therapeuten und f\u00fcllen ein Aufnahmeformular aus. Auf diese Weise erh\u00e4lt Ihr Therapeut Einblick in Ihre damit verbundenen Narben, Traumata und Beschwerden.<\/p><\/div><\/div>\t\t\t\t<\/div>\n\t\t\t\t<\/div>\n\t\t\t\t\t<\/div>\n\t\t<\/div>\n\t\t\t\t<div class=\"elementor-column elementor-col-20 elementor-top-column elementor-element elementor-element-475b033d\" data-id=\"475b033d\" data-element_type=\"column\" data-e-type=\"column\">\n\t\t\t<div class=\"elementor-widget-wrap elementor-element-populated\">\n\t\t\t\t\t\t<div class=\"elementor-element elementor-element-300078b3 elementor-position-top elementor-widget elementor-widget-image-box\" data-id=\"300078b3\" data-element_type=\"widget\" data-e-type=\"widget\" data-widget_type=\"image-box.default\">\n\t\t\t\t<div class=\"elementor-widget-container\">\n\t\t\t\t\t<div class=\"elementor-image-box-wrapper\"><figure class=\"elementor-image-box-img\"><img decoding=\"async\" width=\"260\" height=\"260\" src=\"https:\/\/raymedy.com\/wp-content\/uploads\/2019\/03\/2-bodyscan.png\" class=\"attachment-full size-full wp-image-17487\" alt=\"\" srcset=\"https:\/\/raymedy.com\/wp-content\/uploads\/2019\/03\/2-bodyscan.png 260w, https:\/\/raymedy.com\/wp-content\/uploads\/2019\/03\/2-bodyscan-150x150.png 150w, https:\/\/raymedy.com\/wp-content\/uploads\/2019\/03\/2-bodyscan-100x100.png 100w, https:\/\/raymedy.com\/wp-content\/uploads\/2019\/03\/2-bodyscan-70x70.png 70w, https:\/\/raymedy.com\/wp-content\/uploads\/2019\/03\/2-bodyscan-65x65.png 65w\" sizes=\"(max-width: 260px) 100vw, 260px\" \/><\/figure><div class=\"elementor-image-box-content\"><h4 class=\"elementor-image-box-title\">K\u00f6rperscan<\/h4><p class=\"elementor-image-box-description\">Der Arzt oder Heilpraktiker untersucht Ihr Energiemanagement, indem er Meridiane misst, die mit Ihren Beschwerden zu tun haben.<\/p><\/div><\/div>\t\t\t\t<\/div>\n\t\t\t\t<\/div>\n\t\t\t\t\t<\/div>\n\t\t<\/div>\n\t\t\t\t<div class=\"elementor-column elementor-col-20 elementor-top-column elementor-element elementor-element-4bfae1dc\" data-id=\"4bfae1dc\" data-element_type=\"column\" data-e-type=\"column\">\n\t\t\t<div class=\"elementor-widget-wrap elementor-element-populated\">\n\t\t\t\t\t\t<div class=\"elementor-element elementor-element-7dc6ba40 elementor-position-top elementor-widget elementor-widget-image-box\" data-id=\"7dc6ba40\" data-element_type=\"widget\" data-e-type=\"widget\" data-widget_type=\"image-box.default\">\n\t\t\t\t<div class=\"elementor-widget-container\">\n\t\t\t\t\t<div class=\"elementor-image-box-wrapper\"><figure class=\"elementor-image-box-img\"><img loading=\"lazy\" decoding=\"async\" width=\"260\" height=\"260\" src=\"https:\/\/raymedy.com\/wp-content\/uploads\/2019\/03\/3-inzicht.png\" class=\"attachment-full size-full wp-image-17488\" alt=\"\" srcset=\"https:\/\/raymedy.com\/wp-content\/uploads\/2019\/03\/3-inzicht.png 260w, https:\/\/raymedy.com\/wp-content\/uploads\/2019\/03\/3-inzicht-150x150.png 150w, https:\/\/raymedy.com\/wp-content\/uploads\/2019\/03\/3-inzicht-100x100.png 100w, https:\/\/raymedy.com\/wp-content\/uploads\/2019\/03\/3-inzicht-70x70.png 70w, https:\/\/raymedy.com\/wp-content\/uploads\/2019\/03\/3-inzicht-65x65.png 65w\" sizes=\"(max-width: 260px) 100vw, 260px\" \/><\/figure><div class=\"elementor-image-box-content\"><h4 class=\"elementor-image-box-title\">Einsicht<\/h4><p class=\"elementor-image-box-description\">Sie haben Einblick in das Gleichgewicht Ihres K\u00f6rpers und erhalten von Ihrem Therapeuten Ratschl\u00e4ge, um das Gleichgewicht wiederherzustellen oder zu verbessern.<\/p><\/div><\/div>\t\t\t\t<\/div>\n\t\t\t\t<\/div>\n\t\t\t\t\t<\/div>\n\t\t<\/div>\n\t\t\t\t<div class=\"elementor-column elementor-col-20 elementor-top-column elementor-element elementor-element-19283b2f\" data-id=\"19283b2f\" data-element_type=\"column\" data-e-type=\"column\">\n\t\t\t<div class=\"elementor-widget-wrap elementor-element-populated\">\n\t\t\t\t\t\t<div class=\"elementor-element elementor-element-56e7d6b9 elementor-position-top elementor-widget elementor-widget-image-box\" data-id=\"56e7d6b9\" data-element_type=\"widget\" data-e-type=\"widget\" data-widget_type=\"image-box.default\">\n\t\t\t\t<div class=\"elementor-widget-container\">\n\t\t\t\t\t<div class=\"elementor-image-box-wrapper\"><figure class=\"elementor-image-box-img\"><img loading=\"lazy\" decoding=\"async\" width=\"260\" height=\"260\" src=\"https:\/\/raymedy.com\/wp-content\/uploads\/2019\/03\/4-behandelplan.png\" class=\"attachment-full size-full wp-image-17489\" alt=\"\" srcset=\"https:\/\/raymedy.com\/wp-content\/uploads\/2019\/03\/4-behandelplan.png 260w, https:\/\/raymedy.com\/wp-content\/uploads\/2019\/03\/4-behandelplan-150x150.png 150w, https:\/\/raymedy.com\/wp-content\/uploads\/2019\/03\/4-behandelplan-100x100.png 100w, https:\/\/raymedy.com\/wp-content\/uploads\/2019\/03\/4-behandelplan-70x70.png 70w, https:\/\/raymedy.com\/wp-content\/uploads\/2019\/03\/4-behandelplan-65x65.png 65w\" sizes=\"(max-width: 260px) 100vw, 260px\" \/><\/figure><div class=\"elementor-image-box-content\"><h4 class=\"elementor-image-box-title\">Start<\/h4><p class=\"elementor-image-box-description\">Ihr Arzt oder Heilpraktiker erstellt einen Behandlungsplan mit Licht- und Magnetfelder, um Ihren K\u00f6rper wieder ins Gleichgewicht zu bringen.<\/p><\/div><\/div>\t\t\t\t<\/div>\n\t\t\t\t<\/div>\n\t\t\t\t\t<\/div>\n\t\t<\/div>\n\t\t\t\t<div class=\"elementor-column elementor-col-20 elementor-top-column elementor-element elementor-element-2754d392\" data-id=\"2754d392\" data-element_type=\"column\" data-e-type=\"column\">\n\t\t\t<div class=\"elementor-widget-wrap elementor-element-populated\">\n\t\t\t\t\t\t<div class=\"elementor-element elementor-element-2c1b9d52 elementor-position-top elementor-widget elementor-widget-image-box\" data-id=\"2c1b9d52\" data-element_type=\"widget\" data-e-type=\"widget\" data-widget_type=\"image-box.default\">\n\t\t\t\t<div class=\"elementor-widget-container\">\n\t\t\t\t\t<div class=\"elementor-image-box-wrapper\"><figure class=\"elementor-image-box-img\"><img loading=\"lazy\" decoding=\"async\" width=\"117\" height=\"117\" src=\"https:\/\/raymedy.com\/wp-content\/uploads\/2019\/05\/RM-picto-gezond-leven-325x325-117x117.png\" class=\"attachment-full size-full wp-image-17204\" alt=\"\" srcset=\"https:\/\/raymedy.com\/wp-content\/uploads\/2019\/05\/RM-picto-gezond-leven-325x325-117x117.png 117w, https:\/\/raymedy.com\/wp-content\/uploads\/2019\/05\/RM-picto-gezond-leven-325x325-117x117-100x100.png 100w, https:\/\/raymedy.com\/wp-content\/uploads\/2019\/05\/RM-picto-gezond-leven-325x325-117x117-70x70.png 70w, https:\/\/raymedy.com\/wp-content\/uploads\/2019\/05\/RM-picto-gezond-leven-325x325-117x117-65x65.png 65w\" sizes=\"(max-width: 117px) 100vw, 117px\" \/><\/figure><div class=\"elementor-image-box-content\"><h4 class=\"elementor-image-box-title\">Auf dem Weg zu einem gesunden Leben<\/h4><\/div><\/div>\t\t\t\t<\/div>\n\t\t\t\t<\/div>\n\t\t\t\t\t<\/div>\n\t\t<\/div>\n\t\t\t\t\t<\/div>\n\t\t<\/section>\n\t\t\t\t<section class=\"elementor-section elementor-top-section elementor-element elementor-element-4ffa4f6e elementor-section-boxed elementor-section-height-default elementor-section-height-default\" data-id=\"4ffa4f6e\" data-element_type=\"section\" data-e-type=\"section\" data-settings=\"{&quot;background_background&quot;:&quot;classic&quot;,&quot;_ha_eqh_enable&quot;:false}\">\n\t\t\t\t\t\t<div class=\"elementor-container elementor-column-gap-default\">\n\t\t\t\t\t<div class=\"elementor-column elementor-col-50 elementor-top-column elementor-element elementor-element-7424b9c1\" data-id=\"7424b9c1\" data-element_type=\"column\" data-e-type=\"column\">\n\t\t\t<div class=\"elementor-widget-wrap elementor-element-populated\">\n\t\t\t\t\t\t<div class=\"elementor-element elementor-element-4da008e8 elementor-widget elementor-widget-image\" data-id=\"4da008e8\" data-element_type=\"widget\" data-e-type=\"widget\" data-widget_type=\"image.default\">\n\t\t\t\t<div class=\"elementor-widget-container\">\n\t\t\t\t\t\t\t\t\t\t\t\t\t\t\t<img loading=\"lazy\" decoding=\"async\" width=\"260\" height=\"173\" src=\"https:\/\/raymedy.com\/wp-content\/uploads\/2019\/03\/overraymedy-1.png\" class=\"attachment-full size-full wp-image-17400\" alt=\"\" srcset=\"https:\/\/raymedy.com\/wp-content\/uploads\/2019\/03\/overraymedy-1.png 260w, https:\/\/raymedy.com\/wp-content\/uploads\/2019\/03\/overraymedy-1-70x47.png 70w\" sizes=\"(max-width: 260px) 100vw, 260px\" \/>\t\t\t\t\t\t\t\t\t\t\t\t\t\t\t<\/div>\n\t\t\t\t<\/div>\n\t\t\t\t\t<\/div>\n\t\t<\/div>\n\t\t\t\t<div class=\"elementor-column elementor-col-50 elementor-top-column elementor-element elementor-element-593b4a40\" data-id=\"593b4a40\" data-element_type=\"column\" data-e-type=\"column\">\n\t\t\t<div class=\"elementor-widget-wrap elementor-element-populated\">\n\t\t\t\t\t\t<div class=\"elementor-element elementor-element-73bdf001 elementor-widget elementor-widget-text-editor\" data-id=\"73bdf001\" data-element_type=\"widget\" data-e-type=\"widget\" data-widget_type=\"text-editor.default\">\n\t\t\t\t<div class=\"elementor-widget-container\">\n\t\t\t\t\t\t\t\t\t<p>Seit 1997 verbindet Raymedy die Erkenntnisse der \u00f6stlichen Energiemedizin mit den westlichen wissenschaftlichen Erkenntnissen. Wir zeichnen jede Behandlung auf, analysieren unsere Daten und erforschen neue Technologien.<\/p>\n<p><strong>Wir \u00fcberpr\u00fcfen unsere Messungen anhand \u00f6stlicher und westlicher Erkenntnisse und behandeln mit einzigartigen, von uns entwickelten Ger\u00e4ten.<\/strong><\/p>\n\t\t\t\t\t\t\t\t<\/div>\n\t\t\t\t<\/div>\n\t\t\t\t\t<\/div>\n\t\t<\/div>\n\t\t\t\t\t<\/div>\n\t\t<\/section>\n\t\t\t\t<section class=\"elementor-section elementor-top-section elementor-element elementor-element-068add1 elementor-section-boxed elementor-section-height-default elementor-section-height-default\" data-id=\"068add1\" data-element_type=\"section\" data-e-type=\"section\" data-settings=\"{&quot;background_background&quot;:&quot;classic&quot;,&quot;_ha_eqh_enable&quot;:false}\">\n\t\t\t\t\t\t<div class=\"elementor-container elementor-column-gap-default\">\n\t\t\t\t\t<div class=\"elementor-column elementor-col-50 elementor-top-column elementor-element elementor-element-4d0d208\" data-id=\"4d0d208\" data-element_type=\"column\" data-e-type=\"column\">\n\t\t\t<div class=\"elementor-widget-wrap elementor-element-populated\">\n\t\t\t\t\t\t<div class=\"elementor-element elementor-element-cc1ff8b elementor-widget elementor-widget-image\" data-id=\"cc1ff8b\" data-element_type=\"widget\" data-e-type=\"widget\" data-widget_type=\"image.default\">\n\t\t\t\t<div class=\"elementor-widget-container\">\n\t\t\t\t\t\t\t\t\t\t\t\t\t\t\t<img loading=\"lazy\" decoding=\"async\" width=\"260\" height=\"174\" src=\"https:\/\/raymedy.com\/wp-content\/uploads\/2019\/03\/overraymedy-2.png\" class=\"attachment-full size-full wp-image-17401\" alt=\"\" srcset=\"https:\/\/raymedy.com\/wp-content\/uploads\/2019\/03\/overraymedy-2.png 260w, https:\/\/raymedy.com\/wp-content\/uploads\/2019\/03\/overraymedy-2-70x47.png 70w\" sizes=\"(max-width: 260px) 100vw, 260px\" \/>\t\t\t\t\t\t\t\t\t\t\t\t\t\t\t<\/div>\n\t\t\t\t<\/div>\n\t\t\t\t\t<\/div>\n\t\t<\/div>\n\t\t\t\t<div class=\"elementor-column elementor-col-50 elementor-top-column elementor-element elementor-element-bfaf244\" data-id=\"bfaf244\" data-element_type=\"column\" data-e-type=\"column\">\n\t\t\t<div class=\"elementor-widget-wrap elementor-element-populated\">\n\t\t\t\t\t\t<div class=\"elementor-element elementor-element-1a9e2c0 elementor-widget elementor-widget-text-editor\" data-id=\"1a9e2c0\" data-element_type=\"widget\" data-e-type=\"widget\" data-widget_type=\"text-editor.default\">\n\t\t\t\t<div class=\"elementor-widget-container\">\n\t\t\t\t\t\t\t\t\t<p>Mit Mikrostrom machen wir die Meridiane in Ihrem K\u00f6rper messbar. Dadurch erhalten wir einen Einblick in Ihren K\u00f6rper und k\u00f6nnen Sie in den Bereichen Stress, Ern\u00e4hrung, Energie und Bewegung beraten. Mit Lichtfrequenzen und pulsierenden Magnetfeldern haben wir einen Weg gefunden, Ihre Organe, Meridiane und Energiebahnen effizient zu beeinflussen und wiederherzustellen.<\/p>\n<p><strong>Wir helfen Ihnen, Ihren K\u00f6rper wieder ins Gleichgewicht zu bringen. F\u00fcr jetzt und f\u00fcr die Zukunft.<\/strong><\/p>\n\t\t\t\t\t\t\t\t<\/div>\n\t\t\t\t<\/div>\n\t\t\t\t\t<\/div>\n\t\t<\/div>\n\t\t\t\t\t<\/div>\n\t\t<\/section>\n\t\t\t\t<\/div>\n\t\t","protected":false},"excerpt":{"rendered":"<p>viele Krankheiten H\u00fcftbeschwerden, Fersensporn, Heuschnupfen, Infektionen, Kinder und Beschwerden, Narben, Borreliose, Magen-Darm-Beschwerden, Meniskusprobleme, Migr\u00e4ne, Nackenbeschwerden, Neuropathie, Nierenbeschwerden, Unruhe, \u00dcbergangsbeschwerden, Fettleibigkeit, \u00dcberm\u00fcdung, Parasiten, Sehnenverletzungen, Schmerzbeschwerden, Posttraumatische Dystrophie, Prostatabeschwerden, Schuppenflechte, PTBS, Q-Fieber, Rheuma, Syndrom der unruhigen Beine, Rosacea, R\u00fcckenprobleme, Schilddr\u00fcsenprobleme, sexueller Missbrauch, Trauma, Schlafprobleme, Geschmack und Geruch, Stimmprobleme, Sportverletzungen, Raucherentw\u00f6hnung, Virusinfektion, Wundheilung, Pfeiffersches Dr\u00fcsenfieber, Schleudertrauma&#8230;&#8230;. Raymedy kann [&hellip;]<\/p>\n","protected":false},"author":10,"featured_media":18050,"parent":17053,"menu_order":7,"comment_status":"closed","ping_status":"closed","template":"","meta":{"site-sidebar-layout":"no-sidebar","site-content-layout":"page-builder","ast-site-content-layout":"default","site-content-style":"default","site-sidebar-style":"default","ast-global-header-display":"","ast-banner-title-visibility":"","ast-main-header-display":"","ast-hfb-above-header-display":"","ast-hfb-below-header-display":"","ast-hfb-mobile-header-display":"","site-post-title":"disabled","ast-breadcrumbs-content":"","ast-featured-img":"disabled","footer-sml-layout":"","ast-disable-related-posts":"","theme-transparent-header-meta":"default","adv-header-id-meta":"","stick-header-meta":"default","header-above-stick-meta":"","header-main-stick-meta":"","header-below-stick-meta":"","astra-migrate-meta-layouts":"default","ast-page-background-enabled":"default","ast-page-background-meta":{"desktop":{"background-color":"","background-image":"","background-repeat":"repeat","background-position":"center center","background-size":"auto","background-attachment":"scroll","background-type":"","background-media":"","overlay-type":"","overlay-color":"","overlay-opacity":"","overlay-gradient":""},"tablet":{"background-color":"","background-image":"","background-repeat":"repeat","background-position":"center center","background-size":"auto","background-attachment":"scroll","background-type":"","background-media":"","overlay-type":"","overlay-color":"","overlay-opacity":"","overlay-gradient":""},"mobile":{"background-color":"","background-image":"","background-repeat":"repeat","background-position":"center center","background-size":"auto","background-attachment":"scroll","background-type":"","background-media":"","overlay-type":"","overlay-color":"","overlay-opacity":"","overlay-gradient":""}},"ast-content-background-meta":{"desktop":{"background-color":"var(--ast-global-color-5)","background-image":"","background-repeat":"repeat","background-position":"center center","background-size":"auto","background-attachment":"scroll","background-type":"","background-media":"","overlay-type":"","overlay-color":"","overlay-opacity":"","overlay-gradient":""},"tablet":{"background-color":"var(--ast-global-color-5)","background-image":"","background-repeat":"repeat","background-position":"center center","background-size":"auto","background-attachment":"scroll","background-type":"","background-media":"","overlay-type":"","overlay-color":"","overlay-opacity":"","overlay-gradient":""},"mobile":{"background-color":"var(--ast-global-color-5)","background-image":"","background-repeat":"repeat","background-position":"center center","background-size":"auto","background-attachment":"scroll","background-type":"","background-media":"","overlay-type":"","overlay-color":"","overlay-opacity":"","overlay-gradient":""}},"footnotes":""},"class_list":["post-18291","page","type-page","status-publish","has-post-thumbnail","hentry"],"_links":{"self":[{"href":"https:\/\/raymedy.com\/de\/wp-json\/wp\/v2\/pages\/18291","targetHints":{"allow":["GET"]}}],"collection":[{"href":"https:\/\/raymedy.com\/de\/wp-json\/wp\/v2\/pages"}],"about":[{"href":"https:\/\/raymedy.com\/de\/wp-json\/wp\/v2\/types\/page"}],"author":[{"embeddable":true,"href":"https:\/\/raymedy.com\/de\/wp-json\/wp\/v2\/users\/10"}],"replies":[{"embeddable":true,"href":"https:\/\/raymedy.com\/de\/wp-json\/wp\/v2\/comments?post=18291"}],"version-history":[{"count":11,"href":"https:\/\/raymedy.com\/de\/wp-json\/wp\/v2\/pages\/18291\/revisions"}],"predecessor-version":[{"id":20978,"href":"https:\/\/raymedy.com\/de\/wp-json\/wp\/v2\/pages\/18291\/revisions\/20978"}],"up":[{"embeddable":true,"href":"https:\/\/raymedy.com\/de\/wp-json\/wp\/v2\/pages\/17053"}],"wp:featuredmedia":[{"embeddable":true,"href":"https:\/\/raymedy.com\/de\/wp-json\/wp\/v2\/media\/18050"}],"wp:attachment":[{"href":"https:\/\/raymedy.com\/de\/wp-json\/wp\/v2\/media?parent=18291"}],"curies":[{"name":"wp","href":"https:\/\/api.w.org\/{rel}","templated":true}]}}