{"id":18347,"date":"2019-11-27T20:31:28","date_gmt":"2019-11-27T20:31:28","guid":{"rendered":"https:\/\/raymedy.com\/uber-raymedy\/hintergrund\/"},"modified":"2023-04-29T07:32:10","modified_gmt":"2023-04-29T07:32:10","slug":"hintergrund","status":"publish","type":"page","link":"https:\/\/raymedy.com\/de\/uber-raymedy\/hintergrund\/","title":{"rendered":"Hintergrund"},"content":{"rendered":"\t\t<div data-elementor-type=\"wp-page\" data-elementor-id=\"18347\" class=\"elementor elementor-18347 elementor-17807\" data-elementor-settings=\"{&quot;ha_cmc_init_switcher&quot;:&quot;no&quot;}\" data-elementor-post-type=\"page\">\n\t\t\t\t\t\t<section class=\"elementor-section elementor-top-section elementor-element elementor-element-3e03c98 elementor-section-boxed elementor-section-height-default elementor-section-height-default\" data-id=\"3e03c98\" data-element_type=\"section\" data-e-type=\"section\" data-settings=\"{&quot;_ha_eqh_enable&quot;:false}\">\n\t\t\t\t\t\t<div class=\"elementor-container elementor-column-gap-default\">\n\t\t\t\t\t<div class=\"elementor-column elementor-col-100 elementor-top-column elementor-element elementor-element-e489f76\" data-id=\"e489f76\" data-element_type=\"column\" data-e-type=\"column\">\n\t\t\t<div class=\"elementor-widget-wrap elementor-element-populated\">\n\t\t\t\t\t\t<div class=\"elementor-element elementor-element-677dfb1 elementor-widget elementor-widget-heading\" data-id=\"677dfb1\" data-element_type=\"widget\" data-e-type=\"widget\" data-widget_type=\"heading.default\">\n\t\t\t\t<div class=\"elementor-widget-container\">\n\t\t\t\t\t<h2 class=\"elementor-heading-title elementor-size-default\">die Sch\u00f6nheit der Welt<\/h2>\t\t\t\t<\/div>\n\t\t\t\t<\/div>\n\t\t\t\t<div class=\"elementor-element elementor-element-136df13 elementor-widget elementor-widget-heading\" data-id=\"136df13\" data-element_type=\"widget\" data-e-type=\"widget\" data-widget_type=\"heading.default\">\n\t\t\t\t<div class=\"elementor-widget-container\">\n\t\t\t\t\t<h3 class=\"elementor-heading-title elementor-size-default\">Deshalb betrachten wir Ihre Gesundheit mit einem offenen und umfassenden Blick. Sie sind nur etwas breiter gef\u00e4chert, als Sie es vom allgemeinen Gesundheitswesen gewohnt sind.<\/h3>\t\t\t\t<\/div>\n\t\t\t\t<\/div>\n\t\t\t\t<div class=\"elementor-element elementor-element-a05baf3 elementor-widget elementor-widget-image\" data-id=\"a05baf3\" data-element_type=\"widget\" data-e-type=\"widget\" data-widget_type=\"image.default\">\n\t\t\t\t<div class=\"elementor-widget-container\">\n\t\t\t\t\t\t\t\t\t\t\t\t\t\t\t<img decoding=\"async\" width=\"105\" height=\"118\" src=\"https:\/\/raymedy.com\/wp-content\/uploads\/2019\/02\/favicon-groot.png\" class=\"attachment-full size-full wp-image-18723\" alt=\"\" srcset=\"https:\/\/raymedy.com\/wp-content\/uploads\/2019\/02\/favicon-groot.png 105w, https:\/\/raymedy.com\/wp-content\/uploads\/2019\/02\/favicon-groot-62x70.png 62w\" sizes=\"(max-width: 105px) 100vw, 105px\" \/>\t\t\t\t\t\t\t\t\t\t\t\t\t\t\t<\/div>\n\t\t\t\t<\/div>\n\t\t\t\t<section class=\"elementor-section elementor-inner-section elementor-element elementor-element-521e0c1 elementor-section-boxed elementor-section-height-default elementor-section-height-default\" data-id=\"521e0c1\" data-element_type=\"section\" data-e-type=\"section\" data-settings=\"{&quot;_ha_eqh_enable&quot;:false}\">\n\t\t\t\t\t\t<div class=\"elementor-container elementor-column-gap-default\">\n\t\t\t\t\t<div class=\"elementor-column elementor-col-33 elementor-inner-column elementor-element elementor-element-7cd4886\" data-id=\"7cd4886\" data-element_type=\"column\" data-e-type=\"column\">\n\t\t\t<div class=\"elementor-widget-wrap\">\n\t\t\t\t\t\t\t<\/div>\n\t\t<\/div>\n\t\t\t\t<div class=\"elementor-column elementor-col-33 elementor-inner-column elementor-element elementor-element-213d47d\" data-id=\"213d47d\" data-element_type=\"column\" data-e-type=\"column\">\n\t\t\t<div class=\"elementor-widget-wrap elementor-element-populated\">\n\t\t\t\t\t\t<div class=\"elementor-element elementor-element-5fbffd0 elementor-widget elementor-widget-video\" data-id=\"5fbffd0\" data-element_type=\"widget\" data-e-type=\"widget\" data-settings=\"{&quot;youtube_url&quot;:&quot;https:\\\/\\\/www.youtube.com\\\/watch?v=3YKVp5Oaxjc&quot;,&quot;video_type&quot;:&quot;youtube&quot;,&quot;controls&quot;:&quot;yes&quot;}\" data-widget_type=\"video.default\">\n\t\t\t\t<div class=\"elementor-widget-container\">\n\t\t\t\t\t\t\t<div class=\"elementor-wrapper elementor-open-inline\">\n\t\t\t<div class=\"elementor-video\"><\/div>\t\t<\/div>\n\t\t\t\t\t\t<\/div>\n\t\t\t\t<\/div>\n\t\t\t\t\t<\/div>\n\t\t<\/div>\n\t\t\t\t<div class=\"elementor-column elementor-col-33 elementor-inner-column elementor-element elementor-element-0a18a47\" data-id=\"0a18a47\" data-element_type=\"column\" data-e-type=\"column\">\n\t\t\t<div class=\"elementor-widget-wrap\">\n\t\t\t\t\t\t\t<\/div>\n\t\t<\/div>\n\t\t\t\t\t<\/div>\n\t\t<\/section>\n\t\t\t\t\t<\/div>\n\t\t<\/div>\n\t\t\t\t\t<\/div>\n\t\t<\/section>\n\t\t\t\t<section class=\"elementor-section elementor-top-section elementor-element elementor-element-15699f3 elementor-section-boxed elementor-section-height-default elementor-section-height-default\" data-id=\"15699f3\" data-element_type=\"section\" data-e-type=\"section\" data-settings=\"{&quot;background_background&quot;:&quot;classic&quot;,&quot;_ha_eqh_enable&quot;:false}\">\n\t\t\t\t\t\t<div class=\"elementor-container elementor-column-gap-default\">\n\t\t\t\t\t<div class=\"elementor-column elementor-col-50 elementor-top-column elementor-element elementor-element-55a978a\" data-id=\"55a978a\" data-element_type=\"column\" data-e-type=\"column\">\n\t\t\t<div class=\"elementor-widget-wrap elementor-element-populated\">\n\t\t\t\t\t\t<div class=\"elementor-element elementor-element-c7ccbf1 elementor-widget elementor-widget-image\" data-id=\"c7ccbf1\" data-element_type=\"widget\" data-e-type=\"widget\" data-widget_type=\"image.default\">\n\t\t\t\t<div class=\"elementor-widget-container\">\n\t\t\t\t\t\t\t\t\t\t\t\t\t\t\t<img decoding=\"async\" width=\"260\" height=\"173\" src=\"https:\/\/raymedy.com\/wp-content\/uploads\/2019\/03\/overraymedy-1.png\" class=\"attachment-full size-full wp-image-17400\" alt=\"\" srcset=\"https:\/\/raymedy.com\/wp-content\/uploads\/2019\/03\/overraymedy-1.png 260w, https:\/\/raymedy.com\/wp-content\/uploads\/2019\/03\/overraymedy-1-70x47.png 70w\" sizes=\"(max-width: 260px) 100vw, 260px\" \/>\t\t\t\t\t\t\t\t\t\t\t\t\t\t\t<\/div>\n\t\t\t\t<\/div>\n\t\t\t\t\t<\/div>\n\t\t<\/div>\n\t\t\t\t<div class=\"elementor-column elementor-col-50 elementor-top-column elementor-element elementor-element-c29e1bd\" data-id=\"c29e1bd\" data-element_type=\"column\" data-e-type=\"column\">\n\t\t\t<div class=\"elementor-widget-wrap elementor-element-populated\">\n\t\t\t\t\t\t<div class=\"elementor-element elementor-element-85a6766 elementor-widget elementor-widget-text-editor\" data-id=\"85a6766\" data-element_type=\"widget\" data-e-type=\"widget\" data-widget_type=\"text-editor.default\">\n\t\t\t\t<div class=\"elementor-widget-container\">\n\t\t\t\t\t\t\t\t\t\n\nSeit 1997 verbindet Raymedy die Erkenntnisse der \u00f6stlichen Energiemedizin mit den westlichen wissenschaftlichen Erkenntnissen. Wir zeichnen jede Behandlung auf, analysieren unsere Daten und erforschen neue Technologien.\n\nWir pr\u00fcfen unsere Messungen anhand des \u00f6stlichen Wissens.\n\t\t\t\t\t\t\t\t<\/div>\n\t\t\t\t<\/div>\n\t\t\t\t\t<\/div>\n\t\t<\/div>\n\t\t\t\t\t<\/div>\n\t\t<\/section>\n\t\t\t\t<section class=\"elementor-section elementor-top-section elementor-element elementor-element-c079a15 elementor-section-boxed elementor-section-height-default elementor-section-height-default\" data-id=\"c079a15\" data-element_type=\"section\" data-e-type=\"section\" data-settings=\"{&quot;background_background&quot;:&quot;classic&quot;,&quot;_ha_eqh_enable&quot;:false}\">\n\t\t\t\t\t\t<div class=\"elementor-container elementor-column-gap-default\">\n\t\t\t\t\t<div class=\"elementor-column elementor-col-50 elementor-top-column elementor-element elementor-element-2194937\" data-id=\"2194937\" data-element_type=\"column\" data-e-type=\"column\">\n\t\t\t<div class=\"elementor-widget-wrap elementor-element-populated\">\n\t\t\t\t\t\t<div class=\"elementor-element elementor-element-6f32e94 elementor-widget elementor-widget-image\" data-id=\"6f32e94\" data-element_type=\"widget\" data-e-type=\"widget\" data-widget_type=\"image.default\">\n\t\t\t\t<div class=\"elementor-widget-container\">\n\t\t\t\t\t\t\t\t\t\t\t\t\t\t\t<img decoding=\"async\" width=\"260\" height=\"174\" src=\"https:\/\/raymedy.com\/wp-content\/uploads\/2019\/03\/overraymedy-2.png\" class=\"attachment-full size-full wp-image-17401\" alt=\"\" srcset=\"https:\/\/raymedy.com\/wp-content\/uploads\/2019\/03\/overraymedy-2.png 260w, https:\/\/raymedy.com\/wp-content\/uploads\/2019\/03\/overraymedy-2-70x47.png 70w\" sizes=\"(max-width: 260px) 100vw, 260px\" \/>\t\t\t\t\t\t\t\t\t\t\t\t\t\t\t<\/div>\n\t\t\t\t<\/div>\n\t\t\t\t\t<\/div>\n\t\t<\/div>\n\t\t\t\t<div class=\"elementor-column elementor-col-50 elementor-top-column elementor-element elementor-element-9286025\" data-id=\"9286025\" data-element_type=\"column\" data-e-type=\"column\">\n\t\t\t<div class=\"elementor-widget-wrap elementor-element-populated\">\n\t\t\t\t\t\t<div class=\"elementor-element elementor-element-bc4535b elementor-widget elementor-widget-text-editor\" data-id=\"bc4535b\" data-element_type=\"widget\" data-e-type=\"widget\" data-widget_type=\"text-editor.default\">\n\t\t\t\t<div class=\"elementor-widget-container\">\n\t\t\t\t\t\t\t\t\t<p>Mit Mikrostrom machen wir die Meridiane in Ihrem K\u00f6rper messbar. Dadurch erhalten wir einen Einblick in Ihren K\u00f6rper und k\u00f6nnen Sie in den Bereichen Stress, Ern\u00e4hrung, Energie und Bewegung beraten. Mit Lichtfrequenzen und pulsierenden Magnetfeldern haben wir einen Weg gefunden, Ihre Organe, Meridiane und Energiebahnen effizient zu beeinflussen und wiederherzustellen.<\/p>\n<p>Wir helfen Ihnen, Ihren K\u00f6rper wieder ins Gleichgewicht zu bringen. F\u00fcr jetzt und f\u00fcr die Zukunft.  <\/p>\n\t\t\t\t\t\t\t\t<\/div>\n\t\t\t\t<\/div>\n\t\t\t\t\t<\/div>\n\t\t<\/div>\n\t\t\t\t\t<\/div>\n\t\t<\/section>\n\t\t\t\t<section class=\"elementor-section elementor-top-section elementor-element elementor-element-95fce2f elementor-section-boxed elementor-section-height-default elementor-section-height-default\" data-id=\"95fce2f\" data-element_type=\"section\" data-e-type=\"section\" data-settings=\"{&quot;_ha_eqh_enable&quot;:false}\">\n\t\t\t\t\t\t<div class=\"elementor-container elementor-column-gap-default\">\n\t\t\t\t\t<div class=\"elementor-column elementor-col-100 elementor-top-column elementor-element elementor-element-34b7b21\" data-id=\"34b7b21\" data-element_type=\"column\" data-e-type=\"column\">\n\t\t\t<div class=\"elementor-widget-wrap elementor-element-populated\">\n\t\t\t\t\t\t<div class=\"elementor-element elementor-element-29711d5 elementor-widget elementor-widget-heading\" data-id=\"29711d5\" data-element_type=\"widget\" data-e-type=\"widget\" data-widget_type=\"heading.default\">\n\t\t\t\t<div class=\"elementor-widget-container\">\n\t\t\t\t\t<h3 class=\"elementor-heading-title elementor-size-default\">Voneinander lernen<\/h3>\t\t\t\t<\/div>\n\t\t\t\t<\/div>\n\t\t\t\t<div class=\"elementor-element elementor-element-1f67319 elementor-widget elementor-widget-text-editor\" data-id=\"1f67319\" data-element_type=\"widget\" data-e-type=\"widget\" data-widget_type=\"text-editor.default\">\n\t\t\t\t<div class=\"elementor-widget-container\">\n\t\t\t\t\t\t\t\t\t<p>Die westliche und die \u00f6stliche Medizin werden immer vertrauter miteinander. Die alte Energiemedizin, die auf Chi, Yin und Yang und den 5 Elementen basiert, und die westliche Wissenschaft n\u00e4hern sich einander an.<\/p>\n<p><b>Nobelpreis f\u00fcr Physiologie oder Medizin im Jahr 1924<\/b><\/p>\n<p>Bereits 1901 erfand der niederl\u00e4ndische Arzt Willem Einthoven das Saitengalvanometer. Dies war das erste Instrument, das die winzigen, vom Herzen erzeugten Stromst\u00f6\u00dfe aufsp\u00fcren konnte. F\u00fcr diese Erfindung und die Weiterentwicklung der Elektrokardiographie (EKG) erhielt <a class=\"unactive-link\" href=\"https:\/\/nl.wikipedia.org\/wiki\/Willem_Einthoven\" target=\"_blank\" rel=\"noopener noreferrer\">Einthoven 1924 den Nobelpreis f\u00fcr Physiologie oder Medizin.<\/a><\/p>\n<p><b>Bedeutung von Energie und Licht wissenschaftlich belegt<\/b><\/p>\n<p>Wir alle wissen, dass die Prozesse im K\u00f6rper durch Energie gesteuert werden. Sehr kleine Str\u00f6me treiben Muskeln an. Das Licht in unseren Augen wird umgewandelt, um ein Bild zu erzeugen. Und der Groninger Forscher <a class=\"unactive-link\" href=\"https:\/\/nl.wikipedia.org\/wiki\/Ben_Feringa\" target=\"_blank\" rel=\"noopener noreferrer\">Ben Feringa<\/a> zeigte, dass Zellen Licht brauchen, um N\u00e4hrstoffe aufzunehmen. Daf\u00fcr wurde er 2016 mit dem Nobelpreis f\u00fcr Chemie ausgezeichnet.  <\/p>\n\t\t\t\t\t\t\t\t<\/div>\n\t\t\t\t<\/div>\n\t\t\t\t\t<\/div>\n\t\t<\/div>\n\t\t\t\t\t<\/div>\n\t\t<\/section>\n\t\t\t\t<\/div>\n\t\t","protected":false},"excerpt":{"rendered":"<p>die Sch\u00f6nheit der Welt Deshalb betrachten wir Ihre Gesundheit mit einem offenen und umfassenden Blick. Sie sind nur etwas breiter gef\u00e4chert, als Sie es vom allgemeinen Gesundheitswesen gewohnt sind. Seit 1997 verbindet Raymedy die Erkenntnisse der \u00f6stlichen Energiemedizin mit den westlichen wissenschaftlichen Erkenntnissen. Wir zeichnen jede Behandlung auf, analysieren unsere Daten und erforschen neue Technologien. [&hellip;]<\/p>\n","protected":false},"author":10,"featured_media":18110,"parent":17110,"menu_order":0,"comment_status":"closed","ping_status":"closed","template":"elementor_header_footer","meta":{"site-sidebar-layout":"no-sidebar","site-content-layout":"page-builder","ast-site-content-layout":"default","site-content-style":"default","site-sidebar-style":"default","ast-global-header-display":"","ast-banner-title-visibility":"","ast-main-header-display":"","ast-hfb-above-header-display":"","ast-hfb-below-header-display":"","ast-hfb-mobile-header-display":"","site-post-title":"disabled","ast-breadcrumbs-content":"","ast-featured-img":"disabled","footer-sml-layout":"","ast-disable-related-posts":"","theme-transparent-header-meta":"default","adv-header-id-meta":"","stick-header-meta":"default","header-above-stick-meta":"","header-main-stick-meta":"","header-below-stick-meta":"","astra-migrate-meta-layouts":"default","ast-page-background-enabled":"default","ast-page-background-meta":{"desktop":{"background-color":"","background-image":"","background-repeat":"repeat","background-position":"center center","background-size":"auto","background-attachment":"scroll","background-type":"","background-media":"","overlay-type":"","overlay-color":"","overlay-opacity":"","overlay-gradient":""},"tablet":{"background-color":"","background-image":"","background-repeat":"repeat","background-position":"center center","background-size":"auto","background-attachment":"scroll","background-type":"","background-media":"","overlay-type":"","overlay-color":"","overlay-opacity":"","overlay-gradient":""},"mobile":{"background-color":"","background-image":"","background-repeat":"repeat","background-position":"center center","background-size":"auto","background-attachment":"scroll","background-type":"","background-media":"","overlay-type":"","overlay-color":"","overlay-opacity":"","overlay-gradient":""}},"ast-content-background-meta":{"desktop":{"background-color":"var(--ast-global-color-5)","background-image":"","background-repeat":"repeat","background-position":"center center","background-size":"auto","background-attachment":"scroll","background-type":"","background-media":"","overlay-type":"","overlay-color":"","overlay-opacity":"","overlay-gradient":""},"tablet":{"background-color":"var(--ast-global-color-5)","background-image":"","background-repeat":"repeat","background-position":"center center","background-size":"auto","background-attachment":"scroll","background-type":"","background-media":"","overlay-type":"","overlay-color":"","overlay-opacity":"","overlay-gradient":""},"mobile":{"background-color":"var(--ast-global-color-5)","background-image":"","background-repeat":"repeat","background-position":"center center","background-size":"auto","background-attachment":"scroll","background-type":"","background-media":"","overlay-type":"","overlay-color":"","overlay-opacity":"","overlay-gradient":""}},"footnotes":""},"class_list":["post-18347","page","type-page","status-publish","has-post-thumbnail","hentry"],"_links":{"self":[{"href":"https:\/\/raymedy.com\/de\/wp-json\/wp\/v2\/pages\/18347","targetHints":{"allow":["GET"]}}],"collection":[{"href":"https:\/\/raymedy.com\/de\/wp-json\/wp\/v2\/pages"}],"about":[{"href":"https:\/\/raymedy.com\/de\/wp-json\/wp\/v2\/types\/page"}],"author":[{"embeddable":true,"href":"https:\/\/raymedy.com\/de\/wp-json\/wp\/v2\/users\/10"}],"replies":[{"embeddable":true,"href":"https:\/\/raymedy.com\/de\/wp-json\/wp\/v2\/comments?post=18347"}],"version-history":[{"count":12,"href":"https:\/\/raymedy.com\/de\/wp-json\/wp\/v2\/pages\/18347\/revisions"}],"predecessor-version":[{"id":20089,"href":"https:\/\/raymedy.com\/de\/wp-json\/wp\/v2\/pages\/18347\/revisions\/20089"}],"up":[{"embeddable":true,"href":"https:\/\/raymedy.com\/de\/wp-json\/wp\/v2\/pages\/17110"}],"wp:featuredmedia":[{"embeddable":true,"href":"https:\/\/raymedy.com\/de\/wp-json\/wp\/v2\/media\/18110"}],"wp:attachment":[{"href":"https:\/\/raymedy.com\/de\/wp-json\/wp\/v2\/media?parent=18347"}],"curies":[{"name":"wp","href":"https:\/\/api.w.org\/{rel}","templated":true}]}}