{"id":18352,"date":"2019-11-27T20:33:23","date_gmt":"2019-11-27T20:33:23","guid":{"rendered":"https:\/\/raymedy.com\/uber-raymedy\/wissenschaft\/"},"modified":"2025-02-28T16:48:19","modified_gmt":"2025-02-28T16:48:19","slug":"wissenschaft","status":"publish","type":"page","link":"https:\/\/raymedy.com\/de\/uber-raymedy\/wissenschaft\/","title":{"rendered":"Wissenschaft"},"content":{"rendered":"\t\t<div data-elementor-type=\"wp-page\" data-elementor-id=\"18352\" class=\"elementor elementor-18352 elementor-17811\" data-elementor-settings=\"{&quot;ha_cmc_init_switcher&quot;:&quot;no&quot;}\" data-elementor-post-type=\"page\">\n\t\t\t\t\t\t<section class=\"elementor-section elementor-top-section elementor-element elementor-element-1d88425 elementor-section-boxed elementor-section-height-default elementor-section-height-default\" data-id=\"1d88425\" data-element_type=\"section\" data-e-type=\"section\" data-settings=\"{&quot;_ha_eqh_enable&quot;:false}\">\n\t\t\t\t\t\t<div class=\"elementor-container elementor-column-gap-default\">\n\t\t\t\t\t<div class=\"elementor-column elementor-col-100 elementor-top-column elementor-element elementor-element-54a4627\" data-id=\"54a4627\" data-element_type=\"column\" data-e-type=\"column\">\n\t\t\t<div class=\"elementor-widget-wrap elementor-element-populated\">\n\t\t\t\t\t\t<div class=\"elementor-element elementor-element-f09c933 elementor-widget elementor-widget-heading\" data-id=\"f09c933\" data-element_type=\"widget\" data-e-type=\"widget\" data-widget_type=\"heading.default\">\n\t\t\t\t<div class=\"elementor-widget-container\">\n\t\t\t\t\t<h2 class=\"elementor-heading-title elementor-size-default\">unsere einzigartige Raymedy-Therapie<\/h2>\t\t\t\t<\/div>\n\t\t\t\t<\/div>\n\t\t\t\t<div class=\"elementor-element elementor-element-5eb14a8 elementor-widget elementor-widget-heading\" data-id=\"5eb14a8\" data-element_type=\"widget\" data-e-type=\"widget\" data-widget_type=\"heading.default\">\n\t\t\t\t<div class=\"elementor-widget-container\">\n\t\t\t\t\t<h3 class=\"elementor-heading-title elementor-size-default\">Alle Prozesse im K\u00f6rper werden durch Energie gesteuert. Sehr kleine Str\u00f6me treiben Muskeln an. Das Licht in unseren Augen wird umgewandelt, um ein Bild zu erzeugen. Zellen brauchen Licht, um N\u00e4hrstoffe aufzunehmen. Die Wissenschaft hinter diesen Prozessen ist die Wissenschaft hinter Raymedy.<\/h3>\t\t\t\t<\/div>\n\t\t\t\t<\/div>\n\t\t\t\t\t<\/div>\n\t\t<\/div>\n\t\t\t\t\t<\/div>\n\t\t<\/section>\n\t\t\t\t<section class=\"elementor-section elementor-top-section elementor-element elementor-element-4bace5b elementor-section-boxed elementor-section-height-default elementor-section-height-default\" data-id=\"4bace5b\" data-element_type=\"section\" data-e-type=\"section\" data-settings=\"{&quot;background_background&quot;:&quot;classic&quot;,&quot;_ha_eqh_enable&quot;:false}\">\n\t\t\t\t\t\t<div class=\"elementor-container elementor-column-gap-default\">\n\t\t\t\t\t<div class=\"elementor-column elementor-col-50 elementor-top-column elementor-element elementor-element-c207754\" data-id=\"c207754\" data-element_type=\"column\" data-e-type=\"column\">\n\t\t\t<div class=\"elementor-widget-wrap elementor-element-populated\">\n\t\t\t\t\t\t<div class=\"elementor-element elementor-element-8f255fc elementor-widget elementor-widget-image\" data-id=\"8f255fc\" data-element_type=\"widget\" data-e-type=\"widget\" data-widget_type=\"image.default\">\n\t\t\t\t<div class=\"elementor-widget-container\">\n\t\t\t\t\t\t\t\t\t\t\t\t\t\t\t<img decoding=\"async\" width=\"260\" height=\"173\" src=\"https:\/\/raymedy.com\/wp-content\/uploads\/2019\/03\/overraymedy-1.png\" class=\"attachment-full size-full wp-image-17400\" alt=\"\" srcset=\"https:\/\/raymedy.com\/wp-content\/uploads\/2019\/03\/overraymedy-1.png 260w, https:\/\/raymedy.com\/wp-content\/uploads\/2019\/03\/overraymedy-1-70x47.png 70w\" sizes=\"(max-width: 260px) 100vw, 260px\" \/>\t\t\t\t\t\t\t\t\t\t\t\t\t\t\t<\/div>\n\t\t\t\t<\/div>\n\t\t\t\t\t<\/div>\n\t\t<\/div>\n\t\t\t\t<div class=\"elementor-column elementor-col-50 elementor-top-column elementor-element elementor-element-125cde4\" data-id=\"125cde4\" data-element_type=\"column\" data-e-type=\"column\">\n\t\t\t<div class=\"elementor-widget-wrap elementor-element-populated\">\n\t\t\t\t\t\t<div class=\"elementor-element elementor-element-c0bea19 elementor-widget elementor-widget-text-editor\" data-id=\"c0bea19\" data-element_type=\"widget\" data-e-type=\"widget\" data-widget_type=\"text-editor.default\">\n\t\t\t\t<div class=\"elementor-widget-container\">\n\t\t\t\t\t\t\t\t\t<p>Die Raymedy-Therapie basiert auf der Meridian-Theorie der \u00f6stlichen Medizin, kombiniert mit westlichen Messmethoden und der Behandlung von Energie-Ungleichgewichten mit Licht, pulsierenden elektromagnetischen Feldern und Mikrostrom-Stimulation. Die Grundlage daf\u00fcr wurde im wissenschaftlichen Programm des russischen Raumfahrtprogramms gelegt und von Raymedy weiterentwickelt. Raymedy verbindet Erkenntnisse der \u00f6stlichen Energiemedizin mit westlichen wissenschaftlichen Erkenntnissen. Wir zeichnen jede Behandlung auf, werten unsere Daten aus und erforschen neue Technologien.  <\/p>\n\t\t\t\t\t\t\t\t<\/div>\n\t\t\t\t<\/div>\n\t\t\t\t\t<\/div>\n\t\t<\/div>\n\t\t\t\t\t<\/div>\n\t\t<\/section>\n\t\t\t\t<section class=\"elementor-section elementor-top-section elementor-element elementor-element-0904c0e elementor-section-boxed elementor-section-height-default elementor-section-height-default\" data-id=\"0904c0e\" data-element_type=\"section\" data-e-type=\"section\" data-settings=\"{&quot;_ha_eqh_enable&quot;:false}\">\n\t\t\t\t\t\t<div class=\"elementor-container elementor-column-gap-default\">\n\t\t\t\t\t<div class=\"elementor-column elementor-col-50 elementor-top-column elementor-element elementor-element-b91fcc5\" data-id=\"b91fcc5\" data-element_type=\"column\" data-e-type=\"column\">\n\t\t\t<div class=\"elementor-widget-wrap elementor-element-populated\">\n\t\t\t\t\t\t<div class=\"elementor-element elementor-element-14ac832 elementor-widget elementor-widget-heading\" data-id=\"14ac832\" data-element_type=\"widget\" data-e-type=\"widget\" data-widget_type=\"heading.default\">\n\t\t\t\t<div class=\"elementor-widget-container\">\n\t\t\t\t\t<h3 class=\"elementor-heading-title elementor-size-default\">Voneinander lernen<\/h3>\t\t\t\t<\/div>\n\t\t\t\t<\/div>\n\t\t\t\t<div class=\"elementor-element elementor-element-b4141a8 elementor-widget elementor-widget-text-editor\" data-id=\"b4141a8\" data-element_type=\"widget\" data-e-type=\"widget\" data-widget_type=\"text-editor.default\">\n\t\t\t\t<div class=\"elementor-widget-container\">\n\t\t\t\t\t\t\t\t\t<p>Die westliche und die \u00f6stliche Medizin werden immer vertrauter miteinander. Die alte Energiemedizin, die auf Chi, Yin und Yang und den 5 Elementen basiert, und die westliche Wissenschaft n\u00e4hern sich einander an.<\/p>\n<p><b>Nobelpreis f\u00fcr Physiologie oder Medizin im Jahr 1924<\/b><\/p>\n<p>Bereits 1901 erfand der niederl\u00e4ndische Arzt Willem Einthoven das Saitengalvanometer. Dies war das erste Instrument, das die winzigen, vom Herzen erzeugten Stromst\u00f6\u00dfe aufsp\u00fcren konnte. F\u00fcr diese Erfindung und die Weiterentwicklung der Elektrokardiographie (EKG) erhielt <a class=\"unactive-link\" href=\"https:\/\/nl.wikipedia.org\/wiki\/Willem_Einthoven\" target=\"_blank\" rel=\"noopener noreferrer\">Einthoven 1924 den Nobelpreis f\u00fcr Physiologie oder Medizin.<\/a><\/p>\n<p><b>Bedeutung von Energie und Licht wissenschaftlich belegt<\/b><\/p>\n<p>Wir alle wissen, dass die Prozesse im K\u00f6rper durch Energie gesteuert werden. Sehr kleine Str\u00f6me treiben Muskeln an. Das Licht in unseren Augen wird umgewandelt, um ein Bild zu erzeugen. Und der Groninger Forscher <a class=\"unactive-link\" href=\"https:\/\/nl.wikipedia.org\/wiki\/Ben_Feringa\" target=\"_blank\" rel=\"noopener noreferrer\">Ben Feringa<\/a> zeigte, dass Zellen Licht brauchen, um N\u00e4hrstoffe aufzunehmen. Daf\u00fcr wurde er 2016 mit dem Nobelpreis f\u00fcr Chemie ausgezeichnet.  <\/p>\n\t\t\t\t\t\t\t\t<\/div>\n\t\t\t\t<\/div>\n\t\t\t\t\t<\/div>\n\t\t<\/div>\n\t\t\t\t<div class=\"elementor-column elementor-col-50 elementor-top-column elementor-element elementor-element-c3656a9\" data-id=\"c3656a9\" data-element_type=\"column\" data-e-type=\"column\">\n\t\t\t<div class=\"elementor-widget-wrap elementor-element-populated\">\n\t\t\t\t\t\t<div class=\"elementor-element elementor-element-0048b7b elementor-widget elementor-widget-heading\" data-id=\"0048b7b\" data-element_type=\"widget\" data-e-type=\"widget\" data-widget_type=\"heading.default\">\n\t\t\t\t<div class=\"elementor-widget-container\">\n\t\t\t\t\t<h3 class=\"elementor-heading-title elementor-size-default\">TED Talk \u00fcber die Funktionsweise von ReadMe und PowerMe von Mauk den Boer<\/h3>\t\t\t\t<\/div>\n\t\t\t\t<\/div>\n\t\t\t\t<div class=\"elementor-element elementor-element-84ced24 elementor-widget elementor-widget-video\" data-id=\"84ced24\" data-element_type=\"widget\" data-e-type=\"widget\" data-settings=\"{&quot;youtube_url&quot;:&quot;https:\\\/\\\/www.youtube.com\\\/watch?v=Ge3xYmPEnH8&quot;,&quot;video_type&quot;:&quot;youtube&quot;,&quot;controls&quot;:&quot;yes&quot;}\" data-widget_type=\"video.default\">\n\t\t\t\t<div class=\"elementor-widget-container\">\n\t\t\t\t\t\t\t<div class=\"elementor-wrapper elementor-open-inline\">\n\t\t\t<div class=\"elementor-video\"><\/div>\t\t<\/div>\n\t\t\t\t\t\t<\/div>\n\t\t\t\t<\/div>\n\t\t\t\t\t<\/div>\n\t\t<\/div>\n\t\t\t\t\t<\/div>\n\t\t<\/section>\n\t\t\t\t<\/div>\n\t\t","protected":false},"excerpt":{"rendered":"<p>unsere einzigartige Raymedy-Therapie Alle Prozesse im K\u00f6rper werden durch Energie gesteuert. Sehr kleine Str\u00f6me treiben Muskeln an. Das Licht in unseren Augen wird umgewandelt, um ein Bild zu erzeugen. Zellen brauchen Licht, um N\u00e4hrstoffe aufzunehmen. Die Wissenschaft hinter diesen Prozessen ist die Wissenschaft hinter Raymedy. Die Raymedy-Therapie basiert auf der Meridian-Theorie der \u00f6stlichen Medizin, kombiniert [&hellip;]<\/p>\n","protected":false},"author":10,"featured_media":18074,"parent":17110,"menu_order":2,"comment_status":"closed","ping_status":"closed","template":"elementor_header_footer","meta":{"site-sidebar-layout":"no-sidebar","site-content-layout":"page-builder","ast-site-content-layout":"default","site-content-style":"default","site-sidebar-style":"default","ast-global-header-display":"","ast-banner-title-visibility":"","ast-main-header-display":"","ast-hfb-above-header-display":"","ast-hfb-below-header-display":"","ast-hfb-mobile-header-display":"","site-post-title":"disabled","ast-breadcrumbs-content":"","ast-featured-img":"disabled","footer-sml-layout":"","ast-disable-related-posts":"","theme-transparent-header-meta":"default","adv-header-id-meta":"","stick-header-meta":"default","header-above-stick-meta":"","header-main-stick-meta":"","header-below-stick-meta":"","astra-migrate-meta-layouts":"set","ast-page-background-enabled":"default","ast-page-background-meta":{"desktop":{"background-color":"","background-image":"","background-repeat":"repeat","background-position":"center center","background-size":"auto","background-attachment":"scroll","background-type":"","background-media":"","overlay-type":"","overlay-color":"","overlay-opacity":"","overlay-gradient":""},"tablet":{"background-color":"","background-image":"","background-repeat":"repeat","background-position":"center center","background-size":"auto","background-attachment":"scroll","background-type":"","background-media":"","overlay-type":"","overlay-color":"","overlay-opacity":"","overlay-gradient":""},"mobile":{"background-color":"","background-image":"","background-repeat":"repeat","background-position":"center center","background-size":"auto","background-attachment":"scroll","background-type":"","background-media":"","overlay-type":"","overlay-color":"","overlay-opacity":"","overlay-gradient":""}},"ast-content-background-meta":{"desktop":{"background-color":"var(--ast-global-color-5)","background-image":"","background-repeat":"repeat","background-position":"center center","background-size":"auto","background-attachment":"scroll","background-type":"","background-media":"","overlay-type":"","overlay-color":"","overlay-opacity":"","overlay-gradient":""},"tablet":{"background-color":"var(--ast-global-color-5)","background-image":"","background-repeat":"repeat","background-position":"center center","background-size":"auto","background-attachment":"scroll","background-type":"","background-media":"","overlay-type":"","overlay-color":"","overlay-opacity":"","overlay-gradient":""},"mobile":{"background-color":"var(--ast-global-color-5)","background-image":"","background-repeat":"repeat","background-position":"center center","background-size":"auto","background-attachment":"scroll","background-type":"","background-media":"","overlay-type":"","overlay-color":"","overlay-opacity":"","overlay-gradient":""}},"footnotes":""},"class_list":["post-18352","page","type-page","status-publish","has-post-thumbnail","hentry"],"_links":{"self":[{"href":"https:\/\/raymedy.com\/de\/wp-json\/wp\/v2\/pages\/18352","targetHints":{"allow":["GET"]}}],"collection":[{"href":"https:\/\/raymedy.com\/de\/wp-json\/wp\/v2\/pages"}],"about":[{"href":"https:\/\/raymedy.com\/de\/wp-json\/wp\/v2\/types\/page"}],"author":[{"embeddable":true,"href":"https:\/\/raymedy.com\/de\/wp-json\/wp\/v2\/users\/10"}],"replies":[{"embeddable":true,"href":"https:\/\/raymedy.com\/de\/wp-json\/wp\/v2\/comments?post=18352"}],"version-history":[{"count":5,"href":"https:\/\/raymedy.com\/de\/wp-json\/wp\/v2\/pages\/18352\/revisions"}],"predecessor-version":[{"id":21389,"href":"https:\/\/raymedy.com\/de\/wp-json\/wp\/v2\/pages\/18352\/revisions\/21389"}],"up":[{"embeddable":true,"href":"https:\/\/raymedy.com\/de\/wp-json\/wp\/v2\/pages\/17110"}],"wp:featuredmedia":[{"embeddable":true,"href":"https:\/\/raymedy.com\/de\/wp-json\/wp\/v2\/media\/18074"}],"wp:attachment":[{"href":"https:\/\/raymedy.com\/de\/wp-json\/wp\/v2\/media?parent=18352"}],"curies":[{"name":"wp","href":"https:\/\/api.w.org\/{rel}","templated":true}]}}