{"id":18402,"date":"2020-03-26T16:41:49","date_gmt":"2020-03-26T16:41:49","guid":{"rendered":"https:\/\/raymedy.com\/haftungsausschluss-cookies\/"},"modified":"2020-03-26T17:16:00","modified_gmt":"2020-03-26T17:16:00","slug":"haftungsausschluss-cookies","status":"publish","type":"page","link":"https:\/\/raymedy.com\/de\/haftungsausschluss-cookies\/","title":{"rendered":"Haftungsausschluss &#038; Cookies"},"content":{"rendered":"<p>[vc_row][vc_column][vc_column_text]<strong>Haftungsausschluss:<\/strong><\/p>\n<p>Die folgenden Nutzungsbedingungen gelten f\u00fcr die Nutzung dieser Website www.raymedy.com. Durch die Nutzung dieser Website haben Sie die Nutzungsbedingungen gelesen und akzeptiert.<\/p>\n<p>&nbsp;<\/p>\n<p><strong>Verwendung von Informationen<\/strong><\/p>\n<p>Raymedy International BV ist bem\u00fcht, auf dieser Website stets richtige und aktuelle Informationen anzubieten. Obwohl diese Informationen mit gr\u00f6\u00dftm\u00f6glicher Sorgfalt zusammengestellt wurden, \u00fcbernimmt Raymedy Int. BV keine Garantie f\u00fcr die Vollst\u00e4ndigkeit, Richtigkeit und Aktualit\u00e4t der bereitgestellten Informationen. Die Informationen auf der Website sind allgemeiner Natur und k\u00f6nnen nicht als Gesundheitsrat oder medizinischer Rat angesehen werden.<\/p>\n<p>Es k\u00f6nnen keine Rechte an den Informationen entlehnt werden. Raymedy International BV \u00fcbernimmt keine Haftung f\u00fcr Sch\u00e4den, die sich aus der Verwendung der Informationen oder der Website ergeben, oder aus Funktionsst\u00f6rungen der Website. Eine Beziehung zwischen Raymedy International BV und dem Benutzer der Website kann nicht automatisch aufgrund des Sendens und Empfangens von Informationen von der Website oder per E-Mail entstehen.<\/p>\n<p>&nbsp;<\/p>\n<p><strong>E-Mail<\/strong><\/p>\n<p>Raymedy International BV garantiert nicht, dass an sie gesendete E-Mails (rechtzeitig) empfangen oder verarbeitet werden, da der rechtzeitige Empfang von E-Mails nicht garantiert werden kann. Die Sicherheit des E-Mail-Verkehrs kann aufgrund der damit verbundenen Sicherheitsrisiken ebenfalls nicht vollst\u00e4ndig gew\u00e4hrleistet werden. Indem Sie die Verschl\u00fcsselung oder den Passwortschutz per E-Mail mit Raymedy International BV akzeptieren, akzeptieren Sie dieses Risiko.<\/p>\n<p>&nbsp;<\/p>\n<p><strong>Hyperlinks<\/strong><\/p>\n<p>Diese Website kann Hyperlinks zu Websites Dritter enthalten. Raymedy International BV hat keinen Einfluss auf Websites Dritter und ist nicht verantwortlich f\u00fcr deren Verf\u00fcgbarkeit oder Inhalt. Raymedy International BV \u00fcbernimmt daher keine Haftung f\u00fcr Sch\u00e4den, die durch die Nutzung von Websites durch Dritte entstehen.<\/p>\n<p>&nbsp;<\/p>\n<p><strong>Rechte an geistigem Eigentum<\/strong><\/p>\n<p>Alle Ver\u00f6ffentlichungen und \u00c4u\u00dferungen von Raymedy International BV unterliegen dem Schutz des Urheberrechts und anderer Schutzgesetze. Ohne die vorherige schriftliche Genehmigung von Raymedy International BV darf nichts aus diesen Ver\u00f6ffentlichungen und Aussagen reproduziert, kopiert oder auf andere Weise ver\u00f6ffentlicht werden, au\u00dfer f\u00fcr den pers\u00f6nlichen und nicht kommerziellen Gebrauch.<\/p>\n<p>&nbsp;<\/p>\n<p><strong>Hinweis <\/strong><\/p>\n<p>Westliche Wissenschaft und Schulmedizin erkennen die Existenz von Meridianen und deren medizinische und sonstige Bedeutung aufgrund fehlender wissenschaftlicher Nachweise im Sinne der Schulmedizin nicht an.<\/p>\n<p>Die Raymedy-Systeme sind Medizinprodukte zur Behandlung bei chronischen Schmerzen, Fibromyalgie, Skelettschmerzen,\u00a0 Migr\u00e4ne und chronischen Beschwerden sowie zur unterst\u00fctzenden Behandlung bei psychischen Erkrankungen wie , PTSS, Depressionen, Angstzust\u00e4nden und damit verbundenen Schlafst\u00f6rungen. Anwendungen der Raymedy Systeme erkennt die Schulmedizin nicht an aufgrund fehlender Nachweise im Sinne der Schulmedizin.[\/vc_column_text][\/vc_column][\/vc_row]<\/p>\n","protected":false},"excerpt":{"rendered":"<p>[vc_row][vc_column][vc_column_text]Haftungsausschluss: Die folgenden Nutzungsbedingungen gelten f\u00fcr die Nutzung dieser Website www.raymedy.com. Durch die Nutzung dieser Website haben Sie die Nutzungsbedingungen gelesen und akzeptiert. &nbsp; Verwendung von Informationen Raymedy International BV ist bem\u00fcht, auf dieser Website stets richtige und aktuelle Informationen anzubieten. Obwohl diese Informationen mit gr\u00f6\u00dftm\u00f6glicher Sorgfalt zusammengestellt wurden, \u00fcbernimmt Raymedy Int. BV keine Garantie [&hellip;]<\/p>\n","protected":false},"author":10,"featured_media":0,"parent":0,"menu_order":999,"comment_status":"closed","ping_status":"closed","template":"tmpl-default.php","meta":{"site-sidebar-layout":"default","site-content-layout":"","ast-site-content-layout":"default","site-content-style":"default","site-sidebar-style":"default","ast-global-header-display":"","ast-banner-title-visibility":"","ast-main-header-display":"","ast-hfb-above-header-display":"","ast-hfb-below-header-display":"","ast-hfb-mobile-header-display":"","site-post-title":"","ast-breadcrumbs-content":"","ast-featured-img":"","footer-sml-layout":"","ast-disable-related-posts":"","theme-transparent-header-meta":"","adv-header-id-meta":"","stick-header-meta":"","header-above-stick-meta":"","header-main-stick-meta":"","header-below-stick-meta":"","astra-migrate-meta-layouts":"default","ast-page-background-enabled":"default","ast-page-background-meta":{"desktop":{"background-color":"","background-image":"","background-repeat":"repeat","background-position":"center center","background-size":"auto","background-attachment":"scroll","background-type":"","background-media":"","overlay-type":"","overlay-color":"","overlay-opacity":"","overlay-gradient":""},"tablet":{"background-color":"","background-image":"","background-repeat":"repeat","background-position":"center center","background-size":"auto","background-attachment":"scroll","background-type":"","background-media":"","overlay-type":"","overlay-color":"","overlay-opacity":"","overlay-gradient":""},"mobile":{"background-color":"","background-image":"","background-repeat":"repeat","background-position":"center center","background-size":"auto","background-attachment":"scroll","background-type":"","background-media":"","overlay-type":"","overlay-color":"","overlay-opacity":"","overlay-gradient":""}},"ast-content-background-meta":{"desktop":{"background-color":"var(--ast-global-color-5)","background-image":"","background-repeat":"repeat","background-position":"center center","background-size":"auto","background-attachment":"scroll","background-type":"","background-media":"","overlay-type":"","overlay-color":"","overlay-opacity":"","overlay-gradient":""},"tablet":{"background-color":"var(--ast-global-color-5)","background-image":"","background-repeat":"repeat","background-position":"center center","background-size":"auto","background-attachment":"scroll","background-type":"","background-media":"","overlay-type":"","overlay-color":"","overlay-opacity":"","overlay-gradient":""},"mobile":{"background-color":"var(--ast-global-color-5)","background-image":"","background-repeat":"repeat","background-position":"center center","background-size":"auto","background-attachment":"scroll","background-type":"","background-media":"","overlay-type":"","overlay-color":"","overlay-opacity":"","overlay-gradient":""}},"footnotes":""},"class_list":["post-18402","page","type-page","status-publish","hentry"],"_links":{"self":[{"href":"https:\/\/raymedy.com\/de\/wp-json\/wp\/v2\/pages\/18402","targetHints":{"allow":["GET"]}}],"collection":[{"href":"https:\/\/raymedy.com\/de\/wp-json\/wp\/v2\/pages"}],"about":[{"href":"https:\/\/raymedy.com\/de\/wp-json\/wp\/v2\/types\/page"}],"author":[{"embeddable":true,"href":"https:\/\/raymedy.com\/de\/wp-json\/wp\/v2\/users\/10"}],"replies":[{"embeddable":true,"href":"https:\/\/raymedy.com\/de\/wp-json\/wp\/v2\/comments?post=18402"}],"version-history":[{"count":3,"href":"https:\/\/raymedy.com\/de\/wp-json\/wp\/v2\/pages\/18402\/revisions"}],"predecessor-version":[{"id":18407,"href":"https:\/\/raymedy.com\/de\/wp-json\/wp\/v2\/pages\/18402\/revisions\/18407"}],"wp:attachment":[{"href":"https:\/\/raymedy.com\/de\/wp-json\/wp\/v2\/media?parent=18402"}],"curies":[{"name":"wp","href":"https:\/\/api.w.org\/{rel}","templated":true}]}}