{"id":18419,"date":"2020-03-26T17:26:30","date_gmt":"2020-03-26T17:26:30","guid":{"rendered":"https:\/\/raymedy.com\/uber-raymedy\/zahlen-und-fakten\/"},"modified":"2023-04-29T07:32:07","modified_gmt":"2023-04-29T07:32:07","slug":"zahlen-und-fakten","status":"publish","type":"page","link":"https:\/\/raymedy.com\/de\/uber-raymedy\/zahlen-und-fakten\/","title":{"rendered":"Fakten und Zahlen"},"content":{"rendered":"\t\t<div data-elementor-type=\"wp-page\" data-elementor-id=\"18419\" class=\"elementor elementor-18419 elementor-17809\" data-elementor-settings=\"{&quot;ha_cmc_init_switcher&quot;:&quot;no&quot;}\" data-elementor-post-type=\"page\">\n\t\t\t\t\t\t<section class=\"elementor-section elementor-top-section elementor-element elementor-element-b346dca elementor-section-boxed elementor-section-height-default elementor-section-height-default\" data-id=\"b346dca\" data-element_type=\"section\" data-e-type=\"section\" data-settings=\"{&quot;_ha_eqh_enable&quot;:false}\">\n\t\t\t\t\t\t<div class=\"elementor-container elementor-column-gap-default\">\n\t\t\t\t\t<div class=\"elementor-column elementor-col-100 elementor-top-column elementor-element elementor-element-e6a79dc\" data-id=\"e6a79dc\" data-element_type=\"column\" data-e-type=\"column\">\n\t\t\t<div class=\"elementor-widget-wrap elementor-element-populated\">\n\t\t\t\t\t\t<div class=\"elementor-element elementor-element-adb1abf elementor-widget elementor-widget-text-editor\" data-id=\"adb1abf\" data-element_type=\"widget\" data-e-type=\"widget\" data-widget_type=\"text-editor.default\">\n\t\t\t\t<div class=\"elementor-widget-container\">\n\t\t\t\t\t\t\t\t\t<div class=\"wpb_column vc_column_container vc_col-sm-12\">\n<div class=\"vc_column-inner \">\n<div class=\"wpb_wrapper\">\n<div class=\"wpb_text_column wpb_content_element \">\n<div class=\"wpb_wrapper\">\n<p><strong>1997:<\/strong><\/p>\n<p>Gr\u00fcndung von Raymedy bv (damals i-Health genannt). Bei den ersten Patienten wurden ultralange Radiowellen eingesetzt, um die Mikroperfusion zu stimulieren. Wir haben seine Auswirkungen in einem Rehabilitationszentrum untersucht. Bei 200 Patienten mit einer Beinl\u00e4hmung (Claudicatio intermittens) verbesserte sich die schmerzfreie Gehstrecke von etwa 120 Metern auf 2.000 Meter. Ein Jahr sp\u00e4ter war diese Verbesserung konstant geblieben. Die Mikrozirkulation in den Unterschenkeln verbesserte sich deutlich. W\u00e4hrend anfangs kein Doppler gemessen wurde, zeigten die Messungen diesen nach 3 Monaten (12 10-min\u00fctige Behandlungen). W\u00e4hrend der Behandlungsserie stieg die Hauttemperatur im Durchschnitt an. 5 Grad. Wenn es offene Beine gab, heilten sie in wenigen Wochen.<\/p>\n<p><strong>1998:<\/strong><\/p>\n<p>Sehr erfolgreiche Behandlung von Patienten mit komplexem regionalen Schmerzsyndrom (auch posttraumatische Dystrophie, Morbus sudeck), einer vegetativen St\u00f6rung, die zu dauerhafter Behinderung f\u00fchren kann und f\u00fcr die es keine andere wirksame, schmerzfreie Behandlung gibt.<\/p>\n<p><strong>1999:<\/strong><\/p>\n<p>Verkauf des ersten Therapiesystems zur Behandlung mit pulsierenden Magnetfeldern. Erlangung eines internationalen Patents f\u00fcr die Vorrichtung zur automatischen Bestimmung wirksamer Behandlungssignale im elektromagnetischen und elektrischen Spektrum mit (Rapid Response) Thermographie.<\/p>\n<p><strong>2000:<\/strong><\/p>\n<p>Erteilung des internationalen Patents f\u00fcr unser computergesteuertes Ger\u00e4t zur Behandlung mit aufeinanderfolgenden, wechselnden Farben.<\/p>\n<p><strong>2001:<\/strong><\/p>\n<p>Das erste System f\u00fcr Meridiandiagnose, Thermografie und Therapie mit Licht und Magnetfeld ist fertig und wir beginnen mit dem Verkauf und der Schulung in den Niederlanden, Deutschland, der Schweiz, \u00d6sterreich und den USA.<\/p>\n<p><strong>2003:<\/strong><\/p>\n<p>Die Software wird durch das Pr\u00e4ventionsmodul erweitert, das auf der Grundlage von Meridianmessungen Ratschl\u00e4ge f\u00fcr die Lebensf\u00fchrung und computergesteuerte Behandlungen von schwachen und nicht regulierenden Meridianen gibt. Das System findet seinen Weg in Spas und renommierte Wellness-Hotels, sogar in S\u00fcdafrika.<\/p>\n<p><strong>2004:<\/strong><\/p>\n<p>Das System zur Behandlung von Patienten zu Hause ist in Europa und den USA patentiert.<\/p>\n<p><strong>2005:<\/strong><\/p>\n<p>Mikrobiologische Studie \u00fcber die Ergebnisse unserer Behandlungen von chronischen Borrelieninfektionen. In allen eindeutig positiven Blutproben wurde nach einigen Behandlungen mittels quantitativer PCR eine deutliche Verringerung der aktiven Borrelien-DNA festgestellt.<\/p>\n<p>Wir sind dabei, die PsyChi-Methode zu entwickeln. Damit lassen sich negative Glaubenss\u00e4tze, S\u00fcchte und schwere emotionale Traumata sehr effektiv behandeln. Diese Erg\u00e4nzung macht das Raymedy-System zu einem ganzheitlichen System im wahrsten Sinne des Wortes, denn es kann sowohl f\u00fcr k\u00f6rperliche als auch f\u00fcr emotionale Probleme eingesetzt werden, und die Wechselwirkung zwischen beiden wird verbl\u00fcffend transparent.<\/p>\n<p><strong>2006:<\/strong><\/p>\n<p>Die von Experten begutachtete Zeitschrift Livestock Science ver\u00f6ffentlicht Forschungsergebnisse \u00fcber den Zusammenhang zwischen Messungen mit unseren Ger\u00e4ten und der Gesundheit von K\u00fchen. Bosma et.al. (2006): Gesundheit der K\u00fche, Impedanz an sechs Akupunkturpunkten und Faktoren der Immunantwort in der Milch. Es wurde gezeigt, dass die Messungen sehr gut mit Gesundheits- und Leistungsparametern (Milchleistung, Eiwei\u00dfgehalt) korrelieren. Unseres Wissens ist dies die umfangreichste Untersuchung auf dem Gebiet der (Elektro-) Akupunktur bei Tieren.<\/p>\n<p><strong>2007:<\/strong><\/p>\n<p>Nachdem einige Vorstandsmitglieder und Lehrer der Internationalen Gesellschaft f\u00fcr Hom\u00f6opathie und Hom\u00f6otoxikologie (IGHH) umfangreiche praktische Erfahrungen mit unserem System gesammelt haben, wird Raymedy eingeladen, Kurse f\u00fcr deren Mitglieder, insbesondere \u00c4rzte, Zahn\u00e4rzte und Apotheker, abzuhalten.<\/p>\n<p><strong>2009:<\/strong><\/p>\n<p>Erweiterung des Systems um die elektronische Bed\u00fcrftigkeitspr\u00fcfung. Dies erm\u00f6glicht eine zuverl\u00e4ssige und schnelle Pr\u00fcfung von therapeutischen Signalen und Wirkstoffen auf ihre stabilisierende Wirkung. Dieser Test ist sowohl schnell erlernbar als auch delegierbar und stellt eine deutliche Verbesserung gegen\u00fcber dem klassischen Elektroakupunktur-Test nach Voll (EAV) dar.<\/p>\n<p><strong>2011:<\/strong><\/p>\n<p>Wir verpflichten uns, Messungen und Therapieergebnisse zu teilen. Diese Daten werden in eine Datenbank eingegeben, auf die jeder Therapeut Zugriff hat. Dies gibt uns einen guten Einblick, wie das System in der Praxis eingesetzt wird und welche Ergebnisse erzielt werden. Diese Daten helfen uns bei der Weiterentwicklung des Systems, bei der (Weiter-)Schulung und der Qualit\u00e4tskontrolle.<\/p>\n<p>Raymedy wird eingeladen, das System auf Kosten der Regierung von Shanghai auf der Weltgesundheitsmesse vorzuf\u00fchren.<\/p>\n<p>Die Ergebnisse der Studie von Dr.med. J. Batke \u00fcber die Auswirkungen der Behandlung von Prostatahyperplasie ver\u00f6ffentlicht werden. 80 % der Probanden erleben eine gro\u00dfe Verbesserung.<\/p>\n<p><strong>2013:<\/strong><\/p>\n<p>Prof. Dr.em. G. Falsone entwickelt das Lebringer Modell: Raymedy bietet neue M\u00f6glichkeiten f\u00fcr Pr\u00e4vention und Gesundheit. Die steirische Landesregierung f\u00f6rdert die Strahlentherapie in Schulen. Die Ergebnisse sind bemerkenswert gut (weniger k\u00f6rperliche Beschwerden (geringere Anf\u00e4lligkeit, weniger Kopfschmerzen, weniger Gelenkbeschwerden, bessere Konzentration), Kinder, Eltern und Lehrer sind begeistert.<\/p>\n<p><strong>2014:<\/strong><\/p>\n<p>Das erste Raymedy-Zentrum wird in Eindhoven er\u00f6ffnet. Mehrere Therapeuten arbeiten unter der Leitung von Mechthild de Leijer. Es ist beabsichtigt, ein Netz von Zentren zu errichten, wenn es sich als erfolgreich erweist.<\/p>\n<p><strong>2015:<\/strong><\/p>\n<p>Begonnen wurde mit der Entwicklung eines Mess- und Aufbereitungssystems f\u00fcr Verbraucherdaten, das \u00fcber eine App f\u00fcr i-phones bedient wird. Im selben Jahr nimmt die Zusammenarbeit mit einem chinesischen Partner Gestalt an.<\/p>\n<p><strong>2016:<\/strong><\/p>\n<p>Wir nehmen am Innovationswettbewerb f\u00fcr medizinische Ger\u00e4te teil, der vom chinesischen Ministerium f\u00fcr Innovation und Informationstechnologie (MIIT) ausgeschrieben wurde, und wir gewinnen! Das wird uns in China Wind geben.<\/p>\n<p><strong>2018:<\/strong><\/p>\n<p>In den Niederlanden werden wir mit dem Verkauf unseres Systems ReadMe und PowerMe f\u00fcr Verbraucher beginnen.<\/p>\n<p><strong>2020:<\/strong><\/p>\n<p>Das Raymedy Centre in Eindhoven feiert sein 5-j\u00e4hriges Bestehen. Sie hat sich zu einer bekannten Adresse entwickelt, die ein breites Spektrum an Beschwerden, sowohl k\u00f6rperlicher als auch seelischer Art, wirksam behandelt.<\/p>\n<\/div>\n<\/div>\n<\/div>\n<\/div>\n<\/div>\n\t\t\t\t\t\t\t\t<\/div>\n\t\t\t\t<\/div>\n\t\t\t\t\t<\/div>\n\t\t<\/div>\n\t\t\t\t\t<\/div>\n\t\t<\/section>\n\t\t\t\t<\/div>\n\t\t","protected":false},"excerpt":{"rendered":"<p>1997: Gr\u00fcndung von Raymedy bv (damals i-Health genannt). Bei den ersten Patienten wurden ultralange Radiowellen eingesetzt, um die Mikroperfusion zu stimulieren. Wir haben seine Auswirkungen in einem Rehabilitationszentrum untersucht. Bei 200 Patienten mit einer Beinl\u00e4hmung (Claudicatio intermittens) verbesserte sich die schmerzfreie Gehstrecke von etwa 120 Metern auf 2.000 Meter. Ein Jahr sp\u00e4ter war diese Verbesserung [&hellip;]<\/p>\n","protected":false},"author":10,"featured_media":18069,"parent":17110,"menu_order":1,"comment_status":"closed","ping_status":"closed","template":"elementor_header_footer","meta":{"site-sidebar-layout":"no-sidebar","site-content-layout":"page-builder","ast-site-content-layout":"default","site-content-style":"default","site-sidebar-style":"default","ast-global-header-display":"","ast-banner-title-visibility":"","ast-main-header-display":"","ast-hfb-above-header-display":"","ast-hfb-below-header-display":"","ast-hfb-mobile-header-display":"","site-post-title":"disabled","ast-breadcrumbs-content":"","ast-featured-img":"disabled","footer-sml-layout":"","ast-disable-related-posts":"","theme-transparent-header-meta":"default","adv-header-id-meta":"","stick-header-meta":"default","header-above-stick-meta":"","header-main-stick-meta":"","header-below-stick-meta":"","astra-migrate-meta-layouts":"default","ast-page-background-enabled":"default","ast-page-background-meta":{"desktop":{"background-color":"","background-image":"","background-repeat":"repeat","background-position":"center center","background-size":"auto","background-attachment":"scroll","background-type":"","background-media":"","overlay-type":"","overlay-color":"","overlay-opacity":"","overlay-gradient":""},"tablet":{"background-color":"","background-image":"","background-repeat":"repeat","background-position":"center center","background-size":"auto","background-attachment":"scroll","background-type":"","background-media":"","overlay-type":"","overlay-color":"","overlay-opacity":"","overlay-gradient":""},"mobile":{"background-color":"","background-image":"","background-repeat":"repeat","background-position":"center center","background-size":"auto","background-attachment":"scroll","background-type":"","background-media":"","overlay-type":"","overlay-color":"","overlay-opacity":"","overlay-gradient":""}},"ast-content-background-meta":{"desktop":{"background-color":"var(--ast-global-color-5)","background-image":"","background-repeat":"repeat","background-position":"center center","background-size":"auto","background-attachment":"scroll","background-type":"","background-media":"","overlay-type":"","overlay-color":"","overlay-opacity":"","overlay-gradient":""},"tablet":{"background-color":"var(--ast-global-color-5)","background-image":"","background-repeat":"repeat","background-position":"center center","background-size":"auto","background-attachment":"scroll","background-type":"","background-media":"","overlay-type":"","overlay-color":"","overlay-opacity":"","overlay-gradient":""},"mobile":{"background-color":"var(--ast-global-color-5)","background-image":"","background-repeat":"repeat","background-position":"center center","background-size":"auto","background-attachment":"scroll","background-type":"","background-media":"","overlay-type":"","overlay-color":"","overlay-opacity":"","overlay-gradient":""}},"footnotes":""},"class_list":["post-18419","page","type-page","status-publish","has-post-thumbnail","hentry"],"_links":{"self":[{"href":"https:\/\/raymedy.com\/de\/wp-json\/wp\/v2\/pages\/18419","targetHints":{"allow":["GET"]}}],"collection":[{"href":"https:\/\/raymedy.com\/de\/wp-json\/wp\/v2\/pages"}],"about":[{"href":"https:\/\/raymedy.com\/de\/wp-json\/wp\/v2\/types\/page"}],"author":[{"embeddable":true,"href":"https:\/\/raymedy.com\/de\/wp-json\/wp\/v2\/users\/10"}],"replies":[{"embeddable":true,"href":"https:\/\/raymedy.com\/de\/wp-json\/wp\/v2\/comments?post=18419"}],"version-history":[{"count":3,"href":"https:\/\/raymedy.com\/de\/wp-json\/wp\/v2\/pages\/18419\/revisions"}],"predecessor-version":[{"id":20072,"href":"https:\/\/raymedy.com\/de\/wp-json\/wp\/v2\/pages\/18419\/revisions\/20072"}],"up":[{"embeddable":true,"href":"https:\/\/raymedy.com\/de\/wp-json\/wp\/v2\/pages\/17110"}],"wp:featuredmedia":[{"embeddable":true,"href":"https:\/\/raymedy.com\/de\/wp-json\/wp\/v2\/media\/18069"}],"wp:attachment":[{"href":"https:\/\/raymedy.com\/de\/wp-json\/wp\/v2\/media?parent=18419"}],"curies":[{"name":"wp","href":"https:\/\/api.w.org\/{rel}","templated":true}]}}