{"id":19904,"date":"2019-09-20T17:46:15","date_gmt":"2019-09-20T17:46:15","guid":{"rendered":"http:\/\/raymedy.sandervogels.com\/leben-ohne-schmerzen\/"},"modified":"2023-04-29T06:23:43","modified_gmt":"2023-04-29T06:23:43","slug":"leben-ohne-schmerzen","status":"publish","type":"page","link":"https:\/\/raymedy.com\/de\/leben-ohne-schmerzen\/","title":{"rendered":"Leben ohne Schmerzen"},"content":{"rendered":"\t\t<div data-elementor-type=\"wp-page\" data-elementor-id=\"19904\" class=\"elementor elementor-19904 elementor-17698\" data-elementor-settings=\"{&quot;ha_cmc_init_switcher&quot;:&quot;no&quot;}\" data-elementor-post-type=\"page\">\n\t\t\t\t\t\t<section class=\"elementor-section elementor-top-section elementor-element elementor-element-a506dfd elementor-section-boxed elementor-section-height-default elementor-section-height-default\" data-id=\"a506dfd\" data-element_type=\"section\" data-e-type=\"section\" data-settings=\"{&quot;_ha_eqh_enable&quot;:false}\">\n\t\t\t\t\t\t<div class=\"elementor-container elementor-column-gap-default\">\n\t\t\t\t\t<div class=\"elementor-column elementor-col-100 elementor-top-column elementor-element elementor-element-6b6924e\" data-id=\"6b6924e\" data-element_type=\"column\" data-e-type=\"column\">\n\t\t\t<div class=\"elementor-widget-wrap elementor-element-populated\">\n\t\t\t\t\t\t<div class=\"elementor-element elementor-element-b0f41ef elementor-widget elementor-widget-heading\" data-id=\"b0f41ef\" data-element_type=\"widget\" data-e-type=\"widget\" data-widget_type=\"heading.default\">\n\t\t\t\t<div class=\"elementor-widget-container\">\n\t\t\t\t\t<h2 class=\"elementor-heading-title elementor-size-default\">  care can!  <\/h2>\t\t\t\t<\/div>\n\t\t\t\t<\/div>\n\t\t\t\t<div class=\"elementor-element elementor-element-bc71c86 elementor-widget elementor-widget-heading\" data-id=\"bc71c86\" data-element_type=\"widget\" data-e-type=\"widget\" data-widget_type=\"heading.default\">\n\t\t\t\t<div class=\"elementor-widget-container\">\n\t\t\t\t\t<h3 class=\"elementor-heading-title elementor-size-default\">Deshalb betrachten wir Ihre Gesundheit mit einem offenen und umfassenden Blick. Sie sind nur etwas breiter gef\u00e4chert, als Sie es vom allgemeinen Gesundheitswesen gewohnt sind.<\/h3>\t\t\t\t<\/div>\n\t\t\t\t<\/div>\n\t\t\t\t<div class=\"elementor-element elementor-element-9229e1c elementor-widget elementor-widget-image\" data-id=\"9229e1c\" data-element_type=\"widget\" data-e-type=\"widget\" data-widget_type=\"image.default\">\n\t\t\t\t<div class=\"elementor-widget-container\">\n\t\t\t\t\t\t\t\t\t\t\t\t\t\t\t<img decoding=\"async\" width=\"105\" height=\"118\" src=\"https:\/\/raymedy.com\/wp-content\/uploads\/2019\/02\/favicon-groot.png\" class=\"attachment-full size-full wp-image-18723\" alt=\"\" srcset=\"https:\/\/raymedy.com\/wp-content\/uploads\/2019\/02\/favicon-groot.png 105w, https:\/\/raymedy.com\/wp-content\/uploads\/2019\/02\/favicon-groot-62x70.png 62w\" sizes=\"(max-width: 105px) 100vw, 105px\" \/>\t\t\t\t\t\t\t\t\t\t\t\t\t\t\t<\/div>\n\t\t\t\t<\/div>\n\t\t\t\t\t<\/div>\n\t\t<\/div>\n\t\t\t\t\t<\/div>\n\t\t<\/section>\n\t\t\t\t<section class=\"elementor-section elementor-top-section elementor-element elementor-element-9f07d9f elementor-section-boxed elementor-section-height-default elementor-section-height-default\" data-id=\"9f07d9f\" data-element_type=\"section\" data-e-type=\"section\" data-settings=\"{&quot;_ha_eqh_enable&quot;:false}\">\n\t\t\t\t\t\t<div class=\"elementor-container elementor-column-gap-default\">\n\t\t\t\t\t<div class=\"elementor-column elementor-col-50 elementor-top-column elementor-element elementor-element-1726f18\" data-id=\"1726f18\" data-element_type=\"column\" data-e-type=\"column\">\n\t\t\t<div class=\"elementor-widget-wrap elementor-element-populated\">\n\t\t\t\t\t\t<div class=\"elementor-element elementor-element-6f0d464 elementor-widget elementor-widget-text-editor\" data-id=\"6f0d464\" data-element_type=\"widget\" data-e-type=\"widget\" data-widget_type=\"text-editor.default\">\n\t\t\t\t<div class=\"elementor-widget-container\">\n\t\t\t\t\t\t\t\t\t<h3>Voneinander lernen<\/h3>\n<p>Die westliche und die \u00f6stliche Medizin werden immer vertrauter miteinander. Die alte Energiemedizin, die auf Chi, Yin und Yang und den 5 Elementen basiert, und die westliche Wissenschaft n\u00e4hern sich einander an.<\/p>\n<p><b>Nobelpreis f\u00fcr Physiologie oder Medizin im Jahr 1924<\/b><\/p>\n<p>Bereits 1901 erfand der niederl\u00e4ndische Arzt Willem Einthoven das Saitengalvanometer. Dies war das erste Instrument, das die winzigen, vom Herzen erzeugten Stromst\u00f6\u00dfe aufsp\u00fcren konnte. F\u00fcr diese Erfindung und die Weiterentwicklung der Elektrokardiographie (EKG) erhielt <a class=\"unactive-link\" href=\"https:\/\/nl.wikipedia.org\/wiki\/Willem_Einthoven\" target=\"_blank\" rel=\"noopener noreferrer\">Einthoven 1924 den Nobelpreis f\u00fcr Physiologie oder Medizin.<\/a><\/p>\n<p><b>Bedeutung von Energie und Licht wissenschaftlich belegt<\/b><\/p>\n<p>Wir alle wissen, dass die Prozesse im K\u00f6rper durch Energie gesteuert werden. Sehr kleine Str\u00f6me treiben Muskeln an. Das Licht in unseren Augen wird umgewandelt, um ein Bild zu erzeugen. Und der Groninger Forscher <a class=\"unactive-link\" href=\"https:\/\/nl.wikipedia.org\/wiki\/Ben_Feringa\" target=\"_blank\" rel=\"noopener noreferrer\">Ben Feringa<\/a> zeigte, dass Zellen Licht brauchen, um N\u00e4hrstoffe aufzunehmen. Daf\u00fcr wurde er 2016 mit dem Nobelpreis f\u00fcr Chemie ausgezeichnet.<\/p>\n\t\t\t\t\t\t\t\t<\/div>\n\t\t\t\t<\/div>\n\t\t\t\t\t<\/div>\n\t\t<\/div>\n\t\t\t\t<div class=\"elementor-column elementor-col-50 elementor-top-column elementor-element elementor-element-b9d1e88\" data-id=\"b9d1e88\" data-element_type=\"column\" data-e-type=\"column\">\n\t\t\t<div class=\"elementor-widget-wrap elementor-element-populated\">\n\t\t\t\t\t\t<div class=\"elementor-element elementor-element-d1e9f0e elementor-widget elementor-widget-text-editor\" data-id=\"d1e9f0e\" data-element_type=\"widget\" data-e-type=\"widget\" data-widget_type=\"text-editor.default\">\n\t\t\t\t<div class=\"elementor-widget-container\">\n\t\t\t\t\t\t\t\t\t<p>[enormail_form form_id=&#8220;1&#8243;]<\/p>\n\t\t\t\t\t\t\t\t<\/div>\n\t\t\t\t<\/div>\n\t\t\t\t\t<\/div>\n\t\t<\/div>\n\t\t\t\t\t<\/div>\n\t\t<\/section>\n\t\t\t\t<\/div>\n\t\t","protected":false},"excerpt":{"rendered":"<p>care can! Deshalb betrachten wir Ihre Gesundheit mit einem offenen und umfassenden Blick. Sie sind nur etwas breiter gef\u00e4chert, als Sie es vom allgemeinen Gesundheitswesen gewohnt sind. Voneinander lernen Die westliche und die \u00f6stliche Medizin werden immer vertrauter miteinander. Die alte Energiemedizin, die auf Chi, Yin und Yang und den 5 Elementen basiert, und die [&hellip;]<\/p>\n","protected":false},"author":10,"featured_media":0,"parent":0,"menu_order":0,"comment_status":"closed","ping_status":"closed","template":"elementor_header_footer","meta":{"site-sidebar-layout":"no-sidebar","site-content-layout":"page-builder","ast-site-content-layout":"default","site-content-style":"default","site-sidebar-style":"default","ast-global-header-display":"","ast-banner-title-visibility":"","ast-main-header-display":"","ast-hfb-above-header-display":"","ast-hfb-below-header-display":"","ast-hfb-mobile-header-display":"","site-post-title":"disabled","ast-breadcrumbs-content":"","ast-featured-img":"disabled","footer-sml-layout":"","ast-disable-related-posts":"","theme-transparent-header-meta":"default","adv-header-id-meta":"","stick-header-meta":"default","header-above-stick-meta":"","header-main-stick-meta":"","header-below-stick-meta":"","astra-migrate-meta-layouts":"default","ast-page-background-enabled":"default","ast-page-background-meta":{"desktop":{"background-color":"","background-image":"","background-repeat":"repeat","background-position":"center center","background-size":"auto","background-attachment":"scroll","background-type":"","background-media":"","overlay-type":"","overlay-color":"","overlay-opacity":"","overlay-gradient":""},"tablet":{"background-color":"","background-image":"","background-repeat":"repeat","background-position":"center center","background-size":"auto","background-attachment":"scroll","background-type":"","background-media":"","overlay-type":"","overlay-color":"","overlay-opacity":"","overlay-gradient":""},"mobile":{"background-color":"","background-image":"","background-repeat":"repeat","background-position":"center center","background-size":"auto","background-attachment":"scroll","background-type":"","background-media":"","overlay-type":"","overlay-color":"","overlay-opacity":"","overlay-gradient":""}},"ast-content-background-meta":{"desktop":{"background-color":"var(--ast-global-color-5)","background-image":"","background-repeat":"repeat","background-position":"center center","background-size":"auto","background-attachment":"scroll","background-type":"","background-media":"","overlay-type":"","overlay-color":"","overlay-opacity":"","overlay-gradient":""},"tablet":{"background-color":"var(--ast-global-color-5)","background-image":"","background-repeat":"repeat","background-position":"center center","background-size":"auto","background-attachment":"scroll","background-type":"","background-media":"","overlay-type":"","overlay-color":"","overlay-opacity":"","overlay-gradient":""},"mobile":{"background-color":"var(--ast-global-color-5)","background-image":"","background-repeat":"repeat","background-position":"center center","background-size":"auto","background-attachment":"scroll","background-type":"","background-media":"","overlay-type":"","overlay-color":"","overlay-opacity":"","overlay-gradient":""}},"footnotes":""},"class_list":["post-19904","page","type-page","status-publish","hentry"],"_links":{"self":[{"href":"https:\/\/raymedy.com\/de\/wp-json\/wp\/v2\/pages\/19904","targetHints":{"allow":["GET"]}}],"collection":[{"href":"https:\/\/raymedy.com\/de\/wp-json\/wp\/v2\/pages"}],"about":[{"href":"https:\/\/raymedy.com\/de\/wp-json\/wp\/v2\/types\/page"}],"author":[{"embeddable":true,"href":"https:\/\/raymedy.com\/de\/wp-json\/wp\/v2\/users\/10"}],"replies":[{"embeddable":true,"href":"https:\/\/raymedy.com\/de\/wp-json\/wp\/v2\/comments?post=19904"}],"version-history":[{"count":2,"href":"https:\/\/raymedy.com\/de\/wp-json\/wp\/v2\/pages\/19904\/revisions"}],"predecessor-version":[{"id":19914,"href":"https:\/\/raymedy.com\/de\/wp-json\/wp\/v2\/pages\/19904\/revisions\/19914"}],"wp:attachment":[{"href":"https:\/\/raymedy.com\/de\/wp-json\/wp\/v2\/media?parent=19904"}],"curies":[{"name":"wp","href":"https:\/\/api.w.org\/{rel}","templated":true}]}}